{"id":762165,"date":"2025-08-28T10:00:00","date_gmt":"2025-08-28T07:00:00","guid":{"rendered":"https:\/\/roveyayinevi.com.tr\/index.php\/urun\/alti-cesit-iliskide-sifa\/"},"modified":"2026-04-15T03:27:12","modified_gmt":"2026-04-15T00:27:12","slug":"alti-cesit-iliskide-sifa","status":"publish","type":"product","link":"https:\/\/roveyayinevi.com.tr\/index.php\/urun\/alti-cesit-iliskide-sifa\/","title":{"rendered":"Alt\u0131 \u00c7e\u015fit \u0130li\u015fkide \u015eifa"},"content":{"rendered":"<p>\u201cHayat bir \u00f6\u011frenme s\u00fcrecidir.\u201d Kendini ele\u015ftirmekten vazge\u00e7ip hatalar\u0131n\u0131, pi\u015fmanl\u0131klar\u0131n\u0131, yaralar\u0131n\u0131, \u00f6fkeni, k\u0131rg\u0131nl\u0131\u011f\u0131n\u0131 affedebilir misin? Ya\u015famla ilk ve en k\u00f6kl\u00fc ba\u011flar\u0131n\u0131n tohumlar\u0131n\u0131 atan anneni ve baban\u0131 yarg\u0131lamaktan ve su\u00e7lamaktan vazge\u00e7ip onlar\u0131 oldu\u011fu gibi kabul edebilir misin? Akranlar\u0131ndan g\u00f6rd\u00fc\u011f\u00fcn zorbal\u0131\u011f\u0131, bu ili\u015fkilerden ald\u0131\u011f\u0131n yaralar\u0131, k\u0131skan\u00e7l\u0131klar\u0131 geride b\u0131rakabilir misin, onlarla girdi\u011fin ama\u00e7s\u0131z ve y\u0131prat\u0131c\u0131 yar\u0131\u015f\u0131 terk edebilir misin? Toplumun bir par\u00e7as\u0131 olmak i\u00e7in kendinden evvel \u00f6tekileri memnun etme \u00e7abas\u0131ndan, ba\u015fkas\u0131 i\u00e7in kendinden vazge\u00e7me al\u0131\u015fkanl\u0131\u011f\u0131ndan kurtulabilir misin? Hayat arkada\u015f\u0131nla, ya\u015fam\u0131n en k\u0131ymetli ve \u00f6\u011fretici yolunu y\u00fcr\u00fcd\u00fc\u011f\u00fcn\u00fc fark edip, onun sana seni aynalad\u0131\u011f\u0131n\u0131 g\u00f6rebilir misin? Yarat\u0131c\u0131yla arandaki ba\u011flar\u0131 yeniden kurmay\u0131, t\u00fcm kalbinle onunla bir olmay\u0131 ister misin? \u0130nsan kendini bilene kadar asl\u0131nda neyi bilir ki? Bu kitap hayat\u0131ndaki ili\u015fkileri yeniden g\u00f6zden ge\u00e7irmene destek olurken ili\u015fkileri iyile\u015ftirmenin ve yeniden sa\u011fl\u0131kla yap\u0131land\u0131rman\u0131n asl\u0131nda hayat\u0131 her y\u00f6n\u00fcyle iyile\u015ftirmek oldu\u011funu da deneyimletecektir. <\/p>\n","protected":false},"excerpt":{"rendered":"<p>\u201cHayat bir \u00f6\u011frenme s\u00fcrecidir.\u201d Kendini ele\u015ftirmekten vazge\u00e7ip hatalar\u0131n\u0131, pi\u015fmanl\u0131klar\u0131n\u0131, yaralar\u0131n\u0131, \u00f6fkeni, k\u0131rg\u0131nl\u0131\u011f\u0131n\u0131 affedebilir misin? Ya\u015famla ilk ve en k\u00f6kl\u00fc ba\u011flar\u0131n\u0131n tohumlar\u0131n\u0131 atan anneni ve baban\u0131 yarg\u0131lamaktan<span class=\"excerpt-hellip\"> [\u2026]<\/span><\/p>\n","protected":false},"featured_media":0,"template":"","meta":{"_monsterinsights_skip_tracking":false,"_monsterinsights_sitenote_active":false,"_monsterinsights_sitenote_note":"","_monsterinsights_sitenote_category":0},"product_brand":[],"product_cat":[12364,12376],"product_tag":[],"class_list":{"0":"post-762165","1":"product","2":"type-product","3":"status-publish","5":"product_cat-genel-konular","6":"product_cat-kisisel-gelisim","7":"pa_cilt-ciltsiz","8":"pa_tur-kitap","9":"pa_yayinevi-destek-yayinlari","10":"pa_yazar-sanem-ozcan","12":"first","13":"instock","14":"sale","15":"shipping-taxable","16":"purchasable","17":"product-type-simple"},"_links":{"self":[{"href":"https:\/\/roveyayinevi.com.tr\/index.php\/wp-json\/wp\/v2\/product\/762165","targetHints":{"allow":["GET"]}}],"collection":[{"href":"https:\/\/roveyayinevi.com.tr\/index.php\/wp-json\/wp\/v2\/product"}],"about":[{"href":"https:\/\/roveyayinevi.com.tr\/index.php\/wp-json\/wp\/v2\/types\/product"}],"wp:attachment":[{"href":"https:\/\/roveyayinevi.com.tr\/index.php\/wp-json\/wp\/v2\/media?parent=762165"}],"wp:term":[{"taxonomy":"product_brand","embeddable":true,"href":"https:\/\/roveyayinevi.com.tr\/index.php\/wp-json\/wp\/v2\/product_brand?post=762165"},{"taxonomy":"product_cat","embeddable":true,"href":"https:\/\/roveyayinevi.com.tr\/index.php\/wp-json\/wp\/v2\/product_cat?post=762165"},{"taxonomy":"product_tag","embeddable":true,"href":"https:\/\/roveyayinevi.com.tr\/index.php\/wp-json\/wp\/v2\/product_tag?post=762165"}],"curies":[{"name":"wp","href":"https:\/\/api.w.org\/{rel}","templated":true}]}}