{"id":762164,"date":"2025-08-28T09:59:58","date_gmt":"2025-08-28T06:59:58","guid":{"rendered":"https:\/\/roveyayinevi.com.tr\/index.php\/urun\/iyilesme\/"},"modified":"2026-04-15T03:27:12","modified_gmt":"2026-04-15T00:27:12","slug":"iyilesme","status":"publish","type":"product","link":"https:\/\/roveyayinevi.com.tr\/index.php\/urun\/iyilesme\/","title":{"rendered":"\u0130yile\u015fme"},"content":{"rendered":"<p>Modern insan hem egosu g\u00fc\u00e7l\u00fc hem de rahats\u0131zd\u0131r. Modern ya\u015fam\u0131n getirdi\u011fi nimetlerden yararlan\u0131rken, k\u00fclfetleri de \u00e7ekmek zorunda kal\u0131r.   Hem egosu ile m\u00fccadele eden hem de g\u00fcr\u00fclt\u00fc kirlili\u011fi, frekans kirlili\u011fi gibi sorunlar ya\u015fayan medrese \u00f6\u011frencisi Jiyan bir cinayete tan\u0131kl\u0131k eder. Hem cinayeti \u00e7\u00f6zecek, hem Niyaz\u2019\u0131n a\u015fk\u0131n\u0131 kazanmaya \u00e7al\u0131\u015facak, hem de Abdurrahman Hoca\u2019n\u0131n yol g\u00f6stericili\u011finde kendi nefsini terbiye edecektir\u2026 <\/p>\n","protected":false},"excerpt":{"rendered":"<p>Modern insan hem egosu g\u00fc\u00e7l\u00fc hem de rahats\u0131zd\u0131r. Modern ya\u015fam\u0131n getirdi\u011fi nimetlerden yararlan\u0131rken, k\u00fclfetleri de \u00e7ekmek zorunda kal\u0131r. Hem egosu ile m\u00fccadele eden hem de g\u00fcr\u00fclt\u00fc<span class=\"excerpt-hellip\"> [\u2026]<\/span><\/p>\n","protected":false},"featured_media":0,"template":"","meta":{"_monsterinsights_skip_tracking":false,"_monsterinsights_sitenote_active":false,"_monsterinsights_sitenote_note":"","_monsterinsights_sitenote_category":0},"product_brand":[],"product_cat":[12291,12711],"product_tag":[],"class_list":{"0":"post-762164","1":"product","2":"type-product","3":"status-publish","5":"product_cat-edebiyat","6":"product_cat-roman-oyku","7":"pa_cilt-ciltsiz","8":"pa_tur-kitap","9":"pa_yayinevi-destek-yayinlari","10":"pa_yazar-ugur-becerikli","12":"first","13":"instock","14":"sale","15":"shipping-taxable","16":"purchasable","17":"product-type-simple"},"_links":{"self":[{"href":"https:\/\/roveyayinevi.com.tr\/index.php\/wp-json\/wp\/v2\/product\/762164","targetHints":{"allow":["GET"]}}],"collection":[{"href":"https:\/\/roveyayinevi.com.tr\/index.php\/wp-json\/wp\/v2\/product"}],"about":[{"href":"https:\/\/roveyayinevi.com.tr\/index.php\/wp-json\/wp\/v2\/types\/product"}],"wp:attachment":[{"href":"https:\/\/roveyayinevi.com.tr\/index.php\/wp-json\/wp\/v2\/media?parent=762164"}],"wp:term":[{"taxonomy":"product_brand","embeddable":true,"href":"https:\/\/roveyayinevi.com.tr\/index.php\/wp-json\/wp\/v2\/product_brand?post=762164"},{"taxonomy":"product_cat","embeddable":true,"href":"https:\/\/roveyayinevi.com.tr\/index.php\/wp-json\/wp\/v2\/product_cat?post=762164"},{"taxonomy":"product_tag","embeddable":true,"href":"https:\/\/roveyayinevi.com.tr\/index.php\/wp-json\/wp\/v2\/product_tag?post=762164"}],"curies":[{"name":"wp","href":"https:\/\/api.w.org\/{rel}","templated":true}]}}