{"id":762163,"date":"2025-08-28T09:59:56","date_gmt":"2025-08-28T06:59:56","guid":{"rendered":"https:\/\/roveyayinevi.com.tr\/index.php\/urun\/buyuyunce-ne-olacagim-2\/"},"modified":"2026-04-15T03:27:12","modified_gmt":"2026-04-15T00:27:12","slug":"buyuyunce-ne-olacagim-2","status":"publish","type":"product","link":"https:\/\/roveyayinevi.com.tr\/index.php\/urun\/buyuyunce-ne-olacagim-2\/","title":{"rendered":"B\u00fcy\u00fcy\u00fcnce Ne Olaca\u011f\u0131m?"},"content":{"rendered":"<p>B\u00fcy\u00fcy\u00fcnce ne olmak istersin? Doktor mu m\u00fchendis mi yoksa astronot mu? Unutma, bug\u00fcn hayal ettiklerin bir g\u00fcn ger\u00e7ek olabilir. Sen yeter ki iste!<\/p>\n","protected":false},"excerpt":{"rendered":"<p>B\u00fcy\u00fcy\u00fcnce ne olmak istersin? Doktor mu m\u00fchendis mi yoksa astronot mu? Unutma, bug\u00fcn hayal ettiklerin bir g\u00fcn ger\u00e7ek olabilir. Sen yeter ki iste!<\/p>\n","protected":false},"featured_media":0,"template":"","meta":{"_monsterinsights_skip_tracking":false,"_monsterinsights_sitenote_active":false,"_monsterinsights_sitenote_note":"","_monsterinsights_sitenote_category":0},"product_brand":[],"product_cat":[12274,12518],"product_tag":[],"class_list":{"0":"post-762163","1":"product","2":"type-product","3":"status-publish","5":"product_cat-cocuk-ve-genclik-kitaplari","6":"product_cat-okul-oncesi-kitaplar","7":"pa_cilt-ciltsiz","8":"pa_tur-kitap","9":"pa_yayinevi-is-bankasi-kultur-yayinlari","10":"pa_yazar-frances-stickley","12":"first","13":"instock","14":"sale","15":"shipping-taxable","16":"purchasable","17":"product-type-simple"},"_links":{"self":[{"href":"https:\/\/roveyayinevi.com.tr\/index.php\/wp-json\/wp\/v2\/product\/762163","targetHints":{"allow":["GET"]}}],"collection":[{"href":"https:\/\/roveyayinevi.com.tr\/index.php\/wp-json\/wp\/v2\/product"}],"about":[{"href":"https:\/\/roveyayinevi.com.tr\/index.php\/wp-json\/wp\/v2\/types\/product"}],"wp:attachment":[{"href":"https:\/\/roveyayinevi.com.tr\/index.php\/wp-json\/wp\/v2\/media?parent=762163"}],"wp:term":[{"taxonomy":"product_brand","embeddable":true,"href":"https:\/\/roveyayinevi.com.tr\/index.php\/wp-json\/wp\/v2\/product_brand?post=762163"},{"taxonomy":"product_cat","embeddable":true,"href":"https:\/\/roveyayinevi.com.tr\/index.php\/wp-json\/wp\/v2\/product_cat?post=762163"},{"taxonomy":"product_tag","embeddable":true,"href":"https:\/\/roveyayinevi.com.tr\/index.php\/wp-json\/wp\/v2\/product_tag?post=762163"}],"curies":[{"name":"wp","href":"https:\/\/api.w.org\/{rel}","templated":true}]}}