{"id":762162,"date":"2025-08-28T09:59:55","date_gmt":"2025-08-28T06:59:55","guid":{"rendered":"https:\/\/roveyayinevi.com.tr\/index.php\/urun\/merakli-civciv\/"},"modified":"2026-04-15T03:27:12","modified_gmt":"2026-04-15T00:27:12","slug":"merakli-civciv","status":"publish","type":"product","link":"https:\/\/roveyayinevi.com.tr\/index.php\/urun\/merakli-civciv\/","title":{"rendered":"Merakl\u0131 Civciv"},"content":{"rendered":"<p>Merakl\u0131 Civciv\u2019in ba\u015f\u0131na bir me\u015fe palamudu d\u00fc\u015fm\u00fc\u015f. Merakl\u0131 Civciv, g\u00f6ky\u00fcz\u00fcn\u00fcn yere inece\u011fini sanm\u0131\u015f ve bu durumu krala haber vermek \u00fczere yola koyulmu\u015f. Yolda kar\u015f\u0131la\u015ft\u0131\u011f\u0131 hayvanlar da ona e\u015flik etmi\u015fler ve bu maceran\u0131n sonunda \u00e7ok \u00f6nemli bir \u015fey \u00f6\u011frenmi\u015fler. Her duydu\u011fumuza hemen inanmaman\u0131n, her bilgiyi ak\u0131l s\u00fczgecinden ge\u00e7irmenin \u00f6nemini anlatan bu klasik masal, minikler i\u00e7in uyarland\u0131 ve resimlendi.<\/p>\n","protected":false},"excerpt":{"rendered":"<p>Merakl\u0131 Civciv\u2019in ba\u015f\u0131na bir me\u015fe palamudu d\u00fc\u015fm\u00fc\u015f. Merakl\u0131 Civciv, g\u00f6ky\u00fcz\u00fcn\u00fcn yere inece\u011fini sanm\u0131\u015f ve bu durumu krala haber vermek \u00fczere yola koyulmu\u015f. Yolda kar\u015f\u0131la\u015ft\u0131\u011f\u0131 hayvanlar da<span class=\"excerpt-hellip\"> [\u2026]<\/span><\/p>\n","protected":false},"featured_media":0,"template":"","meta":{"_monsterinsights_skip_tracking":false,"_monsterinsights_sitenote_active":false,"_monsterinsights_sitenote_note":"","_monsterinsights_sitenote_category":0},"product_brand":[],"product_cat":[12274,12518],"product_tag":[],"class_list":{"0":"post-762162","1":"product","2":"type-product","3":"status-publish","5":"product_cat-cocuk-ve-genclik-kitaplari","6":"product_cat-okul-oncesi-kitaplar","7":"pa_cilt-ciltsiz","8":"pa_tur-kitap","9":"pa_yayinevi-is-bankasi-kultur-yayinlari","10":"pa_yazar-oakley-graham","12":"first","13":"instock","14":"sale","15":"shipping-taxable","16":"purchasable","17":"product-type-simple"},"_links":{"self":[{"href":"https:\/\/roveyayinevi.com.tr\/index.php\/wp-json\/wp\/v2\/product\/762162","targetHints":{"allow":["GET"]}}],"collection":[{"href":"https:\/\/roveyayinevi.com.tr\/index.php\/wp-json\/wp\/v2\/product"}],"about":[{"href":"https:\/\/roveyayinevi.com.tr\/index.php\/wp-json\/wp\/v2\/types\/product"}],"wp:attachment":[{"href":"https:\/\/roveyayinevi.com.tr\/index.php\/wp-json\/wp\/v2\/media?parent=762162"}],"wp:term":[{"taxonomy":"product_brand","embeddable":true,"href":"https:\/\/roveyayinevi.com.tr\/index.php\/wp-json\/wp\/v2\/product_brand?post=762162"},{"taxonomy":"product_cat","embeddable":true,"href":"https:\/\/roveyayinevi.com.tr\/index.php\/wp-json\/wp\/v2\/product_cat?post=762162"},{"taxonomy":"product_tag","embeddable":true,"href":"https:\/\/roveyayinevi.com.tr\/index.php\/wp-json\/wp\/v2\/product_tag?post=762162"}],"curies":[{"name":"wp","href":"https:\/\/api.w.org\/{rel}","templated":true}]}}