{"id":762161,"date":"2025-08-28T09:59:53","date_gmt":"2025-08-28T06:59:53","guid":{"rendered":"https:\/\/roveyayinevi.com.tr\/index.php\/urun\/neseli-banyo-saati\/"},"modified":"2026-04-15T03:27:12","modified_gmt":"2026-04-15T00:27:12","slug":"neseli-banyo-saati","status":"publish","type":"product","link":"https:\/\/roveyayinevi.com.tr\/index.php\/urun\/neseli-banyo-saati\/","title":{"rendered":"Ne\u015feli Banyo Saati"},"content":{"rendered":"<p>Minik hipopotam ile banyo zaman\u0131! Minik hipopotam\u0131n annesi k\u00fcveti doldurdu, sabun k\u00f6p\u00fckleri havada u\u00e7u\u015fmaya ba\u015flad\u0131 bile! Oyuncak \u00f6rdek de k\u00fcvete girdi, e\u011flenceli bir banyo i\u00e7in her \u015fey haz\u0131r!                                          \u015e\u0131r\u0131l \u015e\u0131r\u0131l                                                 K\u0131k\u0131r K\u0131k\u0131r                                           Cup Cup <\/p>\n","protected":false},"excerpt":{"rendered":"<p>Minik hipopotam ile banyo zaman\u0131! Minik hipopotam\u0131n annesi k\u00fcveti doldurdu, sabun k\u00f6p\u00fckleri havada u\u00e7u\u015fmaya ba\u015flad\u0131 bile! Oyuncak \u00f6rdek de k\u00fcvete girdi, e\u011flenceli bir banyo i\u00e7in her<span class=\"excerpt-hellip\"> [\u2026]<\/span><\/p>\n","protected":false},"featured_media":0,"template":"","meta":{"_monsterinsights_skip_tracking":false,"_monsterinsights_sitenote_active":false,"_monsterinsights_sitenote_note":"","_monsterinsights_sitenote_category":0},"product_brand":[],"product_cat":[12274,12518],"product_tag":[],"class_list":{"0":"post-762161","1":"product","2":"type-product","3":"status-publish","5":"product_cat-cocuk-ve-genclik-kitaplari","6":"product_cat-okul-oncesi-kitaplar","7":"pa_cilt-ciltsiz","8":"pa_tur-kitap","9":"pa_yayinevi-is-bankasi-kultur-yayinlari","10":"pa_yazar-jamie-french","12":"first","13":"instock","14":"sale","15":"shipping-taxable","16":"purchasable","17":"product-type-simple"},"_links":{"self":[{"href":"https:\/\/roveyayinevi.com.tr\/index.php\/wp-json\/wp\/v2\/product\/762161","targetHints":{"allow":["GET"]}}],"collection":[{"href":"https:\/\/roveyayinevi.com.tr\/index.php\/wp-json\/wp\/v2\/product"}],"about":[{"href":"https:\/\/roveyayinevi.com.tr\/index.php\/wp-json\/wp\/v2\/types\/product"}],"wp:attachment":[{"href":"https:\/\/roveyayinevi.com.tr\/index.php\/wp-json\/wp\/v2\/media?parent=762161"}],"wp:term":[{"taxonomy":"product_brand","embeddable":true,"href":"https:\/\/roveyayinevi.com.tr\/index.php\/wp-json\/wp\/v2\/product_brand?post=762161"},{"taxonomy":"product_cat","embeddable":true,"href":"https:\/\/roveyayinevi.com.tr\/index.php\/wp-json\/wp\/v2\/product_cat?post=762161"},{"taxonomy":"product_tag","embeddable":true,"href":"https:\/\/roveyayinevi.com.tr\/index.php\/wp-json\/wp\/v2\/product_tag?post=762161"}],"curies":[{"name":"wp","href":"https:\/\/api.w.org\/{rel}","templated":true}]}}