{"id":762160,"date":"2025-08-28T09:59:51","date_gmt":"2025-08-28T06:59:51","guid":{"rendered":"https:\/\/roveyayinevi.com.tr\/index.php\/urun\/caglarin-duygulari-ilk-okuma-kitabim\/"},"modified":"2026-04-15T03:27:12","modified_gmt":"2026-04-15T00:27:12","slug":"caglarin-duygulari-ilk-okuma-kitabim","status":"publish","type":"product","link":"https:\/\/roveyayinevi.com.tr\/index.php\/urun\/caglarin-duygulari-ilk-okuma-kitabim\/","title":{"rendered":"\u00c7a\u011flar\u0131n Duygular\u0131 &#8211; \u0130lk Okuma Kitab\u0131m"},"content":{"rendered":"<p>\u00c7a\u011flar a\u011fabeyi F\u0131rat\u2019la birlikte u\u00e7urtma u\u00e7uraca\u011f\u0131 i\u00e7in \u00e7ok sevin\u00e7liydi. U\u00e7urtma g\u00f6ky\u00fcz\u00fcnde s\u00fcz\u00fclmeye ba\u015flay\u0131nca, \u00c7a\u011flar da u\u00e7urtman\u0131n ipini tutmak istedi, ancak a\u011fabeyi bunun i\u00e7in hen\u00fcz k\u00fc\u00e7\u00fck oldu\u011funu s\u00f6yledi. \u00c7a\u011flar kendini bir anda farkl\u0131 duygular i\u00e7inde buldu. \u00c7ocuklar\u0131n duygusal geli\u015fim s\u00fcre\u00e7lerine e\u015flik edecek \u00f6yk\u00fcm\u00fcz\u00fcn sonunda ebeveyn ve \u00e7ocuk geli\u015fim uzmanlar\u0131na y\u00f6nelik bilgiler de bulabilirsiniz. <\/p>\n","protected":false},"excerpt":{"rendered":"<p>\u00c7a\u011flar a\u011fabeyi F\u0131rat\u2019la birlikte u\u00e7urtma u\u00e7uraca\u011f\u0131 i\u00e7in \u00e7ok sevin\u00e7liydi. U\u00e7urtma g\u00f6ky\u00fcz\u00fcnde s\u00fcz\u00fclmeye ba\u015flay\u0131nca, \u00c7a\u011flar da u\u00e7urtman\u0131n ipini tutmak istedi, ancak a\u011fabeyi bunun i\u00e7in hen\u00fcz k\u00fc\u00e7\u00fck oldu\u011funu<span class=\"excerpt-hellip\"> [\u2026]<\/span><\/p>\n","protected":false},"featured_media":0,"template":"","meta":{"_monsterinsights_skip_tracking":false,"_monsterinsights_sitenote_active":false,"_monsterinsights_sitenote_note":"","_monsterinsights_sitenote_category":0},"product_brand":[],"product_cat":[12274,12518],"product_tag":[],"class_list":{"0":"post-762160","1":"product","2":"type-product","3":"status-publish","5":"product_cat-cocuk-ve-genclik-kitaplari","6":"product_cat-okul-oncesi-kitaplar","7":"pa_cilt-ciltsiz","8":"pa_tur-kitap","9":"pa_yayinevi-is-bankasi-kultur-yayinlari","10":"pa_yazar-christian-tielmann","12":"first","13":"instock","14":"sale","15":"shipping-taxable","16":"purchasable","17":"product-type-simple"},"_links":{"self":[{"href":"https:\/\/roveyayinevi.com.tr\/index.php\/wp-json\/wp\/v2\/product\/762160","targetHints":{"allow":["GET"]}}],"collection":[{"href":"https:\/\/roveyayinevi.com.tr\/index.php\/wp-json\/wp\/v2\/product"}],"about":[{"href":"https:\/\/roveyayinevi.com.tr\/index.php\/wp-json\/wp\/v2\/types\/product"}],"wp:attachment":[{"href":"https:\/\/roveyayinevi.com.tr\/index.php\/wp-json\/wp\/v2\/media?parent=762160"}],"wp:term":[{"taxonomy":"product_brand","embeddable":true,"href":"https:\/\/roveyayinevi.com.tr\/index.php\/wp-json\/wp\/v2\/product_brand?post=762160"},{"taxonomy":"product_cat","embeddable":true,"href":"https:\/\/roveyayinevi.com.tr\/index.php\/wp-json\/wp\/v2\/product_cat?post=762160"},{"taxonomy":"product_tag","embeddable":true,"href":"https:\/\/roveyayinevi.com.tr\/index.php\/wp-json\/wp\/v2\/product_tag?post=762160"}],"curies":[{"name":"wp","href":"https:\/\/api.w.org\/{rel}","templated":true}]}}