{"id":762158,"date":"2025-08-28T09:59:48","date_gmt":"2025-08-28T06:59:48","guid":{"rendered":"https:\/\/roveyayinevi.com.tr\/index.php\/urun\/enflasyon-cilt-1\/"},"modified":"2026-04-15T03:27:12","modified_gmt":"2026-04-15T00:27:12","slug":"enflasyon-cilt-1","status":"publish","type":"product","link":"https:\/\/roveyayinevi.com.tr\/index.php\/urun\/enflasyon-cilt-1\/","title":{"rendered":"Enflasyon &#8211; Cilt 1"},"content":{"rendered":"<p>Bu derleme, enflasyona dair literatu\u0308ru\u0308n temel metinlerini i\u00e7eren u\u0308\u00e7 ciltlik bir \u00e7eviri dizisinin ilkini olu\u015fturuyor ve 20. yu\u0308zy\u0131l\u0131n \u00f6nemli iktisat du\u0308\u015fu\u0308nu\u0308rlerinin enflasyon olgusunu nas\u0131l kuramsalla\u015ft\u0131rd\u0131klar\u0131n\u0131 \u00f6rnekleyen makaleleri bir araya getiriyor. Enflasyon ve B\u00fcy\u00fcme Robert J. Barro \u2022 Enflasyon ve Enflasyon Geri Beslemesi Paul Beckerman \u2022 Enflasyon ve \u0130\u015fsizlik \u00dczerine Nobel Konu\u015fmas\u0131 MIlton FrIedman \u2022 Maliyet \u0130ti\u015fi Yan\u0131lg\u0131s\u0131n\u0131n Tarihsel K\u00f6kenleri  Thomas M. Humphery \u2022 Enflasyon Teorilerine Genel Bir Bak\u0131\u015f Harry G. Johnson \u2022 D\u00fcnya Ekonomisinde Enflasyon ve Durgunluk  NIcholas Kaldor \u2022 G\u00f6n\u00fcll\u00fc Tasarruflar ve Enflasyon Mekanizmas\u0131  John Maynard Keynes \u2022 Amerikan Enflasyonunun Kurumsal K\u00f6kleri  Hyman MInsky \u2022 Dengeli Enflasyon Yan\u0131lsamas\u0131   Arthur M. Okun \u2022 Birle\u015fik Krall\u0131k\u2019ta \u0130\u015fsizlik ve Parasal \u00dccretlerin De\u011fi\u015fim Oranlar\u0131 Aras\u0131ndaki \u0130li\u015fki: 1861-1957 WIllIam PhIllIps \u2022 \u0130stihdam, Enflasyon ve B\u00fcy\u00fcme WIllIam PhIlIps \u2022 Ho\u015f Olmayan Parasalc\u0131 Aritmetik   Thomas J. Sargent ve NeIl Wallace \u2022 Enflasyon: Parasal ve Yap\u0131sal Nedenler ve \u00c7areler James TobIn<\/p>\n","protected":false},"excerpt":{"rendered":"<p>Bu derleme, enflasyona dair literatu\u0308ru\u0308n temel metinlerini i\u00e7eren u\u0308\u00e7 ciltlik bir \u00e7eviri dizisinin ilkini olu\u015fturuyor ve 20. yu\u0308zy\u0131l\u0131n \u00f6nemli iktisat du\u0308\u015fu\u0308nu\u0308rlerinin enflasyon olgusunu nas\u0131l kuramsalla\u015ft\u0131rd\u0131klar\u0131n\u0131 \u00f6rnekleyen<span class=\"excerpt-hellip\"> [\u2026]<\/span><\/p>\n","protected":false},"featured_media":0,"template":"","meta":{"_monsterinsights_skip_tracking":false,"_monsterinsights_sitenote_active":false,"_monsterinsights_sitenote_note":"","_monsterinsights_sitenote_category":0},"product_brand":[],"product_cat":[14841,13043],"product_tag":[],"class_list":{"0":"post-762158","1":"product","2":"type-product","3":"status-publish","5":"product_cat-arastirma-inceleme-kuram","6":"product_cat-ekonomi","7":"pa_cilt-ciltsiz","8":"pa_tur-kitap","9":"pa_yayinevi-nika-yayinevi","10":"pa_yazar-yigit-karahanogullari","12":"first","13":"instock","14":"sale","15":"shipping-taxable","16":"purchasable","17":"product-type-simple"},"_links":{"self":[{"href":"https:\/\/roveyayinevi.com.tr\/index.php\/wp-json\/wp\/v2\/product\/762158","targetHints":{"allow":["GET"]}}],"collection":[{"href":"https:\/\/roveyayinevi.com.tr\/index.php\/wp-json\/wp\/v2\/product"}],"about":[{"href":"https:\/\/roveyayinevi.com.tr\/index.php\/wp-json\/wp\/v2\/types\/product"}],"wp:attachment":[{"href":"https:\/\/roveyayinevi.com.tr\/index.php\/wp-json\/wp\/v2\/media?parent=762158"}],"wp:term":[{"taxonomy":"product_brand","embeddable":true,"href":"https:\/\/roveyayinevi.com.tr\/index.php\/wp-json\/wp\/v2\/product_brand?post=762158"},{"taxonomy":"product_cat","embeddable":true,"href":"https:\/\/roveyayinevi.com.tr\/index.php\/wp-json\/wp\/v2\/product_cat?post=762158"},{"taxonomy":"product_tag","embeddable":true,"href":"https:\/\/roveyayinevi.com.tr\/index.php\/wp-json\/wp\/v2\/product_tag?post=762158"}],"curies":[{"name":"wp","href":"https:\/\/api.w.org\/{rel}","templated":true}]}}