{"id":762157,"date":"2025-08-28T09:59:47","date_gmt":"2025-08-28T06:59:47","guid":{"rendered":"https:\/\/roveyayinevi.com.tr\/index.php\/urun\/tip-etigi-kisa-bir-giris\/"},"modified":"2026-04-15T03:27:12","modified_gmt":"2026-04-15T00:27:12","slug":"tip-etigi-kisa-bir-giris","status":"publish","type":"product","link":"https:\/\/roveyayinevi.com.tr\/index.php\/urun\/tip-etigi-kisa-bir-giris\/","title":{"rendered":"T\u0131p Eti\u011fi \u2013 K\u0131sa Bir Giri\u015f"},"content":{"rendered":"<p>\u201cBu kitapta t\u0131p eti\u011finin genetik, modern \u00fcreme teknolojileri, kaynaklar\u0131n da\u011f\u0131t\u0131m\u0131, ruh sa\u011fl\u0131\u011f\u0131, t\u0131p ara\u015ft\u0131rmalar\u0131 gibi alanlardaki katk\u0131lar\u0131n\u0131 ele al\u0131yoruz. B\u00f6l\u00fcmlerin i\u00e7inde, t\u0131p eti\u011finden yararlan\u0131lan farkl\u0131 \u00f6rneklere yer veriyoruz. T\u00fcm b\u00f6l\u00fcmlerin ortak noktas\u0131, ak\u0131l y\u00fcr\u00fctme ve tart\u0131\u015fman\u0131n merkezi \u00f6nem ta\u015f\u0131mas\u0131d\u0131r. T\u0131p eti\u011finin \u00f6z\u00fcnde ak\u0131lc\u0131 bir konu oldu\u011fu kanaatindeyiz; hepimiz ak\u0131l y\u00fcr\u00fctme becerilerimizi geli\u015ftirebilir, etik arg\u00fcmanlar\u0131m\u0131z\u0131 kuvvetlendirmemize yard\u0131mc\u0131 olacak ara\u00e7lar edinebiliriz.\u201d T\u0131p eti\u011fi, \u00f6tanazi gibi zor ahlaki sorulardan sa\u011fl\u0131k kaynaklar\u0131n\u0131n adil da\u011f\u0131l\u0131m\u0131 gibi siyasi kararlara dek uzanan kapsam\u0131yla medyan\u0131n ve halk\u0131n ilgisini \u00e7ekmeye devam ediyor. Alan\u0131n \u00f6nde gelen isimlerinden Tony Hope ve Michael Dunn, ruh sa\u011fl\u0131\u011f\u0131ndan \u00fcreme tedavilerine kadar geni\u015f bir yelpazeyi kapsayan bu etik alan\u0131nda k\u0131lavuz rol\u00fc oynayan ilkeleri ve ak\u0131l y\u00fcr\u00fctme ara\u00e7lar\u0131n\u0131, somut vaka kar\u015f\u0131la\u015ft\u0131rmalar\u0131 e\u015fli\u011finde a\u00e7\u0131kl\u0131yorlar. Pratik uygulamalarda t\u0131p eti\u011fi uzmanl\u0131\u011f\u0131na giderek daha s\u0131k ba\u015fvurulmas\u0131, klinik ortamdaki sa\u011fl\u0131k profesyonellerinin kararlar\u0131n\u0131 destekleyici bir rol oynuyor. K\u00fcreselle\u015fme \u00e7a\u011f\u0131nda t\u0131p eti\u011fi sadece sa\u011fl\u0131k hizmeti uygulamalar\u0131nda de\u011fil, politikalarda ve hukuki kararlarda da giderek daha \u00f6nemli hale geliyor. Oxford \u00dcniversitesi\u2019nin cep kitaplar\u0131 dizisinde yay\u0131nlanm\u0131\u015f bu k\u0131sa giri\u015f kitab\u0131, t\u0131bb\u0131n temelinde yatan etik de\u011ferler hakk\u0131nda d\u00fc\u015f\u00fcnmek i\u00e7in paha bi\u00e7ilmez bir f\u0131rsat sunuyor. <\/p>\n","protected":false},"excerpt":{"rendered":"<p>\u201cBu kitapta t\u0131p eti\u011finin genetik, modern \u00fcreme teknolojileri, kaynaklar\u0131n da\u011f\u0131t\u0131m\u0131, ruh sa\u011fl\u0131\u011f\u0131, t\u0131p ara\u015ft\u0131rmalar\u0131 gibi alanlardaki katk\u0131lar\u0131n\u0131 ele al\u0131yoruz. B\u00f6l\u00fcmlerin i\u00e7inde, t\u0131p eti\u011finden yararlan\u0131lan farkl\u0131 \u00f6rneklere<span class=\"excerpt-hellip\"> [\u2026]<\/span><\/p>\n","protected":false},"featured_media":0,"template":"","meta":{"_monsterinsights_skip_tracking":false,"_monsterinsights_sitenote_active":false,"_monsterinsights_sitenote_note":"","_monsterinsights_sitenote_category":0},"product_brand":[],"product_cat":[13005,38128],"product_tag":[],"class_list":{"0":"post-762157","1":"product","2":"type-product","3":"status-publish","5":"product_cat-bilim-muhendislik","6":"product_cat-tip-bilimleri","7":"pa_cilt-ciltsiz","8":"pa_tur-kitap","9":"pa_yayinevi-is-bankasi-kultur-yayinlari","10":"pa_yazar-michael-dunn-tony-hope","12":"first","13":"instock","14":"sale","15":"shipping-taxable","16":"purchasable","17":"product-type-simple"},"_links":{"self":[{"href":"https:\/\/roveyayinevi.com.tr\/index.php\/wp-json\/wp\/v2\/product\/762157","targetHints":{"allow":["GET"]}}],"collection":[{"href":"https:\/\/roveyayinevi.com.tr\/index.php\/wp-json\/wp\/v2\/product"}],"about":[{"href":"https:\/\/roveyayinevi.com.tr\/index.php\/wp-json\/wp\/v2\/types\/product"}],"wp:attachment":[{"href":"https:\/\/roveyayinevi.com.tr\/index.php\/wp-json\/wp\/v2\/media?parent=762157"}],"wp:term":[{"taxonomy":"product_brand","embeddable":true,"href":"https:\/\/roveyayinevi.com.tr\/index.php\/wp-json\/wp\/v2\/product_brand?post=762157"},{"taxonomy":"product_cat","embeddable":true,"href":"https:\/\/roveyayinevi.com.tr\/index.php\/wp-json\/wp\/v2\/product_cat?post=762157"},{"taxonomy":"product_tag","embeddable":true,"href":"https:\/\/roveyayinevi.com.tr\/index.php\/wp-json\/wp\/v2\/product_tag?post=762157"}],"curies":[{"name":"wp","href":"https:\/\/api.w.org\/{rel}","templated":true}]}}