{"id":762156,"date":"2025-08-28T09:59:45","date_gmt":"2025-08-28T06:59:45","guid":{"rendered":"https:\/\/roveyayinevi.com.tr\/index.php\/urun\/dusmani-yendik-nazime\/"},"modified":"2026-04-15T03:27:12","modified_gmt":"2026-04-15T00:27:12","slug":"dusmani-yendik-nazime","status":"publish","type":"product","link":"https:\/\/roveyayinevi.com.tr\/index.php\/urun\/dusmani-yendik-nazime\/","title":{"rendered":"D\u00fc\u015fman\u0131 Yendik Nazime !"},"content":{"rendered":"<p>\u201cBurada hamdolsun ben s\u0131hhat ve afiyetteyim. Ordumuzun Allah\u2019\u0131n yard\u0131m\u0131yla muzafferiyeti, b\u00fct\u00fcn endi\u015feleri yok etti\u011finden keyif ve ne\u015femizin hududu yoktur. Yaln\u0131z s\u0131k\u0131ld\u0131\u011f\u0131m nokta, Nazimeci\u011fimden, yavrucuklar\u0131mdan uzak olmakl\u0131\u011f\u0131m ve bu yetmezmi\u015f gibi bir de \u00fcstelik onlardan zaman\u0131nda haber alamamakl\u0131\u011f\u0131md\u0131r. \u015eimdi b\u00fct\u00fcn gayret ve himmetimizi d\u00fc\u015fman\u0131n k\u00fclliyen topraklar\u0131m\u0131zdan at\u0131lmas\u0131na hasretmi\u015f bulunuyoruz. \u0130n\u015fallah bu bela bir an evvel atlat\u0131lm\u0131\u015f olur da \u015fimdiki \u00fcz\u00fcnt\u00fclerin ac\u0131s\u0131n\u0131 \u0130zmirimizde, \u0130stanbulumuzda \u00e7\u0131kar\u0131r\u0131z.\u201d Bu sat\u0131rlar gazeteci ve siyaset\u00e7i Yunus Nadi\u2019nin Sakarya Meydan Muharebesi\u2019nin hemen ard\u0131ndan e\u015fi Nazime Han\u0131m\u2019a yazd\u0131\u011f\u0131 mektuptan k\u0131sa bir b\u00f6l\u00fcm. Yunus Nadi, 1914-1934 y\u0131llar\u0131 aras\u0131nda g\u00f6nderdi\u011fi mektuplarda Birinci D\u00fcnya Sava\u015f\u0131\u2019n\u0131n s\u0131k\u0131nt\u0131l\u0131 g\u00fcnlerinden ba\u015flayarak, Milli M\u00fccadele s\u0131ras\u0131nda BMM\u2019de mebus olarak ge\u00e7irdi\u011fi d\u00f6nemi, Gazi Mustafa Kemal Pa\u015fa ile yak\u0131n ili\u015fkisini, Cumhuriyetin kurulu\u015f s\u00fcrecine tan\u0131kl\u0131\u011f\u0131n\u0131 ve ilk on y\u0131lda ya\u015fananlar hakk\u0131ndaki yorumlar\u0131n\u0131 aktar\u0131yor. Torunu gazeteci Emine U\u015fakl\u0131gil\u2019in yay\u0131na haz\u0131rlad\u0131\u011f\u0131 mektuplarda ayr\u0131ca, Yunus Nadi\u2019nin e\u015fi ve \u00e7ocuklar\u0131na olan \u00f6zlemi, g\u00fcnl\u00fck hayat\u0131nda olup bitenler, gazetecilik faaliyetleri ve yurtd\u0131\u015f\u0131na yapt\u0131\u011f\u0131 seyahatlerden izlenimler yer al\u0131yor. <\/p>\n","protected":false},"excerpt":{"rendered":"<p>\u201cBurada hamdolsun ben s\u0131hhat ve afiyetteyim. Ordumuzun Allah\u2019\u0131n yard\u0131m\u0131yla muzafferiyeti, b\u00fct\u00fcn endi\u015feleri yok etti\u011finden keyif ve ne\u015femizin hududu yoktur. Yaln\u0131z s\u0131k\u0131ld\u0131\u011f\u0131m nokta, Nazimeci\u011fimden, yavrucuklar\u0131mdan uzak olmakl\u0131\u011f\u0131m<span class=\"excerpt-hellip\"> [\u2026]<\/span><\/p>\n","protected":false},"featured_media":0,"template":"","meta":{"_monsterinsights_skip_tracking":false,"_monsterinsights_sitenote_active":false,"_monsterinsights_sitenote_note":"","_monsterinsights_sitenote_category":0},"product_brand":[],"product_cat":[13701,12291],"product_tag":[],"class_list":{"0":"post-762156","1":"product","2":"type-product","3":"status-publish","5":"product_cat-ani-mektup-gunluk","6":"product_cat-edebiyat","7":"pa_cilt-ciltsiz","8":"pa_tur-kitap","9":"pa_yayinevi-is-bankasi-kultur-yayinlari","10":"pa_yazar-emine-usakligil","12":"first","13":"instock","14":"sale","15":"shipping-taxable","16":"purchasable","17":"product-type-simple"},"_links":{"self":[{"href":"https:\/\/roveyayinevi.com.tr\/index.php\/wp-json\/wp\/v2\/product\/762156","targetHints":{"allow":["GET"]}}],"collection":[{"href":"https:\/\/roveyayinevi.com.tr\/index.php\/wp-json\/wp\/v2\/product"}],"about":[{"href":"https:\/\/roveyayinevi.com.tr\/index.php\/wp-json\/wp\/v2\/types\/product"}],"wp:attachment":[{"href":"https:\/\/roveyayinevi.com.tr\/index.php\/wp-json\/wp\/v2\/media?parent=762156"}],"wp:term":[{"taxonomy":"product_brand","embeddable":true,"href":"https:\/\/roveyayinevi.com.tr\/index.php\/wp-json\/wp\/v2\/product_brand?post=762156"},{"taxonomy":"product_cat","embeddable":true,"href":"https:\/\/roveyayinevi.com.tr\/index.php\/wp-json\/wp\/v2\/product_cat?post=762156"},{"taxonomy":"product_tag","embeddable":true,"href":"https:\/\/roveyayinevi.com.tr\/index.php\/wp-json\/wp\/v2\/product_tag?post=762156"}],"curies":[{"name":"wp","href":"https:\/\/api.w.org\/{rel}","templated":true}]}}