{"id":762151,"date":"2025-08-28T09:59:36","date_gmt":"2025-08-28T06:59:36","guid":{"rendered":"https:\/\/roveyayinevi.com.tr\/index.php\/urun\/ama-bu-sadece-bir-oyun\/"},"modified":"2026-04-15T03:27:12","modified_gmt":"2026-04-15T00:27:12","slug":"ama-bu-sadece-bir-oyun","status":"publish","type":"product","link":"https:\/\/roveyayinevi.com.tr\/index.php\/urun\/ama-bu-sadece-bir-oyun\/","title":{"rendered":"Ama Bu Sadece Bir Oyun"},"content":{"rendered":"<p>Ama Bu Sadece Bir Oyun   Art\u0131k her evde bir Jasper var: Ekrana yenik d\u00fc\u015fm\u00fc\u015f veya d\u00fc\u015fmek \u00fczere olan \u00e7ocuklardan birisi de sizin evinizde ya\u015f\u0131yor olabilir\u2026 Jasper\u2019\u0131n hikayesi, bu a\u00e7\u0131dan tan\u0131d\u0131k geliyor. Jasper, ebeveynlerinin ak\u0131lc\u0131 deste\u011fi sayesinde oyun kumandas\u0131n\u0131 hayat kumandas\u0131 ile de\u011fi\u015ftirmeyi ba\u015far\u0131yor. Onun \u00f6yk\u00fcs\u00fc size de yol g\u00f6sterici olabilir. Bu kitap yapay zeka \u00e7a\u011f\u0131nda ekran\u0131n ak\u0131lc\u0131 kullan\u0131m\u0131na giri\u015f i\u00e7in k\u00fc\u00e7\u00fck bir \u00f6ns\u00f6z\u2026 <\/p>\n","protected":false},"excerpt":{"rendered":"<p>Ama Bu Sadece Bir Oyun Art\u0131k her evde bir Jasper var: Ekrana yenik d\u00fc\u015fm\u00fc\u015f veya d\u00fc\u015fmek \u00fczere olan \u00e7ocuklardan birisi de sizin evinizde ya\u015f\u0131yor olabilir\u2026 Jasper\u2019\u0131n<span class=\"excerpt-hellip\"> [\u2026]<\/span><\/p>\n","protected":false},"featured_media":0,"template":"","meta":{"_monsterinsights_skip_tracking":false,"_monsterinsights_sitenote_active":false,"_monsterinsights_sitenote_note":"","_monsterinsights_sitenote_category":0},"product_brand":[],"product_cat":[12274,12284],"product_tag":[],"class_list":{"0":"post-762151","1":"product","2":"type-product","3":"status-publish","5":"product_cat-cocuk-ve-genclik-kitaplari","6":"product_cat-hikayeler","7":"pa_cilt-ciltsiz","8":"pa_tur-kitap","9":"pa_yayinevi-seksek-yayinlari","10":"pa_yazar-julia-cook","12":"first","13":"instock","14":"sale","15":"shipping-taxable","16":"purchasable","17":"product-type-simple"},"_links":{"self":[{"href":"https:\/\/roveyayinevi.com.tr\/index.php\/wp-json\/wp\/v2\/product\/762151","targetHints":{"allow":["GET"]}}],"collection":[{"href":"https:\/\/roveyayinevi.com.tr\/index.php\/wp-json\/wp\/v2\/product"}],"about":[{"href":"https:\/\/roveyayinevi.com.tr\/index.php\/wp-json\/wp\/v2\/types\/product"}],"wp:attachment":[{"href":"https:\/\/roveyayinevi.com.tr\/index.php\/wp-json\/wp\/v2\/media?parent=762151"}],"wp:term":[{"taxonomy":"product_brand","embeddable":true,"href":"https:\/\/roveyayinevi.com.tr\/index.php\/wp-json\/wp\/v2\/product_brand?post=762151"},{"taxonomy":"product_cat","embeddable":true,"href":"https:\/\/roveyayinevi.com.tr\/index.php\/wp-json\/wp\/v2\/product_cat?post=762151"},{"taxonomy":"product_tag","embeddable":true,"href":"https:\/\/roveyayinevi.com.tr\/index.php\/wp-json\/wp\/v2\/product_tag?post=762151"}],"curies":[{"name":"wp","href":"https:\/\/api.w.org\/{rel}","templated":true}]}}