{"id":762142,"date":"2025-08-28T09:59:18","date_gmt":"2025-08-28T06:59:18","guid":{"rendered":"https:\/\/roveyayinevi.com.tr\/index.php\/urun\/jane-austen-cemiyeti\/"},"modified":"2026-04-15T03:27:12","modified_gmt":"2026-04-15T00:27:12","slug":"jane-austen-cemiyeti","status":"publish","type":"product","link":"https:\/\/roveyayinevi.com.tr\/index.php\/urun\/jane-austen-cemiyeti\/","title":{"rendered":"Jane Austen Cemiyeti"},"content":{"rendered":"<p>2020 Goodreads Choice \u00d6d\u00fcl\u00fcTarihi Kurgu ve \u0130lk Romandallar\u0131nda aday!        \u0130kinci D\u00fcnya Sava\u015f\u0131\u2019ndan hemen sonra, k\u00fc\u00e7\u00fck bir \u0130ngiliz k\u00f6y\u00fc olan Chawton\u2019da, s\u0131rad\u0131\u015f\u0131 ama benzer d\u00fc\u015f\u00fcncelere sahip bir grup insan ola\u011fan\u00fcst\u00fc bir \u015fey yapmak i\u00e7in bir araya gelmi\u015fti.      Y\u00fcz elli y\u0131l \u00f6nce Chawton, \u0130ngiltere\u2019nin en iyi romanc\u0131lar\u0131ndan biri olan Jane Austen\u2019\u0131n son eviydi. \u015eimdiyse birka\u00e7 uzak akrabaya ve onlar\u0131n yok olan m\u00fclklerine ev sahipli\u011fi yap\u0131yordu. Austen\u2019\u0131n miras\u0131n\u0131n son par\u00e7as\u0131 da tehdit alt\u0131ndayken birbirinden farkl\u0131 bir grup insan hem Jane Austen\u2019\u0131n evini hem de miras\u0131n\u0131 korumaya kararl\u0131yd\u0131.      Bir \u00e7ift\u00e7i, gen\u00e7 bir dul, kasaban\u0131n doktoru, ailenin resmi avukat\u0131,  malik\u00e2nenin gen\u00e7 hizmetk\u00e2r\u0131 ve bir film y\u0131ld\u0131z\u0131ndan olu\u015fan bu ilgin\u00e7 cemiyetteki insanlar birbirlerinden \u00e7ok farkl\u0131 olsalar da Austen\u2019\u0131n eserlerine ve s\u00f6zlerine duyduklar\u0131 sevgide birle\u015fmi\u015flerdi. Her biri, k\u00e2h yak\u0131n zamandaki sava\u015ftan k\u00e2h daha uzak trajedilerden kaynaklanan kay\u0131p ve travmalarla kendi sessiz m\u00fccadelelerini s\u00fcrd\u00fcr\u00fcrken kader onlar\u0131 Jane Austen Cemiyeti\u2019ni kurmak i\u00e7in bir araya getirecekti.<\/p>\n","protected":false},"excerpt":{"rendered":"<p>2020 Goodreads Choice \u00d6d\u00fcl\u00fcTarihi Kurgu ve \u0130lk Romandallar\u0131nda aday! \u0130kinci D\u00fcnya Sava\u015f\u0131\u2019ndan hemen sonra, k\u00fc\u00e7\u00fck bir \u0130ngiliz k\u00f6y\u00fc olan Chawton\u2019da, s\u0131rad\u0131\u015f\u0131 ama benzer d\u00fc\u015f\u00fcncelere sahip bir<span class=\"excerpt-hellip\"> [\u2026]<\/span><\/p>\n","protected":false},"featured_media":0,"template":"","meta":{"_monsterinsights_skip_tracking":false,"_monsterinsights_sitenote_active":false,"_monsterinsights_sitenote_note":"","_monsterinsights_sitenote_category":0},"product_brand":[],"product_cat":[12291,12745],"product_tag":[],"class_list":{"0":"post-762142","1":"product","2":"type-product","3":"status-publish","5":"product_cat-edebiyat","6":"product_cat-tarihi-roman","7":"pa_cilt-ciltsiz","8":"pa_tur-kitap","9":"pa_yayinevi-epsilon-yayinlari","10":"pa_yazar-natalie-jenner","12":"first","13":"instock","14":"sale","15":"shipping-taxable","16":"purchasable","17":"product-type-simple"},"_links":{"self":[{"href":"https:\/\/roveyayinevi.com.tr\/index.php\/wp-json\/wp\/v2\/product\/762142","targetHints":{"allow":["GET"]}}],"collection":[{"href":"https:\/\/roveyayinevi.com.tr\/index.php\/wp-json\/wp\/v2\/product"}],"about":[{"href":"https:\/\/roveyayinevi.com.tr\/index.php\/wp-json\/wp\/v2\/types\/product"}],"wp:attachment":[{"href":"https:\/\/roveyayinevi.com.tr\/index.php\/wp-json\/wp\/v2\/media?parent=762142"}],"wp:term":[{"taxonomy":"product_brand","embeddable":true,"href":"https:\/\/roveyayinevi.com.tr\/index.php\/wp-json\/wp\/v2\/product_brand?post=762142"},{"taxonomy":"product_cat","embeddable":true,"href":"https:\/\/roveyayinevi.com.tr\/index.php\/wp-json\/wp\/v2\/product_cat?post=762142"},{"taxonomy":"product_tag","embeddable":true,"href":"https:\/\/roveyayinevi.com.tr\/index.php\/wp-json\/wp\/v2\/product_tag?post=762142"}],"curies":[{"name":"wp","href":"https:\/\/api.w.org\/{rel}","templated":true}]}}