{"id":762141,"date":"2025-08-28T09:59:17","date_gmt":"2025-08-28T06:59:17","guid":{"rendered":"https:\/\/roveyayinevi.com.tr\/index.php\/urun\/artvin-daglardan-denize\/"},"modified":"2026-04-15T03:27:12","modified_gmt":"2026-04-15T00:27:12","slug":"artvin-daglardan-denize","status":"publish","type":"product","link":"https:\/\/roveyayinevi.com.tr\/index.php\/urun\/artvin-daglardan-denize\/","title":{"rendered":"Artvin &#8211; Da\u011flardan Denize"},"content":{"rendered":"<p>\u201cArtvin, 1980\u2019lerden sonra kurulan \u2018yeni d\u00fcnya d\u00fczeni\u2019nden nasibini, en \u00e7ok tahrip edilen do\u011fas\u0131yla ald\u0131. Do\u011fal kaynaklar\u0131 sermayenin yeni birikim dinamikleri i\u00e7in yeniden ke\u015ffedildi. \u2018Kalk\u0131nma\u2019 b\u00fcy\u00fcl\u00fc s\u00f6zc\u00fc\u011f\u00fcn\u00fcn pe\u015finde \u00c7oruh Nehri \u00fczerinde barajlar, hidroelektrik santraller (HES) kuruldu. Pek \u00e7ok k\u00f6y sadece baraj sular\u0131 alt\u0131nda kalmad\u0131, adeta tarihleriyle ezildi. (\u2026) Bunca y\u0131k\u0131ma ra\u011fmen do\u011fa h\u00e2l\u00e2 c\u00f6mert&#8230; Evet, h\u00e2l\u00e2! Hayranl\u0131k uyand\u0131ran g\u00fczelli\u011fiyle g\u00f6r\u00fclmeye de\u011fer. Biz de haf\u0131zay\u0131 kaybetmeden kaydedelim istedik.\u201d Denizle aras\u0131na duble yolun girdi\u011fi Hopa Deniz Feneri\u2019nin \u00f6yk\u00fcs\u00fc, Artvin\u2019in u\u011frad\u0131\u011f\u0131 alt\u00fcst olu\u015fun timsali gibidir. Fakat Da\u011flardan Denize Artvin, Artvin\u2019i yaln\u0131zca \u201cdo\u011fa olay\u0131\u201d cephesiyle anlatm\u0131yor. Sadece \u00c7oruh kay\u0131klar\u0131yla, bo\u011fa g\u00fcre\u015fleriyle, geleneksel mimariyle, halk oyunlar\u0131yla, m\u00fczik k\u00fclt\u00fcr\u00fcyle bir folklor olay\u0131 olarak da anlatm\u0131yor. Bunlar\u0131 da anlat\u0131yor fakat bunlar\u0131n yan\u0131nda: Etnik co\u011frafyan\u0131n\u2026 Yerel siyasetin ve 1980 \u00f6ncesi devrimci hareketin an\u0131s\u0131n\u0131n\u2026 Artvin \u00f6\u011fretmen okullar\u0131n\u0131n tarihsel ser\u00fcveninin\u2026 Mevsimlik i\u015f\u00e7ilikten yazl\u0131k\u00e7\u0131l\u0131\u011fa gurbet\u00e7ili\u011fin\u2026 G\u00fcndelik hayat\u0131n, insan ve mek\u00e2n\u0131n\u2026 \u201cAh Nata\u015fa!\u201d travmas\u0131n\u0131n da resimlerini \u00e7ekiyor. Ba\u015fl\u0131 ba\u015f\u0131na \u201ckarakter\u201d olan bir diyar\u0131n, kendisi gibi reng\u00e2renk ve kendisi gibi co\u015fkun bir alb\u00fcm\u00fc\u2026 Rah\u015fan \u0130nal\u2019\u0131n derlemesinde ayr\u0131ca Erdo\u011fan Altun, Fatih Artvinli, Taner Artvinli, \u015e\u00fckr\u00fc Aslan, \u015eenay Aydemir, Yeliz Kendir G\u00f6k, \u0130dris Ersan K\u00fc\u00e7\u00fck, Fatih Orhan, Selda Polat H\u00fcsrev\u015fahi, Ay\u015fem Sezer \u015eanl\u0131, Emre Solmaz, \u00d6zlem \u015eendeniz, \u00d6znur Y\u0131lmaz Altun\u2019un yaz\u0131lar\u0131 yer al\u0131yor.<\/p>\n","protected":false},"excerpt":{"rendered":"<p>\u201cArtvin, 1980\u2019lerden sonra kurulan \u2018yeni d\u00fcnya d\u00fczeni\u2019nden nasibini, en \u00e7ok tahrip edilen do\u011fas\u0131yla ald\u0131. Do\u011fal kaynaklar\u0131 sermayenin yeni birikim dinamikleri i\u00e7in yeniden ke\u015ffedildi. \u2018Kalk\u0131nma\u2019 b\u00fcy\u00fcl\u00fc s\u00f6zc\u00fc\u011f\u00fcn\u00fcn<span class=\"excerpt-hellip\"> [\u2026]<\/span><\/p>\n","protected":false},"featured_media":0,"template":"","meta":{"_monsterinsights_skip_tracking":false,"_monsterinsights_sitenote_active":false,"_monsterinsights_sitenote_note":"","_monsterinsights_sitenote_category":0},"product_brand":[],"product_cat":[12767,12324],"product_tag":[],"class_list":{"0":"post-762141","1":"product","2":"type-product","3":"status-publish","5":"product_cat-kentlesme-modernlesme","6":"product_cat-sosyoloji","7":"pa_cilt-ciltsiz","8":"pa_tur-kitap","9":"pa_yayinevi-iletisim-yayinlari","10":"pa_yazar-rahsan-inal","12":"first","13":"instock","14":"sale","15":"shipping-taxable","16":"purchasable","17":"product-type-simple"},"_links":{"self":[{"href":"https:\/\/roveyayinevi.com.tr\/index.php\/wp-json\/wp\/v2\/product\/762141","targetHints":{"allow":["GET"]}}],"collection":[{"href":"https:\/\/roveyayinevi.com.tr\/index.php\/wp-json\/wp\/v2\/product"}],"about":[{"href":"https:\/\/roveyayinevi.com.tr\/index.php\/wp-json\/wp\/v2\/types\/product"}],"wp:attachment":[{"href":"https:\/\/roveyayinevi.com.tr\/index.php\/wp-json\/wp\/v2\/media?parent=762141"}],"wp:term":[{"taxonomy":"product_brand","embeddable":true,"href":"https:\/\/roveyayinevi.com.tr\/index.php\/wp-json\/wp\/v2\/product_brand?post=762141"},{"taxonomy":"product_cat","embeddable":true,"href":"https:\/\/roveyayinevi.com.tr\/index.php\/wp-json\/wp\/v2\/product_cat?post=762141"},{"taxonomy":"product_tag","embeddable":true,"href":"https:\/\/roveyayinevi.com.tr\/index.php\/wp-json\/wp\/v2\/product_tag?post=762141"}],"curies":[{"name":"wp","href":"https:\/\/api.w.org\/{rel}","templated":true}]}}