{"id":762140,"date":"2025-08-28T09:59:15","date_gmt":"2025-08-28T06:59:15","guid":{"rendered":"https:\/\/roveyayinevi.com.tr\/index.php\/urun\/eva-peron\/"},"modified":"2026-02-24T03:25:37","modified_gmt":"2026-02-24T00:25:37","slug":"eva-peron","status":"publish","type":"product","link":"https:\/\/roveyayinevi.com.tr\/index.php\/urun\/eva-peron\/","title":{"rendered":"Eva Peron"},"content":{"rendered":"<p>Arjantin\u2019de 1940\u2019lardan 1970\u2019lere kadar h\u00fck\u00fcm s\u00fcren Peronizm, siyasi pop\u00fclizmin modern tarihteki ilk ve en geli\u015fkin modeli say\u0131labilir. Bu bak\u0131mdan, b\u00fct\u00fcn d\u00fcnya i\u00e7in kal\u0131c\u0131 bir deneyim miras\u0131 b\u0131rakm\u0131\u015ft\u0131r. Peronizmin \u201cazizesi\u201d say\u0131lan Eva Per\u00f3n\u2019un hik\u00e2yesi, bu ak\u0131m\u0131n yoksul halk kitlelerini nas\u0131l pe\u015finden s\u00fcr\u00fckledi\u011fini anlaman\u0131n s\u0131rr\u0131n\u0131 sunar. Ursula Prutsch, Eva Per\u00f3n kitab\u0131nda, yoksul bir ta\u015fral\u0131 gen\u00e7 k\u0131z\u0131n, \u201csahneye \u00e7\u0131kma\u201d arzusunun pe\u015finde, nas\u0131l o \u201cazize\u201dye d\u00f6n\u00fc\u015ft\u00fc\u011f\u00fcn\u00fc anlat\u0131yor. Asker\u00ee erilli\u011fi temsil eden General Juan Per\u00f3n\u2019un e\u015fi olarak, m\u00fccadeleci bir di\u015filli\u011fi temsil edi\u015fiyle&#8230; \u201cKendini ulusun \u00e7ocuklar\u0131na adamak u\u011fruna \u00e7ocuk yapmaktan feragat etmi\u015f bir kad\u0131n\u201d kimli\u011fiyle; mazlum, ama ma\u011fdur rol\u00fcn\u00fc kabul etmeyen iradecili\u011fiyle&#8230; \u201c\u015eefkatli, debdebeli, kendine m\u00fcnhas\u0131r ve her kuvvetli pop\u00fcler hareket i\u00e7in vazge\u00e7ilmez olan o yararl\u0131 kabal\u0131\u011f\u0131\u201d ile&#8230; Ba\u015f\u0131n\u0131n \u00fczerine kondurulan Meryem Ana\u2019y\u0131 and\u0131ran haleyle&#8230; \u00d6l\u00fcm\u00fcnden sonra da devam eden, hatta ger\u00e7e\u011finden daha b\u00fcy\u00fck bir global \u015f\u00f6hrete ula\u015fan \u201cEvita\u201d imgesiyle&#8230; Fakat sadece Peronizmi anlamak i\u00e7in okunacak bir kitap de\u011fil bu. \u00c7ok k\u0131r\u0131lgan ve \u00e7ok g\u00fc\u00e7l\u00fc, \u00e7ok duygusal ve \u00e7ok ak\u0131ll\u0131, \u00e7ok ger\u00e7ek ve \u00e7ok kurgu bir kad\u0131n\u0131n etkileyici hayat hik\u00e2yesi.<\/p>\n","protected":false},"excerpt":{"rendered":"<p>Arjantin\u2019de 1940\u2019lardan 1970\u2019lere kadar h\u00fck\u00fcm s\u00fcren Peronizm, siyasi pop\u00fclizmin modern tarihteki ilk ve en geli\u015fkin modeli say\u0131labilir. Bu bak\u0131mdan, b\u00fct\u00fcn d\u00fcnya i\u00e7in kal\u0131c\u0131 bir deneyim miras\u0131<span class=\"excerpt-hellip\"> [\u2026]<\/span><\/p>\n","protected":false},"featured_media":0,"template":"","meta":{"_monsterinsights_skip_tracking":false,"_monsterinsights_sitenote_active":false,"_monsterinsights_sitenote_note":"","_monsterinsights_sitenote_category":0},"product_brand":[],"product_cat":[14009,12291],"product_tag":[],"class_list":{"0":"post-762140","1":"product","2":"type-product","3":"status-publish","5":"product_cat-biyografi-otobiyografi-edebiyat","6":"product_cat-edebiyat","7":"pa_cilt-ciltsiz","8":"pa_tur-kitap","9":"pa_yayinevi-iletisim-yayinlari","10":"pa_yazar-ursula-prutsch","12":"first","13":"instock","14":"sale","15":"shipping-taxable","16":"purchasable","17":"product-type-simple"},"_links":{"self":[{"href":"https:\/\/roveyayinevi.com.tr\/index.php\/wp-json\/wp\/v2\/product\/762140","targetHints":{"allow":["GET"]}}],"collection":[{"href":"https:\/\/roveyayinevi.com.tr\/index.php\/wp-json\/wp\/v2\/product"}],"about":[{"href":"https:\/\/roveyayinevi.com.tr\/index.php\/wp-json\/wp\/v2\/types\/product"}],"wp:attachment":[{"href":"https:\/\/roveyayinevi.com.tr\/index.php\/wp-json\/wp\/v2\/media?parent=762140"}],"wp:term":[{"taxonomy":"product_brand","embeddable":true,"href":"https:\/\/roveyayinevi.com.tr\/index.php\/wp-json\/wp\/v2\/product_brand?post=762140"},{"taxonomy":"product_cat","embeddable":true,"href":"https:\/\/roveyayinevi.com.tr\/index.php\/wp-json\/wp\/v2\/product_cat?post=762140"},{"taxonomy":"product_tag","embeddable":true,"href":"https:\/\/roveyayinevi.com.tr\/index.php\/wp-json\/wp\/v2\/product_tag?post=762140"}],"curies":[{"name":"wp","href":"https:\/\/api.w.org\/{rel}","templated":true}]}}