{"id":762139,"date":"2025-08-28T09:59:14","date_gmt":"2025-08-28T06:59:14","guid":{"rendered":"https:\/\/roveyayinevi.com.tr\/index.php\/urun\/supernormal\/"},"modified":"2026-04-15T03:27:11","modified_gmt":"2026-04-15T00:27:11","slug":"supernormal","status":"publish","type":"product","link":"https:\/\/roveyayinevi.com.tr\/index.php\/urun\/supernormal\/","title":{"rendered":"S\u00fcpernormal"},"content":{"rendered":"<p>Her d\u00f6rt ki\u015fiden \u00fc\u00e7\u00fc yirmili ya\u015flara gelene kadar \u00e7e\u015fitli zorluklarla kar\u015f\u0131la\u015f\u0131yor: bo\u015fanma veya \u00f6l\u00fcm sonucu ebeveynini kaybetmek, zorbal\u0131k, alkolizm, uyu\u015fturucu ba\u011f\u0131ml\u0131l\u0131\u011f\u0131, ak\u0131l hastal\u0131\u011f\u0131, istismar ve aile i\u00e7i \u015fiddet bunlardan sadece birka\u00e7\u0131. Ne yaz\u0131k ki bu travmatik deneyimler pek \u00e7ok insan\u0131n hayat\u0131n\u0131n bir par\u00e7as\u0131; bilmedi\u011fimiz \u015feyse t\u00fcm bunlarla nas\u0131l ba\u015fa \u00e7\u0131k\u0131p yeni bir hayat kurabildikleri\u2026   Klinik Psikolog Meg Jay, detayl\u0131 ara\u015ft\u0131rmalarla zenginle\u015ftirdi\u011fi bu kitapta, \u00e7ocuklukta ya\u015fanan travmatik deneyimlere ra\u011fmen ola\u011fan\u00fcst\u00fc ba\u015far\u0131lara imza atan \u201cs\u00fcpernormal\u201d insanlar\u0131n hik\u00e2yelerini payla\u015f\u0131yor. G\u00fcn\u00fcm\u00fczde \u00f6nemli bir yere sahip olan \u201crezilyans\u201d kavram\u0131n\u0131n ve \u201crezilyant\u201d \u00e7ocuklar\u0131n tan\u0131m\u0131n\u0131 yaparken bir yandan da a\u015fa\u011f\u0131daki sorulara cevap veriyor:   \u2022 Korkunun beyni nas\u0131l etkiledi\u011fi ve bunun s\u0131r saklamaya nas\u0131l yol a\u00e7t\u0131\u011f\u0131, \u2022 Kronik stresin, sava\u015f ya da ka\u00e7 tepkisini nas\u0131l tetikledi\u011fi ve bunun hayat\u0131m\u0131z\u0131 ola\u011fan\u00fcst\u00fc bir dikkatle ve kararl\u0131l\u0131kla ge\u00e7irmemize nas\u0131l katk\u0131da bulundu\u011fu, \u2022 Ba\u015far\u0131 z\u0131rh\u0131n\u0131n ge\u00e7mi\u015ften gelen m\u0131zraklar\u0131 ve oklar\u0131 nas\u0131l p\u00fcsk\u00fcrtt\u00fc\u011f\u00fc, \u2022 \u0130yilik yapman\u0131n neden bizim i\u00e7in iyi oldu\u011fu ve sevginin neden var olan en g\u00fc\u00e7l\u00fc ve anla\u015f\u0131lmas\u0131 en zor s\u00fcper g\u00fc\u00e7 oldu\u011fu.   S\u00fcpernormal, \u00e7ocukluklar\u0131nda ya\u015fad\u0131klar\u0131 zorluklardan sonra beklenmedik yerlere gelenlerin hik\u00e2yesidir. Bu ilham verici eserde hem yaln\u0131z olmad\u0131\u011f\u0131n\u0131z\u0131 hem de ba\u015far\u0131ya ula\u015fman\u0131n ipu\u00e7lar\u0131n\u0131 bulacak, i\u00e7inizdeki \u201cs\u00fcpernormal\u201di ke\u015ffedeceksiniz.<\/p>\n","protected":false},"excerpt":{"rendered":"<p>Her d\u00f6rt ki\u015fiden \u00fc\u00e7\u00fc yirmili ya\u015flara gelene kadar \u00e7e\u015fitli zorluklarla kar\u015f\u0131la\u015f\u0131yor: bo\u015fanma veya \u00f6l\u00fcm sonucu ebeveynini kaybetmek, zorbal\u0131k, alkolizm, uyu\u015fturucu ba\u011f\u0131ml\u0131l\u0131\u011f\u0131, ak\u0131l hastal\u0131\u011f\u0131, istismar ve aile<span class=\"excerpt-hellip\"> [\u2026]<\/span><\/p>\n","protected":false},"featured_media":0,"template":"","meta":{"_monsterinsights_skip_tracking":false,"_monsterinsights_sitenote_active":false,"_monsterinsights_sitenote_note":"","_monsterinsights_sitenote_category":0},"product_brand":[],"product_cat":[12357],"product_tag":[],"class_list":{"0":"post-762139","1":"product","2":"type-product","3":"status-publish","5":"product_cat-psikoloji","6":"pa_cilt-ciltsiz","7":"pa_tur-kitap","8":"pa_yayinevi-epsilon-yayinlari","9":"pa_yazar-meg-jay","11":"first","12":"instock","13":"sale","14":"shipping-taxable","15":"purchasable","16":"product-type-simple"},"_links":{"self":[{"href":"https:\/\/roveyayinevi.com.tr\/index.php\/wp-json\/wp\/v2\/product\/762139","targetHints":{"allow":["GET"]}}],"collection":[{"href":"https:\/\/roveyayinevi.com.tr\/index.php\/wp-json\/wp\/v2\/product"}],"about":[{"href":"https:\/\/roveyayinevi.com.tr\/index.php\/wp-json\/wp\/v2\/types\/product"}],"wp:attachment":[{"href":"https:\/\/roveyayinevi.com.tr\/index.php\/wp-json\/wp\/v2\/media?parent=762139"}],"wp:term":[{"taxonomy":"product_brand","embeddable":true,"href":"https:\/\/roveyayinevi.com.tr\/index.php\/wp-json\/wp\/v2\/product_brand?post=762139"},{"taxonomy":"product_cat","embeddable":true,"href":"https:\/\/roveyayinevi.com.tr\/index.php\/wp-json\/wp\/v2\/product_cat?post=762139"},{"taxonomy":"product_tag","embeddable":true,"href":"https:\/\/roveyayinevi.com.tr\/index.php\/wp-json\/wp\/v2\/product_tag?post=762139"}],"curies":[{"name":"wp","href":"https:\/\/api.w.org\/{rel}","templated":true}]}}