{"id":762138,"date":"2025-08-28T09:59:13","date_gmt":"2025-08-28T06:59:13","guid":{"rendered":"https:\/\/roveyayinevi.com.tr\/index.php\/urun\/esaret-yolu\/"},"modified":"2026-04-15T03:27:11","modified_gmt":"2026-04-15T00:27:11","slug":"esaret-yolu","status":"publish","type":"product","link":"https:\/\/roveyayinevi.com.tr\/index.php\/urun\/esaret-yolu\/","title":{"rendered":"Esaret Yolu"},"content":{"rendered":"<p>NEW YORK TIMES \u00c7OK-SATANLAR L\u0130STES\u0130NDE NEW YORK TIMES ED\u0130T\u00d6RLER\u0130N\u0130N SE\u00c7K\u0130 L\u0130STES\u0130NDE 2019 LIONEL GELBER \u00d6D\u00dcL\u00dc F\u0130NAL\u0130STLER\u0130 ARASINDA   Tiranl\u0131k \u00dczerine&#8217;nin yazar\u0131ndan, Rusya&#8217;dan Avrupa ve Amerika&#8217;ya otoriterli\u011fin y\u00fckseli\u015finin \u00e7arp\u0131c\u0131 yeni bir tarih\u00e7esi.     So\u011fuk Sava\u015f&#8217;\u0131n sona ermesiyle birlikte liberal demokrasinin zaferi kesinle\u015fmi\u015f gibi g\u00f6r\u00fcn\u00fcyordu. G\u00f6zlemciler, bar\u0131\u015f\u00e7\u0131l ve k\u00fcreselle\u015fmi\u015f bir gelece\u011fe g\u00fcvenerek tarihin sonunun geldi\u011fini ilan ettiler. Bu inan\u00e7 yersizdi. Vladimir Putin&#8217;in zenginler taraf\u0131ndan y\u00f6netilmeyi me\u015frula\u015ft\u0131rmak i\u00e7in kullan\u0131labilecek fa\u015fist fikirler bulmas\u0131yla otoriterlik Rusya&#8217;ya geri d\u00f6nd\u00fc. Bu fikirler 2010&#8217;larda, Rusya&#8217;n\u0131n Ukrayna&#8217;daki sava\u015f\u0131 ve Avrupa ve Amerika Birle\u015fik Devletleri&#8217;ndeki siber sava\u015f\u0131n yard\u0131m\u0131yla Do\u011fu&#8217;dan Bat\u0131&#8217;ya yay\u0131ld\u0131.   Rusya her yerdeki milliyet\u00e7iler, oligarklar ve radikaller aras\u0131nda m\u00fcttefikler buldu ve Bat\u0131 kurumlar\u0131n\u0131, devletlerini ve de\u011ferlerini par\u00e7alama d\u00fcrt\u00fcs\u00fc Bat\u0131&#8217;n\u0131n kendi i\u00e7inde de yank\u0131 buldu.  Pop\u00fclizmin y\u00fckseli\u015fi, \u0130ngiltere&#8217;nin Avrupa Birli\u011fi\u2019nden ayr\u0131lmas\u0131 ve Donald Trump&#8217;\u0131n ABD Ba\u015fkan\u0131 se\u00e7ilmesi Rusya&#8217;n\u0131n hedefleriydi, ancak bunlar\u0131n ba\u015far\u0131labilmesi bir yandan da Bat\u0131 toplumlar\u0131n\u0131n k\u0131r\u0131lganl\u0131\u011f\u0131n\u0131 g\u00f6steriyor.Snyder, geni\u015f ara\u015ft\u0131rmalara ve ki\u015fisel raporlara dayanan bu g\u00fc\u00e7l\u00fc ve a\u00e7\u0131k s\u00f6zl\u00fc \u00e7a\u011fda\u015f tarih \u00e7al\u0131\u015fmas\u0131nda, demokrasi ve hukuka y\u00f6nelik tehdidin ger\u00e7ek do\u011fas\u0131n\u0131 ortaya \u00e7\u0131karmak i\u00e7in man\u015fetlerin \u00f6tesine ge\u00e7iyor. Bu m\u00fccadeleyi anlamak, gelene\u011fin sundu\u011fu ve gelece\u011fin talep etti\u011fi temel siyasi erdemleri g\u00f6rmek ve belki de yenilemek demektir. Snyder, e\u015fitlik ya da oligar\u015fi, bireysellik ya da totaliterlik, hakikat ve yalan aras\u0131nda \u00f6n\u00fcm\u00fczde duran keskin se\u00e7enekleri ortaya koyarak, ya\u015fam tarz\u0131m\u0131z\u0131n temeline ili\u015fkin anlay\u0131\u015f\u0131m\u0131z\u0131 yeniden canland\u0131r\u0131yor ve korkun\u00e7 bir belirsizlik d\u00f6neminde gelece\u011fe y\u00f6nelik bir yol \u00f6neriyor.     Kitap Hakk\u0131nda \u00d6vg\u00fcler:   &#8220;Zaman\u0131m\u0131z\u0131n parlak bir analizi.&#8221; \u2014Karl Ove Knausgaard, The New Yorker   \u201cOkunmas\u0131 gereken bir kitap&#8230; \u00dcrpertici ve g\u00f6rmezden gelinemez.\u201d \u2014The Guardian   \u201c21. Y\u00fczy\u0131l\u2019da demokrasinin g\u00fcvenli\u011fi konusunda endi\u015fe duyan herkesin mutlaka okumas\u0131 gereken bir kitap.\u201d \u2014Publishers Weekly   \u201cD\u00fcnyay\u0131 saran politik krizi anlamak isteyen herkesin okumas\u0131 gereken parlak ve rahats\u0131z edici bir analiz.\u201d \u2014Yuval Noah Harari, Sapiens\u2019in Yazar\u0131   \u201cAmerikal\u0131lar\u0131 otoriterlik tehlikesine kar\u015f\u0131 uyand\u0131rmak i\u00e7in son derece rahats\u0131z edici, acil bir alarm.\u201d \u2014Kirkus Reviews   \u201c[Bu kitab\u0131n yaratt\u0131\u011f\u0131] yank\u0131lar Rusya ve ABD\u2019nin \u00e7ok \u00f6tesinde, Birle\u015fik Krall\u0131k ve Avrupa Birli\u011fi siyasetinin kalbine kadar ula\u015f\u0131yor.\u201d \u2014John Reader, William Temple Foundation   \u201cG\u00fcncel habercili\u011fi, fikirler tarihi incelemeleri ve yazar\u0131n kendi bak\u0131\u015f a\u00e7\u0131s\u0131yla kaleme ald\u0131\u011f\u0131 baz\u0131 siyasi-felsefi d\u00fc\u015f\u00fcncelerle birle\u015ftiren bu nispeten k\u0131sa kitap, geni\u015f bir \u00e7er\u00e7eveye sahip. &#8230; \u0130ni\u015fli \u00e7\u0131k\u0131\u015fl\u0131 bir d\u00fcnyada bir haber edit\u00f6r\u00fcn\u00fcn olgular\u0131 de\u011ferlendirme becerisine ve bir filozofun ideolojileri irdeleme yetene\u011fine ihtiya\u00e7 var. Snyder her ikisine de sahip.\u201d \u2014The Economist   \u201cEsaret Yolu, ABD\u2019nin Snyder\u2019in kitab\u0131n\u0131n ismindeki me\u015fum hedefe do\u011fru kat etti\u011fi rahats\u0131z edici yolu cesurca ortaya koyan \u00f6zl\u00fc s\u00f6zlerle bezeli, zengin ve kapsaml\u0131 bir kitap. Snyder\u2019\u0131n baz\u0131 de\u011ferlendirmeleri abart\u0131l\u0131 veya erkenci g\u00f6r\u00fcn\u00fcyorsa da buna g\u00fc\u00e7l\u00fc bir \u015fekilde cevap verebilir: Halihaz\u0131rda olanlar\u0131 kendisini ele\u015ftirenlerden daha do\u011fru bir \u015fekilde alg\u0131lam\u0131\u015ft\u0131r. Gelecekte neler olabilece\u011fi konusunda s\u00f6z s\u00f6ylemeye hakk\u0131 var.\u201d \u2014David Frum, The Atlantic   \u201cEsaret Yolu, Vladimir Putin\u2019in Rusya\u2019da iktidar\u0131n\u0131 peki\u015ftirmesinin, Rusya\u2019n\u0131n Ukrayna\u2019y\u0131 i\u015fgalinin ve Rusya\u2019n\u0131n 2016 ABD ba\u015fkanl\u0131k se\u00e7imlerine m\u00fcdahalesinin k\u0131sa, g\u00fc\u00e7l\u00fc ve dikkatle belgelenmi\u015f bir tarihini sunuyor.\u201d \u2014The Chicago Tribune   \u201cTimothy Snyder, [bu] kitab\u0131nda g\u00fc\u00e7l\u00fc ve etkili bir \u015fekilde tehlikeli zamanlarda ya\u015fad\u0131\u011f\u0131m\u0131z\u0131 \u00f6ne s\u00fcr\u00fcyor. &#8230; Snyder, Putin\u2019i anlamak i\u00e7in onun fikirlerini anlamak gerekti\u011fini ikna edici bir \u015fekilde savunuyor. &#8230; Esaret Yolu iyi bir uyand\u0131rma alarm\u0131.\u201d \u2014Margaret MacMillan, The New York Times Book Review   \u201c\u00c7irkin man\u015fetlerle bo\u011fu\u015fan okurlar, bizi duraklamaya, geri ad\u0131m atmaya ve Amerika\u2019n\u0131n bu kaotik ana nas\u0131l geldi\u011fini anlamaya zorlayacak kitaplara ihtiya\u00e7 duyuyor. Tarih\u00e7i Timothy Snyder\u2019\u0131n zehirli fikirlerin, otokratik g\u00fcc\u00fcn ve yalan haberlerin Rusya\u2019dan Ukrayna\u2019ya, Bat\u0131 Avrupa\u2019ya ve \u015fimdi de Beyaz Saray\u2019a nas\u0131l yay\u0131ld\u0131\u011f\u0131na dair \u00f6nemli ve derinlemesine incelemesi bu y\u0131l\u0131n en iyi kitaplar\u0131ndan biri. K\u0131yamet siyasetinin Amerikan demokrasisine musallat oldu\u011fu bir d\u00f6nemde Snyder, bu noktaya nas\u0131l geldi\u011fimizi ve belki de buradan nas\u0131l \u00e7\u0131kabilece\u011fimizi anlamam\u0131za yard\u0131mc\u0131 oluyor.\u201d \u2014Lucas Wittmann, TIME   \u201cSnyder\u2019\u0131n Rusya\u2019da ya\u015fananlardan ve ABD ile Avrupa\u2019n\u0131n kar\u015f\u0131 kar\u015f\u0131ya oldu\u011fu risklerden duydu\u011fu deh\u015fet, yazd\u0131klar\u0131na enerji ve tutku kat\u0131yor. Putin\u2019in Rusya\u2019s\u0131na y\u00f6nelik su\u00e7lamalar\u0131nda g\u00f6z\u00fc kara. Ama ayn\u0131 zamanda ABD\u2019yi Rus m\u00fcdahalesine ve i\u00e7teki pop\u00fclizme kar\u015f\u0131 savunmas\u0131z hale getiren Amerikan toplumunun zay\u0131fl\u0131klar\u0131 konusunda da son derece net.\u201d \u2014Gideon Rachman, The Financial Times   \u201cBat\u0131 liberal demokrasisinin mevcut krizini a\u00e7\u0131klamaya \u00e7al\u0131\u015fan t\u00fcm kitaplar aras\u0131nda hi\u00e7biri Snyder\u2019in Esaret Yolu kadar etkili ve korkutucu de\u011fil.\u201d \u2014Foreign Affairs   \u201cHarika. &#8230; Kasvetli ve etkili. &#8230; Snyder\u2019\u0131n Trump\u2019\u0131n y\u00fckseli\u015fini ve Rusya\u2019dan gelen pek \u00e7ok yard\u0131m\u0131 anlat\u0131\u015f\u0131 canl\u0131 ve ferasetli.\u201d \u2014Edward Lucas, The Times (Londra) <\/p>\n","protected":false},"excerpt":{"rendered":"<p>NEW YORK TIMES \u00c7OK-SATANLAR L\u0130STES\u0130NDE NEW YORK TIMES ED\u0130T\u00d6RLER\u0130N\u0130N SE\u00c7K\u0130 L\u0130STES\u0130NDE 2019 LIONEL GELBER \u00d6D\u00dcL\u00dc F\u0130NAL\u0130STLER\u0130 ARASINDA Tiranl\u0131k \u00dczerine&#8217;nin yazar\u0131ndan, Rusya&#8217;dan Avrupa ve Amerika&#8217;ya otoriterli\u011fin y\u00fckseli\u015finin<span class=\"excerpt-hellip\"> [\u2026]<\/span><\/p>\n","protected":false},"featured_media":0,"template":"","meta":{"_monsterinsights_skip_tracking":false,"_monsterinsights_sitenote_active":false,"_monsterinsights_sitenote_note":"","_monsterinsights_sitenote_category":0},"product_brand":[],"product_cat":[12337,17225],"product_tag":[],"class_list":{"0":"post-762138","1":"product","2":"type-product","3":"status-publish","5":"product_cat-politika-siyaset","6":"product_cat-uluslararasi-iliskiler","7":"pa_cilt-ciltsiz","8":"pa_tur-kitap","9":"pa_yayinevi-serbest-kitaplar","10":"pa_yazar-timothy-snyder","12":"first","13":"instock","14":"sale","15":"shipping-taxable","16":"purchasable","17":"product-type-simple"},"_links":{"self":[{"href":"https:\/\/roveyayinevi.com.tr\/index.php\/wp-json\/wp\/v2\/product\/762138","targetHints":{"allow":["GET"]}}],"collection":[{"href":"https:\/\/roveyayinevi.com.tr\/index.php\/wp-json\/wp\/v2\/product"}],"about":[{"href":"https:\/\/roveyayinevi.com.tr\/index.php\/wp-json\/wp\/v2\/types\/product"}],"wp:attachment":[{"href":"https:\/\/roveyayinevi.com.tr\/index.php\/wp-json\/wp\/v2\/media?parent=762138"}],"wp:term":[{"taxonomy":"product_brand","embeddable":true,"href":"https:\/\/roveyayinevi.com.tr\/index.php\/wp-json\/wp\/v2\/product_brand?post=762138"},{"taxonomy":"product_cat","embeddable":true,"href":"https:\/\/roveyayinevi.com.tr\/index.php\/wp-json\/wp\/v2\/product_cat?post=762138"},{"taxonomy":"product_tag","embeddable":true,"href":"https:\/\/roveyayinevi.com.tr\/index.php\/wp-json\/wp\/v2\/product_tag?post=762138"}],"curies":[{"name":"wp","href":"https:\/\/api.w.org\/{rel}","templated":true}]}}