{"id":762136,"date":"2025-08-28T09:59:10","date_gmt":"2025-08-28T06:59:10","guid":{"rendered":"https:\/\/roveyayinevi.com.tr\/index.php\/urun\/ruyalarin-ucuncu-reichi\/"},"modified":"2026-04-15T03:27:11","modified_gmt":"2026-04-15T00:27:11","slug":"ruyalarin-ucuncu-reichi","status":"publish","type":"product","link":"https:\/\/roveyayinevi.com.tr\/index.php\/urun\/ruyalarin-ucuncu-reichi\/","title":{"rendered":"R\u00fcyalar\u0131n \u00dc\u00e7\u00fcnc\u00fc Reich&#8217;\u0131"},"content":{"rendered":"<p>\u201cTotaliter rejimler takip\u00e7ileri olmadan ayakta kalamaz. Beradt\u2019\u0131n kitab\u0131, insanlar\u0131n nas\u0131l birer yanda\u015fa d\u00f6n\u00fc\u015ft\u00fc\u011f\u00fcn\u00fc ortaya koyar. Nas\u0131l e\u011filip b\u00fck\u00fcld\u00fcklerini, i\u00e7sel diren\u00e7lerinin nas\u0131l k\u0131r\u0131ld\u0131\u011f\u0131n\u0131 g\u00f6zler \u00f6n\u00fcne serer. R\u00fcyalar\u0131n \u00dc\u00e7\u00fcnc\u00fc Reich\u2019\u0131 ayn\u0131 zamanda mutlak tahakk\u00fcm\u00fcn teorisidir.\u201d Barbara Hahn Charlotte Beradt, bu ola\u011fan\u00fcst\u00fc vurucu kitab\u0131nda, terzisinden, kom\u015fusundan, teyzesinden, s\u00fct\u00e7\u00fcs\u00fcnden, arkada\u015flar\u0131ndan dinledi\u011fi, Nazi d\u00f6neminde g\u00f6rd\u00fckleri r\u00fcyalar\u0131 aktar\u0131yor ve i\u00e7g\u00f6r\u00fcyle yorumluyor. R\u00fcyalardaki keskin imgeler \u00fczerinden, bu bask\u0131c\u0131 totaliter rejimin insanlar\u0131 nas\u0131l bir ruhsal yabanc\u0131la\u015fmaya, k\u00f6ks\u00fczle\u015fmeye, izolasyona, kimliksizle\u015fmeye itti\u011fini g\u00f6steriyor. Edebi bir tatla, \u00fcrpertili hik\u00e2yeler gibi de okunabilecek bu metinler, fa\u015fizmin bilin\u00e7d\u0131\u015f\u0131ndaki aynas\u0131 gibidir. Alabildi\u011fine politik bir \u201cr\u00fcya tabiri\u201d kitab\u0131\u2026 Yay\u0131mland\u0131\u011f\u0131 1962\u2019den beri fa\u015fizm incelemeleri literat\u00fcr\u00fcnde sayg\u0131n bir yer edinen R\u00fcyalar\u0131n \u00dc\u00e7\u00fcnc\u00fc Reich\u2019\u0131, bug\u00fcn her zamankinden daha g\u00fcncel say\u0131l\u0131yor.<\/p>\n","protected":false},"excerpt":{"rendered":"<p>\u201cTotaliter rejimler takip\u00e7ileri olmadan ayakta kalamaz. Beradt\u2019\u0131n kitab\u0131, insanlar\u0131n nas\u0131l birer yanda\u015fa d\u00f6n\u00fc\u015ft\u00fc\u011f\u00fcn\u00fc ortaya koyar. Nas\u0131l e\u011filip b\u00fck\u00fcld\u00fcklerini, i\u00e7sel diren\u00e7lerinin nas\u0131l k\u0131r\u0131ld\u0131\u011f\u0131n\u0131 g\u00f6zler \u00f6n\u00fcne serer. R\u00fcyalar\u0131n<span class=\"excerpt-hellip\"> [\u2026]<\/span><\/p>\n","protected":false},"featured_media":0,"template":"","meta":{"_monsterinsights_skip_tracking":false,"_monsterinsights_sitenote_active":false,"_monsterinsights_sitenote_note":"","_monsterinsights_sitenote_category":0},"product_brand":[],"product_cat":[13590,12337],"product_tag":[],"class_list":{"0":"post-762136","1":"product","2":"type-product","3":"status-publish","5":"product_cat-arastirma-inceleme-politika-siyaset","6":"product_cat-politika-siyaset","7":"pa_cilt-ciltsiz","8":"pa_tur-kitap","9":"pa_yayinevi-iletisim-yayinlari","10":"pa_yazar-charlotte-beradt","12":"first","13":"instock","14":"sale","15":"shipping-taxable","16":"purchasable","17":"product-type-simple"},"_links":{"self":[{"href":"https:\/\/roveyayinevi.com.tr\/index.php\/wp-json\/wp\/v2\/product\/762136","targetHints":{"allow":["GET"]}}],"collection":[{"href":"https:\/\/roveyayinevi.com.tr\/index.php\/wp-json\/wp\/v2\/product"}],"about":[{"href":"https:\/\/roveyayinevi.com.tr\/index.php\/wp-json\/wp\/v2\/types\/product"}],"wp:attachment":[{"href":"https:\/\/roveyayinevi.com.tr\/index.php\/wp-json\/wp\/v2\/media?parent=762136"}],"wp:term":[{"taxonomy":"product_brand","embeddable":true,"href":"https:\/\/roveyayinevi.com.tr\/index.php\/wp-json\/wp\/v2\/product_brand?post=762136"},{"taxonomy":"product_cat","embeddable":true,"href":"https:\/\/roveyayinevi.com.tr\/index.php\/wp-json\/wp\/v2\/product_cat?post=762136"},{"taxonomy":"product_tag","embeddable":true,"href":"https:\/\/roveyayinevi.com.tr\/index.php\/wp-json\/wp\/v2\/product_tag?post=762136"}],"curies":[{"name":"wp","href":"https:\/\/api.w.org\/{rel}","templated":true}]}}