{"id":762130,"date":"2025-08-28T09:58:58","date_gmt":"2025-08-28T06:58:58","guid":{"rendered":"https:\/\/roveyayinevi.com.tr\/index.php\/urun\/kadinlar-saltanati-2\/"},"modified":"2026-04-15T03:27:11","modified_gmt":"2026-04-15T00:27:11","slug":"kadinlar-saltanati-2","status":"publish","type":"product","link":"https:\/\/roveyayinevi.com.tr\/index.php\/urun\/kadinlar-saltanati-2\/","title":{"rendered":"Kad\u0131nlar Saltanat\u0131"},"content":{"rendered":"<p>Kitaba ismini de veren \u201cKad\u0131nlar Saltanat\u0131 D\u00f6nemi\u201d ilk kez Ahmed Refik taraf\u0131ndan kullan\u0131lm\u0131\u015ft\u0131r. Buna g\u00f6re, Kanun\u00ee d\u00f6neminden itibaren haseki sultan ve valide sultanlar, 17. y\u00fczy\u0131l\u0131n son \u00e7eyre\u011fine kadar devlet idaresinde mutlak hakim olmu\u015flard\u0131r. Valide sultanlardan kimileri vezirler veya kara a\u011falar ile i\u015f birli\u011fi yapm\u0131\u015f, kimileri de zorba komutanlarla iktidar\u0131 payla\u015fm\u0131\u015flard\u0131r. Saltanat makam\u0131nda oturan zay\u0131f iradeli padi\u015fahlar ise kendi \u00e2leminde g\u00fcnlerini ge\u00e7irmi\u015flerdir.   H\u00fcrrem ile ba\u015flay\u0131p bir as\u0131rdan fazla devam eden bu d\u00f6nemde, haseki sultan ve valide sultan olanlar hep cariye olarak saraya al\u0131nanlard\u0131r. K\u00f6y\u00fcnde tarlas\u0131 ve bah\u00e7esiyle u\u011fra\u015f\u0131rken veya bir deniz bask\u0131n\u0131nda esir edilen ve kaderin sevkiyle saraya girip r\u00fcyada bile hayal edemeyece\u011fi imk\u00e2nlara kavu\u015fan bu cariyelerin; hem saltanat hem de para h\u0131rslar\u0131, \u00f6n\u00fc al\u0131namayacak \u00f6l\u00e7\u00fcde b\u00fcy\u00fck olmu\u015f ve devlete \u00e7ok zarar vermi\u015ftir.   <\/p>\n","protected":false},"excerpt":{"rendered":"<p>Kitaba ismini de veren \u201cKad\u0131nlar Saltanat\u0131 D\u00f6nemi\u201d ilk kez Ahmed Refik taraf\u0131ndan kullan\u0131lm\u0131\u015ft\u0131r. Buna g\u00f6re, Kanun\u00ee d\u00f6neminden itibaren haseki sultan ve valide sultanlar, 17. y\u00fczy\u0131l\u0131n son<span class=\"excerpt-hellip\"> [\u2026]<\/span><\/p>\n","protected":false},"featured_media":0,"template":"","meta":{"_monsterinsights_skip_tracking":false,"_monsterinsights_sitenote_active":false,"_monsterinsights_sitenote_note":"","_monsterinsights_sitenote_category":0},"product_brand":[],"product_cat":[12370,12304],"product_tag":[],"class_list":{"0":"post-762130","1":"product","2":"type-product","3":"status-publish","5":"product_cat-arastirma-inceleme","6":"product_cat-tarih","7":"pa_cilt-ciltsiz","8":"pa_tur-kitap","9":"pa_yayinevi-yeditepe-yayinevi","10":"pa_yazar-ahmed-refik-altinay","12":"first","13":"instock","14":"sale","15":"shipping-taxable","16":"purchasable","17":"product-type-simple"},"_links":{"self":[{"href":"https:\/\/roveyayinevi.com.tr\/index.php\/wp-json\/wp\/v2\/product\/762130","targetHints":{"allow":["GET"]}}],"collection":[{"href":"https:\/\/roveyayinevi.com.tr\/index.php\/wp-json\/wp\/v2\/product"}],"about":[{"href":"https:\/\/roveyayinevi.com.tr\/index.php\/wp-json\/wp\/v2\/types\/product"}],"wp:attachment":[{"href":"https:\/\/roveyayinevi.com.tr\/index.php\/wp-json\/wp\/v2\/media?parent=762130"}],"wp:term":[{"taxonomy":"product_brand","embeddable":true,"href":"https:\/\/roveyayinevi.com.tr\/index.php\/wp-json\/wp\/v2\/product_brand?post=762130"},{"taxonomy":"product_cat","embeddable":true,"href":"https:\/\/roveyayinevi.com.tr\/index.php\/wp-json\/wp\/v2\/product_cat?post=762130"},{"taxonomy":"product_tag","embeddable":true,"href":"https:\/\/roveyayinevi.com.tr\/index.php\/wp-json\/wp\/v2\/product_tag?post=762130"}],"curies":[{"name":"wp","href":"https:\/\/api.w.org\/{rel}","templated":true}]}}