{"id":762128,"date":"2025-08-28T09:58:55","date_gmt":"2025-08-28T06:58:55","guid":{"rendered":"https:\/\/roveyayinevi.com.tr\/index.php\/urun\/kanuniden-iv-murada-tarih-kayitlari\/"},"modified":"2026-04-15T03:27:11","modified_gmt":"2026-04-15T00:27:11","slug":"kanuniden-iv-murada-tarih-kayitlari","status":"publish","type":"product","link":"https:\/\/roveyayinevi.com.tr\/index.php\/urun\/kanuniden-iv-murada-tarih-kayitlari\/","title":{"rendered":"Kanuni\u2019den IV. Murad\u2019a Tarih Kay\u0131tlar\u0131"},"content":{"rendered":"<p>Osmanl\u0131 tarihinin en \u00f6nemli kaynak serilerinden biri de mecmualard\u0131r. Farkl\u0131 ama\u00e7lar i\u00e7in haz\u0131rlanan mecmualar\u0131n bu g\u00fcne kadar tam bir listesi dahi yap\u0131lamam\u0131\u015ft\u0131r. \u0130\u00e7erisinde bir\u00e7ok yaz\u0131\u015fmay\u0131 ihtiva eden mecmualar ile ilgili \u00e7al\u0131\u015fmalar ilerledik\u00e7e bir\u00e7ok yeni bilgiye ula\u015f\u0131lacakt\u0131r. Yeni bilgiler ihtiva eden mecmualardan biri de elinizdeki eserdir. Bu mecmuada Kanun\u00ee&#8217;den IV. Murad&#8217;a kadar 1553-1634 y\u0131llar\u0131 aras\u0131ndaki kay\u0131tlar mevcuttur. Asl\u0131nda ilmiye s\u0131n\u0131f\u0131ndaki tayin kay\u0131tlar\u0131n\u0131 ihtiva eden mecmuan\u0131n kenarlar\u0131nda farkl\u0131 zamanlarda g\u00fcnl\u00fck notlar al\u0131nm\u0131\u015ft\u0131r. Bu notlar sayesinde 1553-1634 y\u0131llar\u0131 aras\u0131ndaki bir\u00e7ok hadiseyi ilk defa \u00f6\u011frenmekteyiz. Mecmua, S\u00fcleymaniye ve Sultanahmet Camiilerinin a\u00e7\u0131lmas\u0131ndan, \u0130stanbul&#8217;a y\u00f6nelik ilk Kazak sald\u0131r\u0131lar\u0131na, III. Mehmed, I. Ahmed ve Koca Sinan Pa\u015fa&#8217;n\u0131n \u00f6l\u00fcm sebeplerinden, I.Mustafa&#8217;n\u0131n s\u00fcnnet edilmesine ve karde\u015flerini \u00f6ld\u00fcrmek istemesine, asker\u00ee isyanlar ve darbe planlar\u0131na kadar bir\u00e7ok yeni bilgiyi ihtiva ediyor.<\/p>\n","protected":false},"excerpt":{"rendered":"<p>Osmanl\u0131 tarihinin en \u00f6nemli kaynak serilerinden biri de mecmualard\u0131r. Farkl\u0131 ama\u00e7lar i\u00e7in haz\u0131rlanan mecmualar\u0131n bu g\u00fcne kadar tam bir listesi dahi yap\u0131lamam\u0131\u015ft\u0131r. \u0130\u00e7erisinde bir\u00e7ok yaz\u0131\u015fmay\u0131 ihtiva<span class=\"excerpt-hellip\"> [\u2026]<\/span><\/p>\n","protected":false},"featured_media":0,"template":"","meta":{"_monsterinsights_skip_tracking":false,"_monsterinsights_sitenote_active":false,"_monsterinsights_sitenote_note":"","_monsterinsights_sitenote_category":0},"product_brand":[],"product_cat":[13517,12304],"product_tag":[],"class_list":{"0":"post-762128","1":"product","2":"type-product","3":"status-publish","5":"product_cat-osmanli-tarihi","6":"product_cat-tarih","7":"pa_cilt-ciltsiz","8":"pa_tur-kitap","9":"pa_yayinevi-yeditepe-yayinevi","10":"pa_yazar-erhan-afyoncu-ugur-demir-ahmet-onal","12":"first","13":"instock","14":"sale","15":"shipping-taxable","16":"purchasable","17":"product-type-simple"},"_links":{"self":[{"href":"https:\/\/roveyayinevi.com.tr\/index.php\/wp-json\/wp\/v2\/product\/762128","targetHints":{"allow":["GET"]}}],"collection":[{"href":"https:\/\/roveyayinevi.com.tr\/index.php\/wp-json\/wp\/v2\/product"}],"about":[{"href":"https:\/\/roveyayinevi.com.tr\/index.php\/wp-json\/wp\/v2\/types\/product"}],"wp:attachment":[{"href":"https:\/\/roveyayinevi.com.tr\/index.php\/wp-json\/wp\/v2\/media?parent=762128"}],"wp:term":[{"taxonomy":"product_brand","embeddable":true,"href":"https:\/\/roveyayinevi.com.tr\/index.php\/wp-json\/wp\/v2\/product_brand?post=762128"},{"taxonomy":"product_cat","embeddable":true,"href":"https:\/\/roveyayinevi.com.tr\/index.php\/wp-json\/wp\/v2\/product_cat?post=762128"},{"taxonomy":"product_tag","embeddable":true,"href":"https:\/\/roveyayinevi.com.tr\/index.php\/wp-json\/wp\/v2\/product_tag?post=762128"}],"curies":[{"name":"wp","href":"https:\/\/api.w.org\/{rel}","templated":true}]}}