{"id":762124,"date":"2025-08-28T09:58:47","date_gmt":"2025-08-28T06:58:47","guid":{"rendered":"https:\/\/roveyayinevi.com.tr\/index.php\/urun\/hekimin-filozof-hali\/"},"modified":"2026-04-15T03:27:11","modified_gmt":"2026-04-15T00:27:11","slug":"hekimin-filozof-hali","status":"publish","type":"product","link":"https:\/\/roveyayinevi.com.tr\/index.php\/urun\/hekimin-filozof-hali\/","title":{"rendered":"Hekimin Filozof Hali"},"content":{"rendered":"<p>\u201cT\u0131p hakk\u0131nda du\u0308\u015fu\u0308neceksek e\u011fer, her du\u0308\u015fu\u0308nce k\u0131r\u0131nt\u0131s\u0131 bazen yakarcas\u0131na, bazen ok\u015farcas\u0131na ya\u015fama de\u011fer. T\u0131p, felsefenin izdu\u0308\u015fu\u0308mu\u0308, somutta vu\u0308cut bulmas\u0131d\u0131r. Filozofun kavramsalla\u015ft\u0131rd\u0131\u011f\u0131n\u0131 \u2013en u\u00e7 noktalarda\u2013 hekim deneyimler; onun mutlak sorunsallar\u0131n\u0131 ya\u015fa(nt\u0131la)r. Ya\u015fam\u0131n tazeli\u011finde varl\u0131\u011f\u0131n ve taml\u0131\u011f\u0131n ye\u015ferdi\u011fini, zaman\u0131n canl\u0131lar\u0131 tu\u0308ketti\u011fini ve \u00f6lu\u0308me g\u00f6tu\u0308rdu\u0308\u011fu\u0308nu\u0308 g\u00f6ru\u0308r; her iki y\u00f6ne do\u011fru da hastalar\u0131n\u0131n varolu\u015f seru\u0308venini etkileyebilece\u011finin fark\u0131ndal\u0131\u011f\u0131yla yu\u0308klu\u0308 ve yu\u0308ku\u0308mlu\u0308du\u0308r.\u201d    Hekimin Filozof H\u00e2li &#8211; 1 t\u0131p ve felsefe aras\u0131nda daha s\u0131k ger\u00e7ekle\u015fmesini bekledi\u011fimiz bulu\u015fmalardan biri. Genelde sadece \u201chastal\u0131k h\u00e2linde\u201d muhatab\u0131 oldu\u011fumuz t\u0131p d\u00fcnyas\u0131n\u0131n, hayatla ve \u00f6l\u00fcmle, insan olman\u0131n ve ya\u015faman\u0131n anlam\u0131yla her g\u00fcn y\u00fczle\u015fti\u011fini, y\u00fczle\u015fmek zorunda oldu\u011funu vurgulayan yaz\u0131lardan olu\u015fan elinizdeki kitap, okurlara da cesaret a\u015f\u0131layacak nitelikte.    T\u0131p alan\u0131ndaki \u201cyabanc\u0131la\u015ft\u0131r\u0131c\u0131\u201d geli\u015fmelerden ki\u015finin bedeni \u00fczerinde s\u00f6z sahibi olup olmad\u0131\u011f\u0131na dair etik tart\u0131\u015fmalara ve \u00f6l\u00fcml\u00fc olman\u0131n getirdi\u011fi felsefi ayd\u0131nlanmaya kadar bir\u00e7ok \u00f6nemli konu \u00fczerine tart\u0131\u015fmalar asl\u0131nda tek bir ger\u00e7e\u011fi vurguluyor: Hekimin filozof h\u00e2li, hekimin zorunlu h\u00e2lidir.  <\/p>\n","protected":false},"excerpt":{"rendered":"<p>\u201cT\u0131p hakk\u0131nda du\u0308\u015fu\u0308neceksek e\u011fer, her du\u0308\u015fu\u0308nce k\u0131r\u0131nt\u0131s\u0131 bazen yakarcas\u0131na, bazen ok\u015farcas\u0131na ya\u015fama de\u011fer. T\u0131p, felsefenin izdu\u0308\u015fu\u0308mu\u0308, somutta vu\u0308cut bulmas\u0131d\u0131r. Filozofun kavramsalla\u015ft\u0131rd\u0131\u011f\u0131n\u0131 \u2013en u\u00e7 noktalarda\u2013 hekim deneyimler;<span class=\"excerpt-hellip\"> [\u2026]<\/span><\/p>\n","protected":false},"featured_media":0,"template":"","meta":{"_monsterinsights_skip_tracking":false,"_monsterinsights_sitenote_active":false,"_monsterinsights_sitenote_note":"","_monsterinsights_sitenote_category":0},"product_brand":[],"product_cat":[12388],"product_tag":[],"class_list":{"0":"post-762124","1":"product","2":"type-product","3":"status-publish","5":"product_cat-felsefe","6":"pa_cilt-ciltsiz","7":"pa_tur-kitap","8":"pa_yayinevi-minotor-kitap","9":"pa_yazar-m-bilgin-saydam-hakan-kiziltan","11":"first","12":"instock","13":"sale","14":"shipping-taxable","15":"purchasable","16":"product-type-simple"},"_links":{"self":[{"href":"https:\/\/roveyayinevi.com.tr\/index.php\/wp-json\/wp\/v2\/product\/762124","targetHints":{"allow":["GET"]}}],"collection":[{"href":"https:\/\/roveyayinevi.com.tr\/index.php\/wp-json\/wp\/v2\/product"}],"about":[{"href":"https:\/\/roveyayinevi.com.tr\/index.php\/wp-json\/wp\/v2\/types\/product"}],"wp:attachment":[{"href":"https:\/\/roveyayinevi.com.tr\/index.php\/wp-json\/wp\/v2\/media?parent=762124"}],"wp:term":[{"taxonomy":"product_brand","embeddable":true,"href":"https:\/\/roveyayinevi.com.tr\/index.php\/wp-json\/wp\/v2\/product_brand?post=762124"},{"taxonomy":"product_cat","embeddable":true,"href":"https:\/\/roveyayinevi.com.tr\/index.php\/wp-json\/wp\/v2\/product_cat?post=762124"},{"taxonomy":"product_tag","embeddable":true,"href":"https:\/\/roveyayinevi.com.tr\/index.php\/wp-json\/wp\/v2\/product_tag?post=762124"}],"curies":[{"name":"wp","href":"https:\/\/api.w.org\/{rel}","templated":true}]}}