{"id":762122,"date":"2025-08-28T09:58:43","date_gmt":"2025-08-28T06:58:43","guid":{"rendered":"https:\/\/roveyayinevi.com.tr\/index.php\/urun\/bigane-durmayin-asinaniza\/"},"modified":"2026-04-15T03:27:11","modified_gmt":"2026-04-15T00:27:11","slug":"bigane-durmayin-asinaniza","status":"publish","type":"product","link":"https:\/\/roveyayinevi.com.tr\/index.php\/urun\/bigane-durmayin-asinaniza\/","title":{"rendered":"Bigane Durmay\u0131n A\u015finan\u0131za"},"content":{"rendered":"<p>Edebiyy\u00e2t-\u0131 Ced\u00eede\u2019nin hik\u00e2yecilerden biri olarak ad\u0131n\u0131 duyurmu\u015f iken, edebiyatta mill\u00eele\u015fmenin gere\u011fine inanarak b\u00fcy\u00fck bir de\u011fi\u015fim ge\u00e7iren M\u00fcft\u00fco\u011flu Ahmed Hikmet, H\u00e2ristan ve G\u00fclist\u00e2n\u2019\u0131n, G\u00f6n\u00fcl Han\u0131m ile \u00c7a\u011flayanlar\u2019\u0131n yazar\u0131d\u0131r. Bu \u00fc\u00e7 kitap, onun sanat anlay\u0131\u015f\u0131ndaki b\u00fcy\u00fck de\u011fi\u015fimin g\u00f6stergesidir. \u00d6zellikle sonuncusu, onu Mill\u00ee Edebiyat Devresi\u2019nin \u00f6nemli adlar\u0131ndan biri h\u00e2line getirir. \u015eehbenderlik ve benzeri g\u00f6revlerle Avrupa\u2019y\u0131 uzun m\u00fcddet dola\u015fan Ahmed Hikmet, Osmanl\u0131 Devleti\u2019nin d\u0131\u015far\u0131dan nas\u0131l g\u00f6r\u00fcnd\u00fc\u011f\u00fcn\u00fc bilen ve onu Avrupa ile tarafs\u0131zca kar\u015f\u0131la\u015ft\u0131ran n\u00e2dir ayd\u0131nlar\u0131m\u0131zdand\u0131r.Ahmed Hikmet&#8217;in \u015fiirlerini, mektup ve g\u00fcnl\u00fcklerini i\u00e7eren bu kitap, hem bir ayd\u0131n\u0131n \u00f6zel d\u00fcnyas\u0131n\u0131, hem de d\u00f6nemine ili\u015fkin g\u00f6zlemlerini izlememizi sa\u011fl\u0131yor. Kitaptaki \u015fiirler, onun \u015fairli\u011fi hakk\u0131ndaki yarg\u0131lar\u0131n g\u00f6zden ge\u00e7irilmesini haz\u0131rlayacak yo\u011funluktad\u0131r. Mektuplar\u0131, e\u015fi Suad Han\u0131m ile onun \u00f6l\u00fcm\u00fcnden sonra evlendi\u011fi Fatma Ner\u00eeme Han\u0131m\u2019a yazd\u0131klar\u0131ndan olu\u015fmu\u015f bir toplamd\u0131r. Bunlar\u0131n neredeyse tamam\u0131 \u201csevd\u00e2 mektubu\u201d olarak belirginle\u015fir. Bununla birlikte, mektuplardan \u00f6zel hayat\u0131n\u0131n bilinmeyen taraflar\u0131 \u00f6\u011frenilir; eser yay\u0131mlad\u0131\u011f\u0131 dergi ve gazetelerden haberdar olunur. G\u00fcnl\u00fckleri ise, resm\u00ee g\u00f6revlerle \u00e7\u0131kt\u0131\u011f\u0131 Avrupa gezilerindeki izlenimlerini yans\u0131t\u0131r.M\u00fcft\u00fco\u011flu Ahmed Hikmet&#8217;in \u015fiirleri, mektuplar\u0131 ve g\u00fcnl\u00fckleri, M. Kayahan \u00d6zg\u00fcl\u2019\u00fcn titiz \u00e7al\u0131\u015fmas\u0131yla Mill\u00ee K\u00fct\u00fcphane\u2019deki bir \u201ckutu\u201ddan g\u00fcn\u0131\u015f\u0131\u011f\u0131na \u00e7\u0131kar\u0131l\u0131yor. Zengin bir hayat\u0131 ve onun izd\u00fc\u015f\u00fcmlerini g\u00f6rmek i\u00e7in ince bir davet\u2026<\/p>\n","protected":false},"excerpt":{"rendered":"<p>Edebiyy\u00e2t-\u0131 Ced\u00eede\u2019nin hik\u00e2yecilerden biri olarak ad\u0131n\u0131 duyurmu\u015f iken, edebiyatta mill\u00eele\u015fmenin gere\u011fine inanarak b\u00fcy\u00fck bir de\u011fi\u015fim ge\u00e7iren M\u00fcft\u00fco\u011flu Ahmed Hikmet, H\u00e2ristan ve G\u00fclist\u00e2n\u2019\u0131n, G\u00f6n\u00fcl Han\u0131m ile \u00c7a\u011flayanlar\u2019\u0131n<span class=\"excerpt-hellip\"> [\u2026]<\/span><\/p>\n","protected":false},"featured_media":0,"template":"","meta":{"_monsterinsights_skip_tracking":false,"_monsterinsights_sitenote_active":false,"_monsterinsights_sitenote_note":"","_monsterinsights_sitenote_category":0},"product_brand":[],"product_cat":[14009,12291],"product_tag":[],"class_list":{"0":"post-762122","1":"product","2":"type-product","3":"status-publish","5":"product_cat-biyografi-otobiyografi-edebiyat","6":"product_cat-edebiyat","7":"pa_cilt-ciltsiz","8":"pa_tur-kitap","9":"pa_yayinevi-otuken-nesriyat","10":"pa_yazar-ahmet-hikmet-muftuoglu","12":"first","13":"instock","14":"sale","15":"shipping-taxable","16":"purchasable","17":"product-type-simple"},"_links":{"self":[{"href":"https:\/\/roveyayinevi.com.tr\/index.php\/wp-json\/wp\/v2\/product\/762122","targetHints":{"allow":["GET"]}}],"collection":[{"href":"https:\/\/roveyayinevi.com.tr\/index.php\/wp-json\/wp\/v2\/product"}],"about":[{"href":"https:\/\/roveyayinevi.com.tr\/index.php\/wp-json\/wp\/v2\/types\/product"}],"wp:attachment":[{"href":"https:\/\/roveyayinevi.com.tr\/index.php\/wp-json\/wp\/v2\/media?parent=762122"}],"wp:term":[{"taxonomy":"product_brand","embeddable":true,"href":"https:\/\/roveyayinevi.com.tr\/index.php\/wp-json\/wp\/v2\/product_brand?post=762122"},{"taxonomy":"product_cat","embeddable":true,"href":"https:\/\/roveyayinevi.com.tr\/index.php\/wp-json\/wp\/v2\/product_cat?post=762122"},{"taxonomy":"product_tag","embeddable":true,"href":"https:\/\/roveyayinevi.com.tr\/index.php\/wp-json\/wp\/v2\/product_tag?post=762122"}],"curies":[{"name":"wp","href":"https:\/\/api.w.org\/{rel}","templated":true}]}}