{"id":762121,"date":"2025-08-28T09:58:41","date_gmt":"2025-08-28T06:58:41","guid":{"rendered":"https:\/\/roveyayinevi.com.tr\/index.php\/urun\/dis-politikada-turkiye-doktrini\/"},"modified":"2026-04-15T03:27:11","modified_gmt":"2026-04-15T00:27:11","slug":"dis-politikada-turkiye-doktrini","status":"publish","type":"product","link":"https:\/\/roveyayinevi.com.tr\/index.php\/urun\/dis-politikada-turkiye-doktrini\/","title":{"rendered":"D\u0131\u015f Politikada T\u00fcrkiye Doktrini"},"content":{"rendered":"<p>Bu kitap yeni s\u00f6zler s\u00f6ylemektedir. B\u00f6l\u00fcmler ortaya \u00e7\u0131k\u0131p yaz\u0131l\u0131rken, klasik d\u0131\u015f politika\/diplomasi literat\u00fcr\u00fcnden yararlan\u0131lm\u0131\u015f ve k\u0131demli diplomatlar\u0131m\u0131z\u0131n g\u00f6r\u00fc\u015flerine de ba\u015fvurulmu\u015ftur. B\u00f6ylece, d\u0131\u015f politikay\u0131 \u00fcreten ve y\u00fcr\u00fcten kadrolar\u0131n \u00f6zg\u00fcn tecr\u00fcbelerini aktarmas\u0131yla, akademik camiaya kaynak bilgi sunulmaktad\u0131r.Kitab\u0131n ana hedefini, Avrupa veya Amerika k\u00f6kenli kuramsal ve kurumsal \u00e7er\u00e7evenin d\u0131\u015f\u0131nda yeni bir pozisyon olu\u015fturman\u0131n teorik ad\u0131mlar\u0131n\u0131 atmak bi\u00e7iminde if\u00e2de edebiliriz. Zir\u00e2, epistemik \u00f6zg\u00fcrl\u00fck olmadan sistemik ba\u011f\u0131ms\u0131zl\u0131k m\u00fcmk\u00fcn de\u011fildir. Bu anlamda kitab\u0131n t\u00fcmel yakla\u015f\u0131m\u0131, T\u00fcrkiye merce\u011finden bakarak b\u00fct\u00fcn\u00fc g\u00f6rmek ve detaylar\u0131 b\u00fct\u00fcnc\u00fcl sistematik ile g\u00f6stermek \u015feklinde tem\u00e2y\u00fcz etmektedir. \u0130\u015fte bu nedenle, kamuoyuna sunulan dosyan\u0131n ismi \u201cT\u00fcrkiye Doktrini\u201d olarak belirlenmi\u015ftir.Kitap, do\u011fal olarak \u00f6ncelikle gen\u00e7 diplomatlara hitap etmektedir. Fakat diplomasi ya da daha kapsay\u0131c\u0131 boyutuyla d\u0131\u015f politika faaliyetleri t\u00fcm devlet kurumlar\u0131n\u0131 ilgilendirmektedir. Dolay\u0131s\u0131yla bu \u00e7al\u0131\u015fma gen\u00e7 b\u00fcrokratlar\u0131n hepsi i\u00e7indir. Bu nedenle, \u00fclkemizi d\u0131\u015far\u0131da veya d\u0131\u015far\u0131ya kar\u015f\u0131 bir \u015fekilde temsil eden her kesimin ve herkesin temel konular\u0131 bilmesinde yarar vard\u0131r.<\/p>\n","protected":false},"excerpt":{"rendered":"<p>Bu kitap yeni s\u00f6zler s\u00f6ylemektedir. B\u00f6l\u00fcmler ortaya \u00e7\u0131k\u0131p yaz\u0131l\u0131rken, klasik d\u0131\u015f politika\/diplomasi literat\u00fcr\u00fcnden yararlan\u0131lm\u0131\u015f ve k\u0131demli diplomatlar\u0131m\u0131z\u0131n g\u00f6r\u00fc\u015flerine de ba\u015fvurulmu\u015ftur. B\u00f6ylece, d\u0131\u015f politikay\u0131 \u00fcreten ve y\u00fcr\u00fcten<span class=\"excerpt-hellip\"> [\u2026]<\/span><\/p>\n","protected":false},"featured_media":0,"template":"","meta":{"_monsterinsights_skip_tracking":false,"_monsterinsights_sitenote_active":false,"_monsterinsights_sitenote_note":"","_monsterinsights_sitenote_category":0},"product_brand":[],"product_cat":[48062,12337],"product_tag":[],"class_list":{"0":"post-762121","1":"product","2":"type-product","3":"status-publish","5":"product_cat-dis-politika","6":"product_cat-politika-siyaset","7":"pa_cilt-ciltsiz","8":"pa_tur-kitap","9":"pa_yayinevi-otuken-nesriyat","10":"pa_yazar-gursel-donmez","12":"first","13":"instock","14":"sale","15":"shipping-taxable","16":"purchasable","17":"product-type-simple"},"_links":{"self":[{"href":"https:\/\/roveyayinevi.com.tr\/index.php\/wp-json\/wp\/v2\/product\/762121","targetHints":{"allow":["GET"]}}],"collection":[{"href":"https:\/\/roveyayinevi.com.tr\/index.php\/wp-json\/wp\/v2\/product"}],"about":[{"href":"https:\/\/roveyayinevi.com.tr\/index.php\/wp-json\/wp\/v2\/types\/product"}],"wp:attachment":[{"href":"https:\/\/roveyayinevi.com.tr\/index.php\/wp-json\/wp\/v2\/media?parent=762121"}],"wp:term":[{"taxonomy":"product_brand","embeddable":true,"href":"https:\/\/roveyayinevi.com.tr\/index.php\/wp-json\/wp\/v2\/product_brand?post=762121"},{"taxonomy":"product_cat","embeddable":true,"href":"https:\/\/roveyayinevi.com.tr\/index.php\/wp-json\/wp\/v2\/product_cat?post=762121"},{"taxonomy":"product_tag","embeddable":true,"href":"https:\/\/roveyayinevi.com.tr\/index.php\/wp-json\/wp\/v2\/product_tag?post=762121"}],"curies":[{"name":"wp","href":"https:\/\/api.w.org\/{rel}","templated":true}]}}