{"id":762120,"date":"2025-08-28T09:58:39","date_gmt":"2025-08-28T06:58:39","guid":{"rendered":"https:\/\/roveyayinevi.com.tr\/index.php\/urun\/roman-dersleri\/"},"modified":"2026-04-15T03:27:11","modified_gmt":"2026-04-15T00:27:11","slug":"roman-dersleri","status":"publish","type":"product","link":"https:\/\/roveyayinevi.com.tr\/index.php\/urun\/roman-dersleri\/","title":{"rendered":"Roman Dersleri"},"content":{"rendered":"<p>\u00c7in y\u0131ll\u0131\u011f\u0131ndaki Hunlara ait T\u00fcrk\u00e7e beyit, T\u00fcrk edebiyat\u0131n\u0131n tarihinin iki bin y\u0131ldan daha eski oldu\u011funu g\u00f6steriyor. Fakat bu k\u00f6kl\u00fc edebiyat\u0131n ele\u015ftirisi c\u0131l\u0131zd\u0131r hatta T\u00fcrk roman\u0131 \u00fczerine yazan nitelikli kalemlerin say\u0131s\u0131 bir elin parmaklar\u0131n\u0131 ge\u00e7mez. Alper \u00c7eker&#8217;in Roman Dersleri adl\u0131 kitab\u0131 bu eksi\u011fi kapatmay\u0131 ama\u00e7l\u0131yor. Yazar metinleri ele al\u0131rken y\u00f6ntem olarak bir terkibi kullan\u0131yor. Bu terkip; Rus Bi\u00e7imcili\u011fi, Yap\u0131salc\u0131l\u0131k ve G\u00f6stergebilim gibi bi\u00e7imci yakla\u015f\u0131mlar\u0131n a\u00e7\u0131\u011f\u0131n\u0131 yorum gelene\u011fi ile tamamlayan bir y\u00f6ntem.Roman Dersleri iki b\u00f6l\u00fcmden olu\u015fuyor. Kitap birinci b\u00f6l\u00fcmde Cumhuriyet d\u00f6nemi muhalif T\u00fcrk roman\u0131n\u0131n; T\u00fcrkiye&#8217;de kamu kurumlar\u0131n\u0131n y\u00f6netimini elinde tutan z\u00fcmrenin uygulamalar\u0131na getirdi\u011fi ele\u015ftiriyi, romanc\u0131n\u0131n bu z\u00fcmre ile bir t\u00fcr hesapla\u015fmas\u0131n\u0131 konu ediyor. \u0130kinci b\u00f6l\u00fcmde ise yazar tasavvufi romanlar\u0131 de\u011ferlendiriyor. Alper \u00c7eker bu romanlar\u0131 yorumlarken okurlar\u0131 tasavvuf konulu alt metinler aras\u0131nda keyifli bir yolculu\u011fa \u00e7\u0131kar\u0131yor.<\/p>\n","protected":false},"excerpt":{"rendered":"<p>\u00c7in y\u0131ll\u0131\u011f\u0131ndaki Hunlara ait T\u00fcrk\u00e7e beyit, T\u00fcrk edebiyat\u0131n\u0131n tarihinin iki bin y\u0131ldan daha eski oldu\u011funu g\u00f6steriyor. Fakat bu k\u00f6kl\u00fc edebiyat\u0131n ele\u015ftirisi c\u0131l\u0131zd\u0131r hatta T\u00fcrk roman\u0131 \u00fczerine<span class=\"excerpt-hellip\"> [\u2026]<\/span><\/p>\n","protected":false},"featured_media":0,"template":"","meta":{"_monsterinsights_skip_tracking":false,"_monsterinsights_sitenote_active":false,"_monsterinsights_sitenote_note":"","_monsterinsights_sitenote_category":0},"product_brand":[],"product_cat":[13072,12291],"product_tag":[],"class_list":{"0":"post-762120","1":"product","2":"type-product","3":"status-publish","5":"product_cat-arastirma-inceleme-referans","6":"product_cat-edebiyat","7":"pa_cilt-ciltsiz","8":"pa_tur-kitap","9":"pa_yayinevi-otuken-nesriyat","10":"pa_yazar-alper-ceker","12":"first","13":"instock","14":"sale","15":"shipping-taxable","16":"purchasable","17":"product-type-simple"},"_links":{"self":[{"href":"https:\/\/roveyayinevi.com.tr\/index.php\/wp-json\/wp\/v2\/product\/762120","targetHints":{"allow":["GET"]}}],"collection":[{"href":"https:\/\/roveyayinevi.com.tr\/index.php\/wp-json\/wp\/v2\/product"}],"about":[{"href":"https:\/\/roveyayinevi.com.tr\/index.php\/wp-json\/wp\/v2\/types\/product"}],"wp:attachment":[{"href":"https:\/\/roveyayinevi.com.tr\/index.php\/wp-json\/wp\/v2\/media?parent=762120"}],"wp:term":[{"taxonomy":"product_brand","embeddable":true,"href":"https:\/\/roveyayinevi.com.tr\/index.php\/wp-json\/wp\/v2\/product_brand?post=762120"},{"taxonomy":"product_cat","embeddable":true,"href":"https:\/\/roveyayinevi.com.tr\/index.php\/wp-json\/wp\/v2\/product_cat?post=762120"},{"taxonomy":"product_tag","embeddable":true,"href":"https:\/\/roveyayinevi.com.tr\/index.php\/wp-json\/wp\/v2\/product_tag?post=762120"}],"curies":[{"name":"wp","href":"https:\/\/api.w.org\/{rel}","templated":true}]}}