{"id":762119,"date":"2025-08-28T09:58:36","date_gmt":"2025-08-28T06:58:36","guid":{"rendered":"https:\/\/roveyayinevi.com.tr\/index.php\/urun\/taksimden-galatasaraya\/"},"modified":"2026-04-15T03:27:11","modified_gmt":"2026-04-15T00:27:11","slug":"taksimden-galatasaraya","status":"publish","type":"product","link":"https:\/\/roveyayinevi.com.tr\/index.php\/urun\/taksimden-galatasaraya\/","title":{"rendered":"Taksim&#8217;den Galatasaray&#8217;a"},"content":{"rendered":"<p>Sermet Muhtar Alus\u2019un Amcabey ve Aydabir\u2019deki yaz\u0131lar\u0131 Taksim\u2019den Galatasaray\u2019a ad\u0131yla ilk defa bir araya getiriliyor. Amcabey\u2019de \u201cD\u00fcnden, Bug\u00fcnden\u201d ba\u015fl\u0131\u011f\u0131 alt\u0131nda Cemal Nadir G\u00fcler\u2019in kendisine e\u015flik etti\u011fi yaz\u0131lar da b\u00fct\u00fcnl\u00fck sa\u011flanmas\u0131 amac\u0131yla bu kitapta okura sunuluyor. Bunlar\u0131n yan\u0131nda m\u00fcstakil yaz\u0131lar bi\u00e7iminde de\u011ferlendirebilece\u011fimiz \u201cEski Zamparalar\u201d, \u201cEski Yal\u0131lar\u201d, \u201cK\u00e2\u011f\u0131thane\u201d ve kitaba ad\u0131n\u0131 veren \u201cTaksim\u2019den Galatasaray\u2019a\u201d yaz\u0131lar\u0131 eski \u0130stanbul hat\u0131ralar\u0131yla \u00f6r\u00fcl\u00fc bir \u00e7er\u00e7eve \u00e7iziyor. Kitab\u0131n son b\u00f6l\u00fcm\u00fcndeki k\u0131sa hik\u00e2yelerde de mizah ve g\u00fcld\u00fcr\u00fc \u00f6ne \u00e7\u0131k\u0131yor. Taksim\u2019den Galatasaray\u2019a kitab\u0131nda yay\u0131mlanan yaz\u0131lar 1930\u2019lar\u0131n ortas\u0131ndan 1940\u2019lar\u0131n ortas\u0131na bir s\u00fcrece yay\u0131l\u0131r. Bunlar Alus\u2019un art\u0131k hem \u0130stanbul yaz\u0131lar\u0131nda hem de edeb\u00ee kimli\u011finde kemale erdi\u011finin i\u015faretleridir. Bu eserlerin tamam\u0131nda eski \u0130stanbul\u2019un g\u00f6lgesi h\u00e2kimdir. Alus, ge\u00e7mi\u015f zamanlar\u0131n \u0130stanbul\u2019unu ve insanlar\u0131n\u0131 anlatmak i\u00e7in edebiyat\u0131n t\u00fcrleri aras\u0131nda bir sal\u0131ncak kurmu\u015f gibidir. \u00c7ocuklu\u011funun, gen\u00e7lik heyecanlar\u0131n\u0131n yans\u0131malar\u0131n\u0131 karanl\u0131\u011fa terk etmemek arzusu onu daima tahrik eder. Bundan olsa gerek okuduklar\u0131m\u0131z\u0131n ne kadar\u0131 ger\u00e7ek ne kadar\u0131 kurgu anlamakta zorlan\u0131r\u0131z. Burada soluksuz bir c\u00fcmb\u00fc\u015f\u00fcn inip \u00e7\u0131kan na\u011fmeleri, bazen g\u00fcr\u00fclt\u00fcs\u00fc aras\u0131nda ihti\u015faml\u0131 bir dil zevkine, biraz daha \u00fczerinde durulsa orijinal bir roman kahraman\u0131na d\u00f6necek tiplerin ayr\u0131nt\u0131 sarho\u015fu bir \u00fcslupla anlat\u0131lan d\u00fcnyalar\u0131na yol al\u0131r\u0131z.Sermet Muhtar Alus i\u00e7in bir mirasyediydi demekten imtina etmiyoruz. Kitab\u0131n ba\u015f\u0131nda k\u0131sa biyografisini verdi\u011fimiz Alus, d\u00fczenli bir i\u015fte hi\u00e7bir zaman \u00e7al\u0131\u015fmam\u0131\u015ft\u0131r. Babas\u0131n\u0131n n\u00fcfuzuyla bir ara Asker\u00ee M\u00fcze\u2019de g\u00f6r\u00fcn\u00fcr. Hepsi o. Yazd\u0131klar\u0131n\u0131 okurken b\u00fct\u00fcn hik\u00e2yelerinde, yaz\u0131lar\u0131nda kahraman\u0131n kendisi oldu\u011funu anl\u0131yoruz. Y\u00fcksek Kald\u0131r\u0131m\u2019dan T\u00fcnel\u2019e \u00e7\u0131karken bug\u00fcn enstr\u00fcman ma\u011fazalar\u0131n\u0131n oldu\u011fu sokakta, bir d\u00fckk\u00e2nda \u00e7al\u0131\u015fan Rum k\u0131zlar\u0131na \u00e2\u015f\u0131k gen\u00e7, Sermet Muhtar\u2019dan ba\u015fkas\u0131 de\u011fildir. Karak\u00f6y\u2019\u00fcn balozlar\u0131, Mama\u2019n\u0131n, Fenerbah\u00e7e\u2019nin mesireleri onundur. Ancak bu tatl\u0131 hik\u00e2ye belli ki ya\u015f ilerledik\u00e7e, eldeki sermaye t\u00fckendik\u00e7e Alus\u2019a yeni bir d\u00fczen dayatm\u0131\u015ft\u0131r. Para kazanacak, ge\u00e7inecek, Beyo\u011flu\u2019ndaki dairesinde iyi ya da k\u00f6t\u00fc bir hayat s\u00fcrecektir. Yazd\u0131klar\u0131ndan Arap\u00e7a, Fars\u00e7a, \u0130talyanca ve Frans\u0131zca bilgisinin son derece ileri seviyede oldu\u011fu g\u00f6r\u00fcl\u00fcr. Rumca ve Ermeniceden de behredard\u0131 elbette ancak onlar\u0131 \u00f6\u011fretecek, okutacak bir iklim art\u0131k \u0130stanbul\u2019da yoktu. \u0130yi bildi\u011fi dilleri bir derse \u00e7evirip para kazanmay\u0131 d\u00fc\u015f\u00fcnd\u00fc m\u00fc bilmiyoruz. Hayat\u0131n\u0131 az \u00e7ok bir zemine oturtabildi\u011fimiz Alus\u2019un bir \u00f6\u011fretmen disiplinine girebilece\u011fi de m\u00fcmk\u00fcn g\u00f6r\u00fcnm\u00fcyor. Ya\u015famak i\u00e7in bildi\u011fi en iyi i\u015fi yapacakt\u0131. O da \u0130stanbul\u2019u yazmakt\u0131.Taksim\u2019den Galatasaray\u2019a, bu b\u00fcy\u00fcleyici, cezbedici, muazzam d\u00fcnyan\u0131n kap\u0131lar\u0131n\u0131 aralayan bir kitap olarak yay\u0131mlan\u0131yor.<\/p>\n","protected":false},"excerpt":{"rendered":"<p>Sermet Muhtar Alus\u2019un Amcabey ve Aydabir\u2019deki yaz\u0131lar\u0131 Taksim\u2019den Galatasaray\u2019a ad\u0131yla ilk defa bir araya getiriliyor. Amcabey\u2019de \u201cD\u00fcnden, Bug\u00fcnden\u201d ba\u015fl\u0131\u011f\u0131 alt\u0131nda Cemal Nadir G\u00fcler\u2019in kendisine e\u015flik etti\u011fi<span class=\"excerpt-hellip\"> [\u2026]<\/span><\/p>\n","protected":false},"featured_media":0,"template":"","meta":{"_monsterinsights_skip_tracking":false,"_monsterinsights_sitenote_active":false,"_monsterinsights_sitenote_note":"","_monsterinsights_sitenote_category":0},"product_brand":[],"product_cat":[12777,12291],"product_tag":[],"class_list":{"0":"post-762119","1":"product","2":"type-product","3":"status-publish","5":"product_cat-deneme","6":"product_cat-edebiyat","7":"pa_cilt-ciltsiz","8":"pa_tur-kitap","9":"pa_yayinevi-otuken-nesriyat","10":"pa_yazar-sermet-muhtar-alus","12":"first","13":"instock","14":"sale","15":"shipping-taxable","16":"purchasable","17":"product-type-simple"},"_links":{"self":[{"href":"https:\/\/roveyayinevi.com.tr\/index.php\/wp-json\/wp\/v2\/product\/762119","targetHints":{"allow":["GET"]}}],"collection":[{"href":"https:\/\/roveyayinevi.com.tr\/index.php\/wp-json\/wp\/v2\/product"}],"about":[{"href":"https:\/\/roveyayinevi.com.tr\/index.php\/wp-json\/wp\/v2\/types\/product"}],"wp:attachment":[{"href":"https:\/\/roveyayinevi.com.tr\/index.php\/wp-json\/wp\/v2\/media?parent=762119"}],"wp:term":[{"taxonomy":"product_brand","embeddable":true,"href":"https:\/\/roveyayinevi.com.tr\/index.php\/wp-json\/wp\/v2\/product_brand?post=762119"},{"taxonomy":"product_cat","embeddable":true,"href":"https:\/\/roveyayinevi.com.tr\/index.php\/wp-json\/wp\/v2\/product_cat?post=762119"},{"taxonomy":"product_tag","embeddable":true,"href":"https:\/\/roveyayinevi.com.tr\/index.php\/wp-json\/wp\/v2\/product_tag?post=762119"}],"curies":[{"name":"wp","href":"https:\/\/api.w.org\/{rel}","templated":true}]}}