{"id":762118,"date":"2025-08-28T09:58:34","date_gmt":"2025-08-28T06:58:34","guid":{"rendered":"https:\/\/roveyayinevi.com.tr\/index.php\/urun\/turk-guresi\/"},"modified":"2026-04-15T03:27:11","modified_gmt":"2026-04-15T00:27:11","slug":"turk-guresi","status":"publish","type":"product","link":"https:\/\/roveyayinevi.com.tr\/index.php\/urun\/turk-guresi\/","title":{"rendered":"T\u00fcrk G\u00fcre\u015fi"},"content":{"rendered":"<p>27 Ekim 1946\u2019da Cumhuriyet gazetesinde \u201cT\u00fcrk \u00e7ocuklar\u0131n\u0131n Avrupa serbest g\u00fcre\u015f birinciliklerinde kazand\u0131klar\u0131 zafer, b\u00fct\u00fcn memleketle beraber bizi de bu mill\u00ee sporumuz \u00fczerinde ehemmiyetle tevakkuf ettirdi. Bu m\u00fcnasebetle \u00fcstad \u0130smail Habib Sev\u00fck\u2019\u00fcn T\u00fcrk G\u00fcre\u015fi ismiyle haz\u0131rlay\u0131p birka\u00e7 g\u00fcn \u00f6nce bize tevdi etti\u011fi \u00e7ok \u015fayan-\u0131 dikkat bir yaz\u0131 serisinin ne\u015frini tacile karar verdik. Mevzunun cazibesi ve \u00fcstad\u0131n kaleminden \u00e7\u0131km\u0131\u015f olmas\u0131 gibi iki b\u00fcy\u00fck mazhariyeti olan bu yaz\u0131lar\u0131n al\u00e2ka ile takip edilece\u011finden emin bulunuyoruz,\u201d \u015feklinde m\u00fcjdelenen yaz\u0131 dizi ayn\u0131 g\u00fcn i\u00e7 sayfada okurla bulu\u015fmu\u015ftu.1948\u2019de T\u00fcrk G\u00fcre\u015fi ve Elli Y\u0131l \u00d6nce Garp \u00c2lemindeki T\u00fcrk Kas\u0131rgas\u0131 ismiyle ne\u015fredilen eser, yanl\u0131\u015f bilinen pek \u00e7ok konuyu d\u00fczeltti\u011fi gibi uzun y\u0131llar boyunca bitmek bilmeyen tefrikalarda s\u00fcnd\u00fcr\u00fclen anlat\u0131lar\u0131 \u00f6zetleme i\u015flevini de \u00fcstlenmi\u015fti. Bu sebeple me\u015fhur spor yazar\u0131 Ali G\u00fcm\u00fc\u015f, \u0130smail Habib Sev\u00fck\u2019\u00fc \u201cT\u00fcrk g\u00fcre\u015fini hurafelerden kurtaran adam\u201d olarak nitelendirmi\u015fti. Elinizdeki kitap \u0130smail Habib Sev\u00fck\u2019\u00fcn olimpiyatlar esnas\u0131nda yazd\u0131\u011f\u0131 g\u00fcnl\u00fck yaz\u0131lar da eklenerek geni\u015fletildi. Kitapta ge\u00e7en isimlerle alakal\u0131 ek bilgiler verildi ve baz\u0131 hatalar dipnotlarda d\u00fczeltildi. T\u00fcrk sporu i\u00e7in \u00f6nc\u00fc kitaplardan biri olan T\u00fcrk G\u00fcre\u015fi seneler sonra g\u00fcre\u015f merakl\u0131lar\u0131yla bir ba\u015fvuru kitab\u0131 olarak bulu\u015fuyor.<\/p>\n","protected":false},"excerpt":{"rendered":"<p>27 Ekim 1946\u2019da Cumhuriyet gazetesinde \u201cT\u00fcrk \u00e7ocuklar\u0131n\u0131n Avrupa serbest g\u00fcre\u015f birinciliklerinde kazand\u0131klar\u0131 zafer, b\u00fct\u00fcn memleketle beraber bizi de bu mill\u00ee sporumuz \u00fczerinde ehemmiyetle tevakkuf ettirdi. Bu<span class=\"excerpt-hellip\"> [\u2026]<\/span><\/p>\n","protected":false},"featured_media":0,"template":"","meta":{"_monsterinsights_skip_tracking":false,"_monsterinsights_sitenote_active":false,"_monsterinsights_sitenote_note":"","_monsterinsights_sitenote_category":0},"product_brand":[],"product_cat":[14009,12291],"product_tag":[],"class_list":{"0":"post-762118","1":"product","2":"type-product","3":"status-publish","5":"product_cat-biyografi-otobiyografi-edebiyat","6":"product_cat-edebiyat","7":"pa_cilt-ciltsiz","8":"pa_tur-kitap","9":"pa_yayinevi-otuken-nesriyat","10":"pa_yazar-ismail-habib-sevuk","12":"first","13":"instock","14":"sale","15":"shipping-taxable","16":"purchasable","17":"product-type-simple"},"_links":{"self":[{"href":"https:\/\/roveyayinevi.com.tr\/index.php\/wp-json\/wp\/v2\/product\/762118","targetHints":{"allow":["GET"]}}],"collection":[{"href":"https:\/\/roveyayinevi.com.tr\/index.php\/wp-json\/wp\/v2\/product"}],"about":[{"href":"https:\/\/roveyayinevi.com.tr\/index.php\/wp-json\/wp\/v2\/types\/product"}],"wp:attachment":[{"href":"https:\/\/roveyayinevi.com.tr\/index.php\/wp-json\/wp\/v2\/media?parent=762118"}],"wp:term":[{"taxonomy":"product_brand","embeddable":true,"href":"https:\/\/roveyayinevi.com.tr\/index.php\/wp-json\/wp\/v2\/product_brand?post=762118"},{"taxonomy":"product_cat","embeddable":true,"href":"https:\/\/roveyayinevi.com.tr\/index.php\/wp-json\/wp\/v2\/product_cat?post=762118"},{"taxonomy":"product_tag","embeddable":true,"href":"https:\/\/roveyayinevi.com.tr\/index.php\/wp-json\/wp\/v2\/product_tag?post=762118"}],"curies":[{"name":"wp","href":"https:\/\/api.w.org\/{rel}","templated":true}]}}