{"id":762117,"date":"2025-08-28T09:58:32","date_gmt":"2025-08-28T06:58:32","guid":{"rendered":"https:\/\/roveyayinevi.com.tr\/index.php\/urun\/varlik\/"},"modified":"2026-01-30T03:54:44","modified_gmt":"2026-01-30T00:54:44","slug":"varlik","status":"publish","type":"product","link":"https:\/\/roveyayinevi.com.tr\/index.php\/urun\/varlik\/","title":{"rendered":"Var&#8217;l\u0131k"},"content":{"rendered":"<p>&#8220;Delili\u011fi Ruhuna \u0130\u015fleyemeyenler \u0130lham\u0131n\u0131 Yan\u0131nda Ta\u015f\u0131yamaz&#8221; Muhsin Ertu\u011frul \u00d6zer <\/p>\n","protected":false},"excerpt":{"rendered":"<p>&#8220;Delili\u011fi Ruhuna \u0130\u015fleyemeyenler \u0130lham\u0131n\u0131 Yan\u0131nda Ta\u015f\u0131yamaz&#8221; Muhsin Ertu\u011frul \u00d6zer<\/p>\n","protected":false},"featured_media":0,"template":"","meta":{"_monsterinsights_skip_tracking":false,"_monsterinsights_sitenote_active":false,"_monsterinsights_sitenote_note":"","_monsterinsights_sitenote_category":0},"product_brand":[],"product_cat":[12291,12509],"product_tag":[],"class_list":{"0":"post-762117","1":"product","2":"type-product","3":"status-publish","5":"product_cat-edebiyat","6":"product_cat-siir","7":"pa_cilt-ciltsiz","8":"pa_tur-kitap","9":"pa_yayinevi-vova-yayinlari","10":"pa_yazar-muhsin-ertugrul-ozer","12":"first","13":"instock","14":"sale","15":"shipping-taxable","16":"purchasable","17":"product-type-simple"},"_links":{"self":[{"href":"https:\/\/roveyayinevi.com.tr\/index.php\/wp-json\/wp\/v2\/product\/762117","targetHints":{"allow":["GET"]}}],"collection":[{"href":"https:\/\/roveyayinevi.com.tr\/index.php\/wp-json\/wp\/v2\/product"}],"about":[{"href":"https:\/\/roveyayinevi.com.tr\/index.php\/wp-json\/wp\/v2\/types\/product"}],"wp:attachment":[{"href":"https:\/\/roveyayinevi.com.tr\/index.php\/wp-json\/wp\/v2\/media?parent=762117"}],"wp:term":[{"taxonomy":"product_brand","embeddable":true,"href":"https:\/\/roveyayinevi.com.tr\/index.php\/wp-json\/wp\/v2\/product_brand?post=762117"},{"taxonomy":"product_cat","embeddable":true,"href":"https:\/\/roveyayinevi.com.tr\/index.php\/wp-json\/wp\/v2\/product_cat?post=762117"},{"taxonomy":"product_tag","embeddable":true,"href":"https:\/\/roveyayinevi.com.tr\/index.php\/wp-json\/wp\/v2\/product_tag?post=762117"}],"curies":[{"name":"wp","href":"https:\/\/api.w.org\/{rel}","templated":true}]}}