{"id":762116,"date":"2025-08-28T09:58:31","date_gmt":"2025-08-28T06:58:31","guid":{"rendered":"https:\/\/roveyayinevi.com.tr\/index.php\/urun\/tanri-gercegi\/"},"modified":"2026-01-30T03:54:44","modified_gmt":"2026-01-30T00:54:44","slug":"tanri-gercegi","status":"publish","type":"product","link":"https:\/\/roveyayinevi.com.tr\/index.php\/urun\/tanri-gercegi\/","title":{"rendered":"Tanr\u0131 Ger\u00e7e\u011fi"},"content":{"rendered":"<p>Nas\u0131l, neden, ni\u00e7in varolduk sorusu bilimin temelidir. Bilim insanlar\u0131 nice bin y\u0131ld\u0131r bu sorulara cevap ararlar. Bu temel sorulara cevap arayan tek canl\u0131 insanlard\u0131r. \u0130nsanlar ak\u0131l ve mant\u0131k y\u00fcr\u00fctme, hayal kurma, ara\u015ft\u0131rma, sonu\u00e7 \u00e7\u0131karma vb. gibi melekelerle di\u011fer canl\u0131lardan ayr\u0131l\u0131rlar. \u0130nsanlar di\u011fer canl\u0131lara fiziken benzeseler bile ruhen farkl\u0131d\u0131r. Bilim yapan, \u00f6\u011frendiklerini di\u011fer nesillere aktar\u0131p biriktiren tek canl\u0131 insanlard\u0131r. Bu yolla nesiller boyu b\u00fcy\u00fcy\u00fcp y\u00fckselen bir *bilim piramidi* olu\u015fur. Neden ni\u00e7in var olduk sorular\u0131na cevap aray\u0131p, bulmam\u0131z i\u00e7in her \u015feyden \u00f6nce nas\u0131l varolduk sorusunun cevab\u0131n\u0131 bulmam\u0131z gerekir. Nas\u0131l varolduk sorusuna cevap veremez isek ni\u00e7in neden varolduk sorular\u0131na cevaplar aramam\u0131z mant\u0131kl\u0131 olmaz. Pozitif bilimin koydu\u011fu yol ve y\u00f6ntemlerle temel sorulara cevaplar bulma \u00e7al\u0131\u015fmalar\u0131na bilim yapma diyoruz. Bilim yapmak i\u00e7in baz\u0131 y\u00f6ntemler koyma nedenimiz yap\u0131m\u0131z gere\u011fi \u00e7ok s\u0131k yan\u0131l\u0131p aldanabilir olmam\u0131z, ula\u015ft\u0131\u011f\u0131m\u0131z sonu\u00e7lar\u0131 do\u011fru sanmam\u0131z, ger\u00e7ek olduklar\u0131na inanmam\u0131zd\u0131r. Bilim g\u00f6zlem ve deneylerle s\u0131nama \u015fart\u0131n\u0131 temel al\u0131r. Hi\u00e7bir inan\u00e7, fikir, \u00f6ng\u00f6r\u00fc..pe\u015finen do\u011fru &#8211; ger\u00e7ek kabul edilmez. Bilim inan\u00e7lar \u00fczerine kurgulanmaz. Bilim piramidi *sahte ger\u00e7ekler* ile bina edilemez. Tarihi inan\u00e7lar\u0131n, fikirlerin\u2026 *inkar edilemez ger\u00e7ekler* kabul edildi\u011fi karanl\u0131k d\u00f6nemlerden ge\u00e7mi\u015ftir. Bu karanl\u0131k d\u00f6nem daha yo\u011fun olarak hala devam etmektedir.<\/p>\n","protected":false},"excerpt":{"rendered":"<p>Nas\u0131l, neden, ni\u00e7in varolduk sorusu bilimin temelidir. Bilim insanlar\u0131 nice bin y\u0131ld\u0131r bu sorulara cevap ararlar. Bu temel sorulara cevap arayan tek canl\u0131 insanlard\u0131r. \u0130nsanlar ak\u0131l<span class=\"excerpt-hellip\"> [\u2026]<\/span><\/p>\n","protected":false},"featured_media":0,"template":"","meta":{"_monsterinsights_skip_tracking":false,"_monsterinsights_sitenote_active":false,"_monsterinsights_sitenote_note":"","_monsterinsights_sitenote_category":0},"product_brand":[],"product_cat":[13005],"product_tag":[],"class_list":{"0":"post-762116","1":"product","2":"type-product","3":"status-publish","5":"product_cat-bilim-muhendislik","6":"pa_cilt-ciltsiz","7":"pa_tur-kitap","8":"pa_yayinevi-vova-yayinlari","9":"pa_yazar-hudai-cakmak","11":"first","12":"instock","13":"sale","14":"shipping-taxable","15":"purchasable","16":"product-type-simple"},"_links":{"self":[{"href":"https:\/\/roveyayinevi.com.tr\/index.php\/wp-json\/wp\/v2\/product\/762116","targetHints":{"allow":["GET"]}}],"collection":[{"href":"https:\/\/roveyayinevi.com.tr\/index.php\/wp-json\/wp\/v2\/product"}],"about":[{"href":"https:\/\/roveyayinevi.com.tr\/index.php\/wp-json\/wp\/v2\/types\/product"}],"wp:attachment":[{"href":"https:\/\/roveyayinevi.com.tr\/index.php\/wp-json\/wp\/v2\/media?parent=762116"}],"wp:term":[{"taxonomy":"product_brand","embeddable":true,"href":"https:\/\/roveyayinevi.com.tr\/index.php\/wp-json\/wp\/v2\/product_brand?post=762116"},{"taxonomy":"product_cat","embeddable":true,"href":"https:\/\/roveyayinevi.com.tr\/index.php\/wp-json\/wp\/v2\/product_cat?post=762116"},{"taxonomy":"product_tag","embeddable":true,"href":"https:\/\/roveyayinevi.com.tr\/index.php\/wp-json\/wp\/v2\/product_tag?post=762116"}],"curies":[{"name":"wp","href":"https:\/\/api.w.org\/{rel}","templated":true}]}}