{"id":762114,"date":"2025-08-28T09:58:27","date_gmt":"2025-08-28T06:58:27","guid":{"rendered":"https:\/\/roveyayinevi.com.tr\/index.php\/urun\/percinlenmis-yalnizlik\/"},"modified":"2026-01-30T03:54:44","modified_gmt":"2026-01-30T00:54:44","slug":"percinlenmis-yalnizlik","status":"publish","type":"product","link":"https:\/\/roveyayinevi.com.tr\/index.php\/urun\/percinlenmis-yalnizlik\/","title":{"rendered":"Per\u00e7inlenmi\u015f Yaln\u0131zl\u0131k"},"content":{"rendered":"<p>Saklad\u0131m bir ka\u00e7 bin y\u0131l i\u00e7ime kelep\u00e7eledi\u011fin s\u00f6zleri Kim bilir g\u00f6zlerin \u015fimdi kimin kalbinin esiri Bak bulutlar yine say\u0131kl\u0131yor merhametsiz ismini Senle ba\u015flayan hi\u00e7bir \u015fey sende bitmedi   Alev alev yak\u0131yor bu ya\u011fmurlar\u0131n her bir ince tanesi A\u011flamakl\u0131 bir \u00e7ocuk gibi s\u00fcr\u00fcnen bedenimi Ellerinin izi kalm\u0131\u015f bak g\u00f6\u011fs\u00fcmde ne yapsam silemezdim ki Bak \u015fimdi s\u0131zlat\u0131yor parmaklar\u0131n sevgiye \u0131rak y\u00fcre\u011fimi   Kabusum d\u00f6k\u00fcl\u00fcr dudaklar\u0131mdan her gece Dilsiz bir \u015fark\u0131c\u0131 ve biz dans ediyoruz seninle \u00c7\u0131\u011f gibi gecenin \u00e7\u0131\u011fl\u0131k \u00e7\u0131\u011fl\u0131\u011fa matemi g\u00f6zlerinde Siyaht\u0131 oysa en sevdi\u011fim \u015fark\u0131lar g\u00f6zlerinin i\u00e7inde   G\u00fcl kokusu yay\u0131l\u0131rd\u0131 per\u00e7inlenmi\u015f yaln\u0131zl\u0131\u011f\u0131m\u0131n k\u00f6klerine Senin ismin doldururdu ci\u011ferlerimi kan revan i\u00e7inde A\u011fz\u0131mdan senin rengin d\u00f6k\u00fcl\u00fcr yoklu\u011fun di\u015flerimi k\u0131rsa bile Kaybolsam g\u00fcl bah\u00e7esi g\u00fclden g\u00fczel avcunun i\u00e7inde Kayboldum g\u00fcnlerce sensiz ge\u00e7en g\u00fcnlerin hissizli\u011finde Kustum sensizli\u011fimi g\u00f6klere bir daha dokunmayas\u0131n kalbime Yine sende buldum sensizli\u011fimi beni ben yapas\u0131n diye<\/p>\n","protected":false},"excerpt":{"rendered":"<p>Saklad\u0131m bir ka\u00e7 bin y\u0131l i\u00e7ime kelep\u00e7eledi\u011fin s\u00f6zleri Kim bilir g\u00f6zlerin \u015fimdi kimin kalbinin esiri Bak bulutlar yine say\u0131kl\u0131yor merhametsiz ismini Senle ba\u015flayan hi\u00e7bir \u015fey sende<span class=\"excerpt-hellip\"> [\u2026]<\/span><\/p>\n","protected":false},"featured_media":0,"template":"","meta":{"_monsterinsights_skip_tracking":false,"_monsterinsights_sitenote_active":false,"_monsterinsights_sitenote_note":"","_monsterinsights_sitenote_category":0},"product_brand":[],"product_cat":[12291,12509],"product_tag":[],"class_list":{"0":"post-762114","1":"product","2":"type-product","3":"status-publish","5":"product_cat-edebiyat","6":"product_cat-siir","7":"pa_cilt-ciltsiz","8":"pa_tur-kitap","9":"pa_yayinevi-vova-yayinlari","10":"pa_yazar-arda-kagan-baloglu","12":"first","13":"instock","14":"sale","15":"shipping-taxable","16":"purchasable","17":"product-type-simple"},"_links":{"self":[{"href":"https:\/\/roveyayinevi.com.tr\/index.php\/wp-json\/wp\/v2\/product\/762114","targetHints":{"allow":["GET"]}}],"collection":[{"href":"https:\/\/roveyayinevi.com.tr\/index.php\/wp-json\/wp\/v2\/product"}],"about":[{"href":"https:\/\/roveyayinevi.com.tr\/index.php\/wp-json\/wp\/v2\/types\/product"}],"wp:attachment":[{"href":"https:\/\/roveyayinevi.com.tr\/index.php\/wp-json\/wp\/v2\/media?parent=762114"}],"wp:term":[{"taxonomy":"product_brand","embeddable":true,"href":"https:\/\/roveyayinevi.com.tr\/index.php\/wp-json\/wp\/v2\/product_brand?post=762114"},{"taxonomy":"product_cat","embeddable":true,"href":"https:\/\/roveyayinevi.com.tr\/index.php\/wp-json\/wp\/v2\/product_cat?post=762114"},{"taxonomy":"product_tag","embeddable":true,"href":"https:\/\/roveyayinevi.com.tr\/index.php\/wp-json\/wp\/v2\/product_tag?post=762114"}],"curies":[{"name":"wp","href":"https:\/\/api.w.org\/{rel}","templated":true}]}}