{"id":762112,"date":"2025-08-28T09:58:22","date_gmt":"2025-08-28T06:58:22","guid":{"rendered":"https:\/\/roveyayinevi.com.tr\/index.php\/urun\/goz-ardi-edilen-gercekler-cilt-2\/"},"modified":"2026-01-30T03:54:44","modified_gmt":"2026-01-30T00:54:44","slug":"goz-ardi-edilen-gercekler-cilt-2","status":"publish","type":"product","link":"https:\/\/roveyayinevi.com.tr\/index.php\/urun\/goz-ardi-edilen-gercekler-cilt-2\/","title":{"rendered":"G\u00f6z Ard\u0131 Edilen Ger\u00e7ekler Cilt :2"},"content":{"rendered":"<p>Mustafa Cemal Tomar, E\u011fitimci &#8211; yazar olarak Mustafa Cemal Hoca, bilgi birikimi ve deneyimleriyle sizlerle, siyasi, dini, g\u00fcnl\u00fck hayat ve e\u011fitimle ilgili geni\u015f yelpazede kaleme ald\u0131\u011f\u0131 yaz\u0131lar\u0131n\u0131 bir araya getirerek &#8220;G\u00f6z Ard\u0131 Edilen Ger\u00e7ekler&#8221; ad\u0131n\u0131 verdi\u011fi  kitaplar\u0131n\u0131 okuyucular\u0131n\u0131n hizmetine sunmu\u015ftur. Ayn\u0131 zamanda okurlar\u0131n\u0131 d\u00fc\u015f\u00fcnd\u00fcr\u00fcc\u00fc bir yolculu\u011fa davet ediyor. \u00dc\u00e7 ciltten olu\u015fan bu kitap serisi, sadece y\u00fczeyde kalan bilgilerin \u00f6tesine ge\u00e7erek, toplumun her kesiminde g\u00f6z ard\u0131 edilen \u00f6nemli konulara \u0131\u015f\u0131k tutuyor. Mustafa Cemal Hoca&#8217;n\u0131n ak\u0131c\u0131 \u00fcslubu ve analitik bak\u0131\u015f a\u00e7\u0131s\u0131yla ele ald\u0131\u011f\u0131 yaz\u0131lar, okuyuculara yeni perspektifler kazand\u0131rmay\u0131 ve g\u00fcnl\u00fck hayatlar\u0131na dair fark\u0131ndal\u0131klar\u0131n\u0131 art\u0131rmay\u0131 hedefliyor. Siyasi arenadan e\u011fitim sistemine, dini inan\u00e7lardan g\u00fcnl\u00fck ya\u015fama kadar pek \u00e7ok farkl\u0131 konular\u0131n perde arkas\u0131n\u0131 irdeleyen yazar, okurlar\u0131n\u0131 d\u00fc\u015f\u00fcnmeye ve sorgulamaya te\u015fvik ediyor. &#8220;G\u00f6z Ard\u0131 Edilen Ger\u00e7ekler&#8221; kitaplar\u0131 yaln\u0131zca bilgi edinmek isteyenler i\u00e7in de\u011fil, ayn\u0131 zamanda mevcut durumlar\u0131 sorgulay\u0131p, yeni anlay\u0131\u015flar geli\u015ftirmek isteyen ki\u015filer i\u00e7in vazge\u00e7ilmez bir denemedir. Mustafa Cemal Tomar&#8217;\u0131n g\u00f6z ard\u0131 edilmeyecek g\u00f6zlemleri ve \u00e7arp\u0131c\u0131 analizleri, okurlar\u0131n zihinlerinde yeni ufuklar a\u00e7acak niteliktedir.<\/p>\n","protected":false},"excerpt":{"rendered":"<p>Mustafa Cemal Tomar, E\u011fitimci &#8211; yazar olarak Mustafa Cemal Hoca, bilgi birikimi ve deneyimleriyle sizlerle, siyasi, dini, g\u00fcnl\u00fck hayat ve e\u011fitimle ilgili geni\u015f yelpazede kaleme ald\u0131\u011f\u0131<span class=\"excerpt-hellip\"> [\u2026]<\/span><\/p>\n","protected":false},"featured_media":0,"template":"","meta":{"_monsterinsights_skip_tracking":false,"_monsterinsights_sitenote_active":false,"_monsterinsights_sitenote_note":"","_monsterinsights_sitenote_category":0},"product_brand":[],"product_cat":[12291,104362],"product_tag":[],"class_list":{"0":"post-762112","1":"product","2":"type-product","3":"status-publish","5":"product_cat-edebiyat","6":"product_cat-makale","7":"pa_cilt-ciltsiz","8":"pa_tur-kitap","9":"pa_yayinevi-vova-yayinlari","10":"pa_yazar-mustafa-cemal-tomar","12":"first","13":"instock","14":"sale","15":"shipping-taxable","16":"purchasable","17":"product-type-simple"},"_links":{"self":[{"href":"https:\/\/roveyayinevi.com.tr\/index.php\/wp-json\/wp\/v2\/product\/762112","targetHints":{"allow":["GET"]}}],"collection":[{"href":"https:\/\/roveyayinevi.com.tr\/index.php\/wp-json\/wp\/v2\/product"}],"about":[{"href":"https:\/\/roveyayinevi.com.tr\/index.php\/wp-json\/wp\/v2\/types\/product"}],"wp:attachment":[{"href":"https:\/\/roveyayinevi.com.tr\/index.php\/wp-json\/wp\/v2\/media?parent=762112"}],"wp:term":[{"taxonomy":"product_brand","embeddable":true,"href":"https:\/\/roveyayinevi.com.tr\/index.php\/wp-json\/wp\/v2\/product_brand?post=762112"},{"taxonomy":"product_cat","embeddable":true,"href":"https:\/\/roveyayinevi.com.tr\/index.php\/wp-json\/wp\/v2\/product_cat?post=762112"},{"taxonomy":"product_tag","embeddable":true,"href":"https:\/\/roveyayinevi.com.tr\/index.php\/wp-json\/wp\/v2\/product_tag?post=762112"}],"curies":[{"name":"wp","href":"https:\/\/api.w.org\/{rel}","templated":true}]}}