{"id":762109,"date":"2025-08-28T09:58:17","date_gmt":"2025-08-28T06:58:17","guid":{"rendered":"https:\/\/roveyayinevi.com.tr\/index.php\/urun\/big-bang-neden-yanlis-genisim-evresi\/"},"modified":"2026-01-30T03:54:44","modified_gmt":"2026-01-30T00:54:44","slug":"big-bang-neden-yanlis-genisim-evresi","status":"publish","type":"product","link":"https:\/\/roveyayinevi.com.tr\/index.php\/urun\/big-bang-neden-yanlis-genisim-evresi\/","title":{"rendered":"Big Bang Neden Yanl\u0131\u015f ? Geni\u015fim Evresi"},"content":{"rendered":"<p>Bir \u00f6ng\u00f6r\u00fcn\u00fcn bilimsel ger\u00e7ek olmas\u0131 i\u00e7in g\u00f6zlem ve deneylerle s\u0131nanmas\u0131 ve kan\u0131tlar g\u00f6sterilmesi \u015fartt\u0131r. Bu temel kurala uymayan hi\u00e7bir \u00f6ng\u00f6r\u00fc bilimsel ger\u00e7ek kabul edilemez. Nas\u0131l var olduk sorusunun yarat\u0131ld\u0131k- yarat\u0131lmad\u0131k olmak \u00fczere \u201cbirbirine kar\u015f\u0131t\u201d sadece iki cevab\u0131 vard\u0131r. Bu cevaplardan birisi do\u011fru, di\u011feri yanl\u0131\u015ft\u0131r. Bu a\u00e7\u0131k ve net bir ger\u00e7ektir. Hi\u00e7 kimse; ben \u015fu cevab\u0131 be\u011fendim, do\u011frulu\u011funa inand\u0131m. Di\u011ferine kabul etmem. Kabul etmedi\u011fim, be\u011fenmedi\u011fim cevap; ak\u0131l, mant\u0131k, bilim d\u0131\u015f\u0131d\u0131r; taraftarlar\u0131 yobazd\u0131r. Be\u011fendi\u011fim, inand\u0131\u011f\u0131m cevab\u0131 ger\u00e7ek kabul edelim, di\u011fer cevab\u0131 d\u0131\u015flayal\u0131m deme hak ve yetkisine sahip de\u011fildir. Ger\u00e7ekler aran\u0131p bulunmak isteniyor ise pozitif bilimin \u00f6ng\u00f6rd\u00fc\u011f\u00fc y\u00f6ntemler ile bulgular, \u00f6ng\u00f6r\u00fcler ara\u015ft\u0131r\u0131l\u0131r, irdelenir; sonu\u00e7 ne ise o ger\u00e7ek kabul edilir. Pozitif bilimin temeli ise \u00f6ng\u00f6r\u00fclerin g\u00f6zlem ve deneylerle s\u0131nanmas\u0131d\u0131r. G\u00f6zlem ve deneylerle s\u0131nanmayan, s\u0131nanamayan hi\u00e7bir \u00f6ng\u00f6r\u00fc ink\u00e2r\u0131 m\u00fcmk\u00fcn olmayan ger\u00e7ek kabul edilmez. Kabul edilir ise bu bir inan\u00e7 olur. Bilim olmaz. Bilim inan\u00e7lar \u00fczerine kurgulanmaz.<\/p>\n","protected":false},"excerpt":{"rendered":"<p>Bir \u00f6ng\u00f6r\u00fcn\u00fcn bilimsel ger\u00e7ek olmas\u0131 i\u00e7in g\u00f6zlem ve deneylerle s\u0131nanmas\u0131 ve kan\u0131tlar g\u00f6sterilmesi \u015fartt\u0131r. Bu temel kurala uymayan hi\u00e7bir \u00f6ng\u00f6r\u00fc bilimsel ger\u00e7ek kabul edilemez. Nas\u0131l var<span class=\"excerpt-hellip\"> [\u2026]<\/span><\/p>\n","protected":false},"featured_media":0,"template":"","meta":{"_monsterinsights_skip_tracking":false,"_monsterinsights_sitenote_active":false,"_monsterinsights_sitenote_note":"","_monsterinsights_sitenote_category":0},"product_brand":[],"product_cat":[13005],"product_tag":[],"class_list":{"0":"post-762109","1":"product","2":"type-product","3":"status-publish","5":"product_cat-bilim-muhendislik","6":"pa_cilt-ciltsiz","7":"pa_tur-kitap","8":"pa_yayinevi-vova-yayinlari","9":"pa_yazar-hudai-cakmak","11":"first","12":"instock","13":"sale","14":"shipping-taxable","15":"purchasable","16":"product-type-simple"},"_links":{"self":[{"href":"https:\/\/roveyayinevi.com.tr\/index.php\/wp-json\/wp\/v2\/product\/762109","targetHints":{"allow":["GET"]}}],"collection":[{"href":"https:\/\/roveyayinevi.com.tr\/index.php\/wp-json\/wp\/v2\/product"}],"about":[{"href":"https:\/\/roveyayinevi.com.tr\/index.php\/wp-json\/wp\/v2\/types\/product"}],"wp:attachment":[{"href":"https:\/\/roveyayinevi.com.tr\/index.php\/wp-json\/wp\/v2\/media?parent=762109"}],"wp:term":[{"taxonomy":"product_brand","embeddable":true,"href":"https:\/\/roveyayinevi.com.tr\/index.php\/wp-json\/wp\/v2\/product_brand?post=762109"},{"taxonomy":"product_cat","embeddable":true,"href":"https:\/\/roveyayinevi.com.tr\/index.php\/wp-json\/wp\/v2\/product_cat?post=762109"},{"taxonomy":"product_tag","embeddable":true,"href":"https:\/\/roveyayinevi.com.tr\/index.php\/wp-json\/wp\/v2\/product_tag?post=762109"}],"curies":[{"name":"wp","href":"https:\/\/api.w.org\/{rel}","templated":true}]}}