{"id":762108,"date":"2025-08-28T09:58:15","date_gmt":"2025-08-28T06:58:15","guid":{"rendered":"https:\/\/roveyayinevi.com.tr\/index.php\/urun\/berserk-2\/"},"modified":"2026-04-15T03:27:11","modified_gmt":"2026-04-15T00:27:11","slug":"berserk-2","status":"publish","type":"product","link":"https:\/\/roveyayinevi.com.tr\/index.php\/urun\/berserk-2\/","title":{"rendered":"Berserk 2"},"content":{"rendered":"<p>\u0130ntikam u\u011fruna bitmeyen yolculu\u011funa devam eden Kara Sava\u015f\u00e7\u0131 Guts ve onun pe\u015fine tak\u0131lan Puck bu kez, gaddar bir kontun hu\u0308ku\u0308m su\u0308rdu\u0308\u011fu\u0308 ve sapk\u0131nlar\u0131n teker teker avland\u0131\u011f\u0131 bir \u015fehre gelirler. Kontun adamlar\u0131ndan ka\u00e7arken elinde Guts\u2019\u0131n hi\u00e7 yabanc\u0131 olmad\u0131\u011f\u0131 Behelit bulunan gizemli bir ihtiyarla kar\u015f\u0131la\u015f\u0131rlar. \u015eehrin lanetli ge\u00e7mi\u015fine kap\u0131l\u0131p giden Guts ve Puck, kar\u015f\u0131lar\u0131ndaki \u015feytani du\u0308\u015fmana do\u011fru ilerlerken Guts\u2019\u0131n boynundaki \u201cdamga\u201d da s\u0131zlamaya ba\u015flam\u0131\u015ft\u0131r! <\/p>\n","protected":false},"excerpt":{"rendered":"<p>\u0130ntikam u\u011fruna bitmeyen yolculu\u011funa devam eden Kara Sava\u015f\u00e7\u0131 Guts ve onun pe\u015fine tak\u0131lan Puck bu kez, gaddar bir kontun hu\u0308ku\u0308m su\u0308rdu\u0308\u011fu\u0308 ve sapk\u0131nlar\u0131n teker teker avland\u0131\u011f\u0131<span class=\"excerpt-hellip\"> [\u2026]<\/span><\/p>\n","protected":false},"featured_media":0,"template":"","meta":{"_monsterinsights_skip_tracking":false,"_monsterinsights_sitenote_active":false,"_monsterinsights_sitenote_note":"","_monsterinsights_sitenote_category":0},"product_brand":[],"product_cat":[12416,12291],"product_tag":[],"class_list":{"0":"post-762108","1":"product","2":"type-product","3":"status-publish","5":"product_cat-cizgi-roman","6":"product_cat-edebiyat","7":"pa_cilt-ciltsiz","8":"pa_tur-kitap","9":"pa_yayinevi-athica-yayinlari","10":"pa_yazar-kentaro-miura","12":"first","13":"instock","14":"sale","15":"shipping-taxable","16":"purchasable","17":"product-type-simple"},"_links":{"self":[{"href":"https:\/\/roveyayinevi.com.tr\/index.php\/wp-json\/wp\/v2\/product\/762108","targetHints":{"allow":["GET"]}}],"collection":[{"href":"https:\/\/roveyayinevi.com.tr\/index.php\/wp-json\/wp\/v2\/product"}],"about":[{"href":"https:\/\/roveyayinevi.com.tr\/index.php\/wp-json\/wp\/v2\/types\/product"}],"wp:attachment":[{"href":"https:\/\/roveyayinevi.com.tr\/index.php\/wp-json\/wp\/v2\/media?parent=762108"}],"wp:term":[{"taxonomy":"product_brand","embeddable":true,"href":"https:\/\/roveyayinevi.com.tr\/index.php\/wp-json\/wp\/v2\/product_brand?post=762108"},{"taxonomy":"product_cat","embeddable":true,"href":"https:\/\/roveyayinevi.com.tr\/index.php\/wp-json\/wp\/v2\/product_cat?post=762108"},{"taxonomy":"product_tag","embeddable":true,"href":"https:\/\/roveyayinevi.com.tr\/index.php\/wp-json\/wp\/v2\/product_tag?post=762108"}],"curies":[{"name":"wp","href":"https:\/\/api.w.org\/{rel}","templated":true}]}}