{"id":762102,"date":"2025-08-28T09:58:04","date_gmt":"2025-08-28T06:58:04","guid":{"rendered":"https:\/\/roveyayinevi.com.tr\/index.php\/urun\/merhamet-4\/"},"modified":"2026-04-15T03:27:11","modified_gmt":"2026-04-15T00:27:11","slug":"merhamet-4","status":"publish","type":"product","link":"https:\/\/roveyayinevi.com.tr\/index.php\/urun\/merhamet-4\/","title":{"rendered":"Merhamet"},"content":{"rendered":"<p>Yazar\u0131n g\u00f6revi; herkesin g\u00f6rd\u00fc\u011f\u00fc, olan\u0131 biteni yazmak de\u011fildir. Herkesin g\u00f6z\u00fc \u00f6n\u00fcnde olurken her \u015fey, anlat\u0131lamayan, hissedilen ama kimseye s\u00f6ylenemeyen ya da s\u00f6ylenemeyen bir g\u00fcl\u00fcmseme ya da inceden bir g\u00f6zya\u015f\u0131n\u0131n arkas\u0131ndaki gizli ukdelerin pe\u015fine d\u00fc\u015fmektir.   Baz\u0131 kitaplar\u0131 severiz, baz\u0131 yazarlar g\u00f6nl\u00fcm\u00fczde ba\u015fka yerlere oturur. Sanki en mahremimizi g\u00f6rm\u00fc\u015f, i\u00e7imizin gitti\u011fi ama bizim gidemedi\u011fimiz, istedi\u011fimizi de kimseye diyemedi\u011fimiz yerlere g\u00f6t\u00fcr\u00fcrler bizi. Sanat\u00e7\u0131 bence tam da bunu yapabilendir, yoksa sadece dedikodu yap\u0131yordur.   Unutmay\u0131n insana dair her hik\u00e2yenin bir kargas\u0131 vard\u0131 ve Tanr\u0131 Apollon\u2019a ger\u00e7e\u011fi s\u00f6yleyene kadar b\u00fct\u00fcn kargalar beyazd\u0131. Eski Romal\u0131lar kargalar\u0131n Latince \u201cCras Cras\u201d diye ba\u011f\u0131rd\u0131\u011f\u0131na inan\u0131rd\u0131. Yani, \u201cYar\u0131n Yar\u0131n\u2026\u201d diye.   Yar\u0131n varsa umut vard\u0131r.   D\u00fcnyan\u0131n bir yerlerinde hi\u00e7 tan\u0131\u015fmad\u0131\u011f\u0131 dostlar\u0131n\u0131 bulman\u0131n derdine d\u00fc\u015f\u00fcp kendini hayata g\u00f6men bir ruha y\u00fcre\u011finizde yer a\u00e7man\u0131z umuduyla. <\/p>\n","protected":false},"excerpt":{"rendered":"<p>Yazar\u0131n g\u00f6revi; herkesin g\u00f6rd\u00fc\u011f\u00fc, olan\u0131 biteni yazmak de\u011fildir. Herkesin g\u00f6z\u00fc \u00f6n\u00fcnde olurken her \u015fey, anlat\u0131lamayan, hissedilen ama kimseye s\u00f6ylenemeyen ya da s\u00f6ylenemeyen bir g\u00fcl\u00fcmseme ya da<span class=\"excerpt-hellip\"> [\u2026]<\/span><\/p>\n","protected":false},"featured_media":0,"template":"","meta":{"_monsterinsights_skip_tracking":false,"_monsterinsights_sitenote_active":false,"_monsterinsights_sitenote_note":"","_monsterinsights_sitenote_category":0},"product_brand":[],"product_cat":[12291,12711],"product_tag":[],"class_list":{"0":"post-762102","1":"product","2":"type-product","3":"status-publish","5":"product_cat-edebiyat","6":"product_cat-roman-oyku","7":"pa_cilt-ciltsiz","8":"pa_tur-kitap","9":"pa_yayinevi-iz-birakan-kalemler","10":"pa_yazar-cem-baseskioglu","12":"first","13":"instock","14":"sale","15":"shipping-taxable","16":"purchasable","17":"product-type-simple"},"_links":{"self":[{"href":"https:\/\/roveyayinevi.com.tr\/index.php\/wp-json\/wp\/v2\/product\/762102","targetHints":{"allow":["GET"]}}],"collection":[{"href":"https:\/\/roveyayinevi.com.tr\/index.php\/wp-json\/wp\/v2\/product"}],"about":[{"href":"https:\/\/roveyayinevi.com.tr\/index.php\/wp-json\/wp\/v2\/types\/product"}],"wp:attachment":[{"href":"https:\/\/roveyayinevi.com.tr\/index.php\/wp-json\/wp\/v2\/media?parent=762102"}],"wp:term":[{"taxonomy":"product_brand","embeddable":true,"href":"https:\/\/roveyayinevi.com.tr\/index.php\/wp-json\/wp\/v2\/product_brand?post=762102"},{"taxonomy":"product_cat","embeddable":true,"href":"https:\/\/roveyayinevi.com.tr\/index.php\/wp-json\/wp\/v2\/product_cat?post=762102"},{"taxonomy":"product_tag","embeddable":true,"href":"https:\/\/roveyayinevi.com.tr\/index.php\/wp-json\/wp\/v2\/product_tag?post=762102"}],"curies":[{"name":"wp","href":"https:\/\/api.w.org\/{rel}","templated":true}]}}