{"id":762100,"date":"2025-08-28T09:58:00","date_gmt":"2025-08-28T06:58:00","guid":{"rendered":"https:\/\/roveyayinevi.com.tr\/index.php\/urun\/sozcukler-dergisi-110-sayi\/"},"modified":"2026-04-15T03:27:11","modified_gmt":"2026-04-15T00:27:11","slug":"sozcukler-dergisi-110-sayi","status":"publish","type":"product","link":"https:\/\/roveyayinevi.com.tr\/index.php\/urun\/sozcukler-dergisi-110-sayi\/","title":{"rendered":"S\u00f6zc\u00fckler Dergisi 110.Say\u0131"},"content":{"rendered":"<p>Melih Cevdet Anday\u2019\u0131n Mavi Yolculuk Resim Defterinden sayfalar.   S\u00fcreyya Berfe\u2019nin \u015eiiri   \/  O\u011fuz Demiralp Felsefe \u00c7evirileri \u00dczerine  \/   Tahir Abac\u0131 Okuma G\u00fcnl\u00fc\u011f\u00fc  \/  Eray Canberk Hakan Sava\u015f\u2019\u0131n Eksik Foto\u011fraf\u0131  \/  Se\u00e7il B\u00fcker Sevgiliye A\u011f\u0131t  \/   Ayla Topuz Sava\u015f Hocam Hakan Sava\u015f   \/  Atifet Sena Kele\u015fo\u011flu \u015eavkar Alt\u0131nel \u0130\u00e7in Bir Konu\u015fma  \/  Hakan Savl\u0131 \u201c\u015eair \u00d6ld\u00fc\u201d Oda\u011f\u0131nda Dersim ve \u00d6l\u00fcm   \/ Engin F\u0131rat Bask\u0131lar, G\u00fcl\u00fc\u015fler ve Unutu\u015flar  \/  \u015eakir Fak\u0131l\u0131 Thales ve Annesi   \/   Hasan Kesero\u011flu 40\u2019l\u0131 Y\u0131llarda Terc\u00fcme   \/   Olcay Ta\u015fl\u0131 Yaz \u015eark\u0131lar\u0131 Ne Zaman, Nerede?  \/  Atilla Birkiye   \u015eiirleriyle, Cevat \u00c7apan, Umberto Fiori, Nihat Ziyalan, \u0130simsiz, Bar\u0131\u015f Pirhasan, Enis Batur, Elizabeth Smart, Nafia Akdeniz, Mete \u00d6zel, Jeffrey Kahrs, Faruk Sipahi, Enver Ali Akova.   \u00d6yk\u00fcleriyle, \u0130lke \u00d6zgen K\u00f6leli, Yelina Tayfur,  Hilal \u00d6zdemir, Ahmet \u015eim\u015fek,  P. T. Barva, Nuray El\u00e7in,  Hatice Kocabay<\/p>\n","protected":false},"excerpt":{"rendered":"<p>Melih Cevdet Anday\u2019\u0131n Mavi Yolculuk Resim Defterinden sayfalar. S\u00fcreyya Berfe\u2019nin \u015eiiri \/ O\u011fuz Demiralp Felsefe \u00c7evirileri \u00dczerine \/ Tahir Abac\u0131 Okuma G\u00fcnl\u00fc\u011f\u00fc \/ Eray Canberk Hakan<span class=\"excerpt-hellip\"> [\u2026]<\/span><\/p>\n","protected":false},"featured_media":0,"template":"","meta":{"_monsterinsights_skip_tracking":false,"_monsterinsights_sitenote_active":false,"_monsterinsights_sitenote_note":"","_monsterinsights_sitenote_category":0},"product_brand":[],"product_cat":[13527],"product_tag":[],"class_list":{"0":"post-762100","1":"product","2":"type-product","3":"status-publish","5":"product_cat-sureli-yayinlar","6":"pa_cilt-ciltsiz","7":"pa_tur-dergi","8":"pa_yayinevi-sozcukler-yayinlari","9":"pa_yazar-kolektif","11":"first","12":"instock","13":"sale","14":"shipping-taxable","15":"purchasable","16":"product-type-simple"},"_links":{"self":[{"href":"https:\/\/roveyayinevi.com.tr\/index.php\/wp-json\/wp\/v2\/product\/762100","targetHints":{"allow":["GET"]}}],"collection":[{"href":"https:\/\/roveyayinevi.com.tr\/index.php\/wp-json\/wp\/v2\/product"}],"about":[{"href":"https:\/\/roveyayinevi.com.tr\/index.php\/wp-json\/wp\/v2\/types\/product"}],"wp:attachment":[{"href":"https:\/\/roveyayinevi.com.tr\/index.php\/wp-json\/wp\/v2\/media?parent=762100"}],"wp:term":[{"taxonomy":"product_brand","embeddable":true,"href":"https:\/\/roveyayinevi.com.tr\/index.php\/wp-json\/wp\/v2\/product_brand?post=762100"},{"taxonomy":"product_cat","embeddable":true,"href":"https:\/\/roveyayinevi.com.tr\/index.php\/wp-json\/wp\/v2\/product_cat?post=762100"},{"taxonomy":"product_tag","embeddable":true,"href":"https:\/\/roveyayinevi.com.tr\/index.php\/wp-json\/wp\/v2\/product_tag?post=762100"}],"curies":[{"name":"wp","href":"https:\/\/api.w.org\/{rel}","templated":true}]}}