{"id":762094,"date":"2025-08-28T09:57:50","date_gmt":"2025-08-28T06:57:50","guid":{"rendered":"https:\/\/roveyayinevi.com.tr\/index.php\/urun\/sogut-turk-edebiyati-dergisi-sayi-27\/"},"modified":"2026-04-15T03:27:10","modified_gmt":"2026-04-15T00:27:10","slug":"sogut-turk-edebiyati-dergisi-sayi-27","status":"publish","type":"product","link":"https:\/\/roveyayinevi.com.tr\/index.php\/urun\/sogut-turk-edebiyati-dergisi-sayi-27\/","title":{"rendered":"S\u00f6\u011f\u00fct &#8211; T\u00fcrk Edebiyat\u0131 Dergisi Say\u0131 27"},"content":{"rendered":"<p>S\u00f6\u011f\u00fct 27. say\u0131da \u201cDil\u00e2ver Cebeci\u201d dosyas\u0131yla okuyucu ile bulu\u015fuyor. Dosya, Rana Senanur Do\u011fan ve Feyza Ay\u2019\u0131n Ayla Cebeci, Aspay Cebeci Sener ve \u00c7a\u011fr\u0131 Cebeci (Cebeci ailesi) ile ger\u00e7ekle\u015ftirdikleri s\u00f6yle\u015fi ile ba\u015fl\u0131yor. Devam\u0131nda Naz\u0131m Tekta\u015f ile Dilaver Cebeci dostlu\u011fu \u00fczerine Sinan Terzi ve Rana Senanur Do\u011fan\u2019\u0131n yapt\u0131\u011f\u0131 ikinci bir s\u00f6yle\u015fi yer al\u0131yor.Mehmet Ali Kalkan, Necati G\u00fcltepe, Osman \u00c7ak\u0131r, Talat \u00dclker, Nurullah \u00c7etin, Batuhan \u015euoru\u00e7, Halil \u0130brahim Y\u00fccel, Emel Hisarc\u0131l\u0131lar, Cansu Sole, Muaz Erg\u00fc yaz\u0131lar\u0131 ile bu \u00f6zel say\u0131ya katk\u0131da bulunan isimler. Dosyada Dil\u00e2ver Cebeci\u2019nin \u015fiirleri \u00fczerine incelemeler yer al\u0131rken aile ile yap\u0131lan s\u00f6yle\u015fiyle beraber T\u00fcrk edebiyat\u0131 tarihine Dil\u00e2ver Cebeci ad\u0131na \u00f6zg\u00fcn bir dosya da b\u0131rak\u0131lm\u0131\u015f durumda. Dosyan\u0131n sonunda Dilaver Cebeci\u2019ye atfedilmi\u015f bir de Sinan Terzi \u015fiiri var.***\u201cT\u00fcrk \u015eiirinde Destan: Dillerde Destan Olanlar\u201d adl\u0131 temab\u00f6l\u00fcm\u00fcnde Ali Duymaz, Dilek \u00c7etinda\u015f, Tayfun Hayk\u0131r, \u0130brahim Da\u015f, Din\u00e7er Apayd\u0131n, Ahmet \u015eahin destan ve T\u00fcrk \u015fiirinde destan ve epik kavramlar\u0131n\u0131 inceliyor.***\u015eiir b\u00f6l\u00fcm\u00fc ise \u00e7eviri \u015fiirlere yer vermeye ve \u00f6zg\u00fcn, g\u00fcr sesli g\u00fcncel T\u00fcrk \u015fairlerini a\u011f\u0131rlamaya devam etmekte. Ali G\u00fcnvar, William Shakespeare, Ay\u015fe Erdem Yorgos Seferis, Tamer G\u00fclbek Dylan Thomas \u00e7evirisi ile 27. say\u0131da yer almakta. Yine bu say\u0131da g\u00fcncel T\u00fcrk \u015fairlerini g\u00f6rmek de m\u00fcmk\u00fcn: \u00d6zkan Kaya, Naz\u0131m Payam, Ahmet Sefa Yal\u00e7\u0131n, A. Samet At\u0131lgan, Yakup Diker, Ay\u015fe Nur Bi\u00e7er, Muhammet Durmu\u015f, Mustafa Gazi, M. Tu\u011frul \u00c7olak, K\u00fcr\u015fat K\u00fc\u00e7\u00fck, Serdar Ayd\u0131n.***27. say\u0131n\u0131n hik\u00e2yecileri Fatih \u00c7eliksoy, G\u00fcnay Uysal, Emrullah Naz, Feyza Ay, Fatih Selvi, \u0130smail Ulu\u00f6z, Merve Et\u00f6z, Hatice Mert Yunak, Mete Almal\u0131, B\u00fc\u015fra T\u00fcmkaya\u2026***Denemelerde Yunus \u00d6zel \u201cMemleket Nere?\u201d derken, Or\u00e7un \u00dc\u00e7er Ele\u015ftiri G\u00fcnl\u00fc\u011f\u00fc serisine devam ediyor. Halit Selim D\u00f6nmez, Bahtiyar Ermi\u015f, Ya\u011f\u0131z G\u00f6n\u00fcler ve Mustafa Sar\u0131 da yine bu say\u0131ya denemeleri ile katk\u0131da bulunan isimlerden.***\u0130nceleme b\u00f6l\u00fcm\u00fcnde ise Vildan Ayd\u0131n S\u00fcleyman \u00c7obano\u011flu\u2019nun Tamgalar\u2019\u0131n\u0131 ele al\u0131rken, Sel\u00e7uk Atay, Merve Sevde Selvi\u2019nin D\u00fc\u011f\u00fcmlere Biti\u015fik\u2019i \u00fczerine bir inceleme kaleme ald\u0131.***27. say\u0131da S\u00f6yle\u015fisi Cengizhan Orak\u00e7\u0131\u2019dan. Hayati Tek\u2019inKarda\u015f K\u00f6me\u011fi kitab\u0131 \u00fczerine\u2026\u00d6t\u00fcken yurdunda g\u00f6n\u00fcl gezdirip S\u00f6\u011f\u00fct g\u00f6lgesinde dinlenirken keyifli okumalar dileriz.<\/p>\n","protected":false},"excerpt":{"rendered":"<p>S\u00f6\u011f\u00fct 27. say\u0131da \u201cDil\u00e2ver Cebeci\u201d dosyas\u0131yla okuyucu ile bulu\u015fuyor. Dosya, Rana Senanur Do\u011fan ve Feyza Ay\u2019\u0131n Ayla Cebeci, Aspay Cebeci Sener ve \u00c7a\u011fr\u0131 Cebeci (Cebeci ailesi)<span class=\"excerpt-hellip\"> [\u2026]<\/span><\/p>\n","protected":false},"featured_media":0,"template":"","meta":{"_monsterinsights_skip_tracking":false,"_monsterinsights_sitenote_active":false,"_monsterinsights_sitenote_note":"","_monsterinsights_sitenote_category":0},"product_brand":[],"product_cat":[13527],"product_tag":[],"class_list":{"0":"post-762094","1":"product","2":"type-product","3":"status-publish","5":"product_cat-sureli-yayinlar","6":"pa_cilt-ciltsiz","7":"pa_tur-dergi","8":"pa_yayinevi-otuken-nesriyat","9":"pa_yazar-dilaver-cebeci","11":"first","12":"instock","13":"sale","14":"shipping-taxable","15":"purchasable","16":"product-type-simple"},"_links":{"self":[{"href":"https:\/\/roveyayinevi.com.tr\/index.php\/wp-json\/wp\/v2\/product\/762094","targetHints":{"allow":["GET"]}}],"collection":[{"href":"https:\/\/roveyayinevi.com.tr\/index.php\/wp-json\/wp\/v2\/product"}],"about":[{"href":"https:\/\/roveyayinevi.com.tr\/index.php\/wp-json\/wp\/v2\/types\/product"}],"wp:attachment":[{"href":"https:\/\/roveyayinevi.com.tr\/index.php\/wp-json\/wp\/v2\/media?parent=762094"}],"wp:term":[{"taxonomy":"product_brand","embeddable":true,"href":"https:\/\/roveyayinevi.com.tr\/index.php\/wp-json\/wp\/v2\/product_brand?post=762094"},{"taxonomy":"product_cat","embeddable":true,"href":"https:\/\/roveyayinevi.com.tr\/index.php\/wp-json\/wp\/v2\/product_cat?post=762094"},{"taxonomy":"product_tag","embeddable":true,"href":"https:\/\/roveyayinevi.com.tr\/index.php\/wp-json\/wp\/v2\/product_tag?post=762094"}],"curies":[{"name":"wp","href":"https:\/\/api.w.org\/{rel}","templated":true}]}}