{"id":762093,"date":"2025-08-28T09:57:49","date_gmt":"2025-08-28T06:57:49","guid":{"rendered":"https:\/\/roveyayinevi.com.tr\/index.php\/urun\/sanatin-golgesinden-bilimin-isigina\/"},"modified":"2026-04-15T03:27:10","modified_gmt":"2026-04-15T00:27:10","slug":"sanatin-golgesinden-bilimin-isigina","status":"publish","type":"product","link":"https:\/\/roveyayinevi.com.tr\/index.php\/urun\/sanatin-golgesinden-bilimin-isigina\/","title":{"rendered":"Sanat\u0131n G\u00f6lgesinden Bilimin I\u015f\u0131\u011f\u0131na"},"content":{"rendered":"<p>D\u00e2hi denince akl\u0131m\u0131za gelen ilk isimlerden biri Leonardo da Vinci. Bize Mona Lisa ve Son Ak\u015fam Yeme\u011fi gibi harikalar\u0131 arma\u011fan eden ressam; u\u00e7aklar\u0131, s\u0131cak hava balonlar\u0131n\u0131 ve di\u011fer teknolojik mucizeleri \u00f6ng\u00f6ren mucit. Peki ama ressam Leonardo ile bilim insan\u0131 Leonardo aras\u0131ndaki ba\u011flant\u0131 neydi? Pek \u00e7ok R\u00f6nesans tarih\u00e7isi Leonardo&#8217;nun ya\u015fland\u0131k\u00e7a bilimle daha fazla ilgilenmeye ba\u015flad\u0131\u011f\u0131n\u0131 ve doymak bilmeyen merak\u0131n\u0131 yeni alanlara y\u00f6neltti\u011fini varsaym\u0131\u015f, asl\u0131nda iki Leonardo oldu\u011funu ileri s\u00fcrm\u00fc\u015ft\u00fc: bir sanat\u00e7\u0131 ve bir mucit. Sanat tarih\u00e7isi Francesca Fiorani ise bu \u00e7al\u0131\u015fmas\u0131nda \u00e7\u0131\u011f\u0131r a\u00e7an farkl\u0131 bir g\u00f6r\u00fc\u015f ileri s\u00fcr\u00fcyor. Leonardo&#8217;nun me\u015fhur, bir o kadar da karma\u015f\u0131k defterlerine ve di\u011fer kaynaklara yeni bir bak\u0131\u015f atan Fiorani, Leonardo&#8217;nun hen\u00fcz Floransa&#8217;daki bir at\u00f6lyede \u00e7\u0131rakken bile resimle bilim aras\u0131nda bir ba\u011f kurdu\u011funu savunuyor. Leonardo i\u00e7in ressam\u0131n g\u00f6revi bir insan\u0131n i\u00e7sel ya\u015fam\u0131n\u0131 yakalamak, ruhunu resmetmekti. \u0130nsanlar\u0131 birbirinden, nesnelerden ya da do\u011fadan ay\u0131ran hi\u00e7bir sabit s\u0131n\u0131r yoktu. Resim, b\u00f6yle bir evrende var olan insan ruhunu ortaya \u00e7\u0131karan ve bunu da \u0131\u015f\u0131k ve g\u00f6lge yoluyla yapan bir teknikti. \u0130\u015fte sanat \u2013ve onu \u015fekillendiren bilim\u2013 bunu ba\u015far\u0131yordu. Leonardo kariyerinin en ba\u015f\u0131ndan beri resimde ustala\u015fmak i\u00e7in \u0131\u015f\u0131k, g\u00f6lge ve atmosferin bilimsel olarak incelenmesi gerekti\u011fine inan\u0131yordu. Floransa&#8217;n\u0131n kalabal\u0131k sokaklar\u0131ndan Mona Lisa&#8217;n\u0131n y\u00fczeyindeki en hassas f\u0131r\u00e7a darbelerine kadar uzanan bu \u00e7al\u0131\u015fma, Leonardo&#8217;nun hayat\u0131n\u0131 canl\u0131 bir \u015fekilde yeniden in\u015fa ederken, bize onun en b\u00fcy\u00fck resimlerine yeniden bakmay\u0131 \u00f6\u011fretiyor. Fiorani\u2019nin e\u015fsiz \u00e7abas\u0131, hem heyecan verici bir biyografiyle hem de R\u00f6nesans&#8217;\u0131n bilim ve sanat\u0131 nas\u0131l anlad\u0131\u011f\u0131n\u0131 ve bu anlay\u0131\u015f unutuldu\u011funda nelerin kaybedildi\u011fini g\u00f6steren cesur bir de\u011ferlendirmeyle sonu\u00e7lan\u0131yor.<\/p>\n","protected":false},"excerpt":{"rendered":"<p>D\u00e2hi denince akl\u0131m\u0131za gelen ilk isimlerden biri Leonardo da Vinci. Bize Mona Lisa ve Son Ak\u015fam Yeme\u011fi gibi harikalar\u0131 arma\u011fan eden ressam; u\u00e7aklar\u0131, s\u0131cak hava balonlar\u0131n\u0131<span class=\"excerpt-hellip\"> [\u2026]<\/span><\/p>\n","protected":false},"featured_media":0,"template":"","meta":{"_monsterinsights_skip_tracking":false,"_monsterinsights_sitenote_active":false,"_monsterinsights_sitenote_note":"","_monsterinsights_sitenote_category":0},"product_brand":[],"product_cat":[12408],"product_tag":[],"class_list":{"0":"post-762093","1":"product","2":"type-product","3":"status-publish","5":"product_cat-sanat","6":"pa_cilt-ciltsiz","7":"pa_tur-kitap","8":"pa_yayinevi-babil-kitap","9":"pa_yazar-francesca-fiorani","11":"first","12":"instock","13":"sale","14":"shipping-taxable","15":"purchasable","16":"product-type-simple"},"_links":{"self":[{"href":"https:\/\/roveyayinevi.com.tr\/index.php\/wp-json\/wp\/v2\/product\/762093","targetHints":{"allow":["GET"]}}],"collection":[{"href":"https:\/\/roveyayinevi.com.tr\/index.php\/wp-json\/wp\/v2\/product"}],"about":[{"href":"https:\/\/roveyayinevi.com.tr\/index.php\/wp-json\/wp\/v2\/types\/product"}],"wp:attachment":[{"href":"https:\/\/roveyayinevi.com.tr\/index.php\/wp-json\/wp\/v2\/media?parent=762093"}],"wp:term":[{"taxonomy":"product_brand","embeddable":true,"href":"https:\/\/roveyayinevi.com.tr\/index.php\/wp-json\/wp\/v2\/product_brand?post=762093"},{"taxonomy":"product_cat","embeddable":true,"href":"https:\/\/roveyayinevi.com.tr\/index.php\/wp-json\/wp\/v2\/product_cat?post=762093"},{"taxonomy":"product_tag","embeddable":true,"href":"https:\/\/roveyayinevi.com.tr\/index.php\/wp-json\/wp\/v2\/product_tag?post=762093"}],"curies":[{"name":"wp","href":"https:\/\/api.w.org\/{rel}","templated":true}]}}