{"id":762090,"date":"2025-08-28T09:57:43","date_gmt":"2025-08-28T06:57:43","guid":{"rendered":"https:\/\/roveyayinevi.com.tr\/index.php\/urun\/peri-mahkumu\/"},"modified":"2026-04-15T03:27:10","modified_gmt":"2026-04-15T00:27:10","slug":"peri-mahkumu","status":"publish","type":"product","link":"https:\/\/roveyayinevi.com.tr\/index.php\/urun\/peri-mahkumu\/","title":{"rendered":"Peri Mahkumu"},"content":{"rendered":"<p>Bu lanet seni ba\u011flayacak ve ay\u0131racak. Bu b\u00fcy\u00fcl\u00fc kafeste tutacak, Ba\u011flay\u0131p \u00f6fkeni dindirecek, Gazab\u0131n\u0131 susturup dizginleyecek, Sava\u015f \u00f6ncesinde oyalayacak. Bu lanet kurtaracak ve \u00f6ld\u00fcrecek, Hem \u00e7alacak hem dolduracak.   \u2014Peri Diyar\u0131 Masallar\u0131   DE\u011eER VERD\u0130\u011e\u0130 HER \u015eEY\u0130 KURTARMAK \u0130\u00c7\u0130N KURNAZ PER\u0130LERLE TEK B\u0130R PAZARLIK \u015eANSI VARDI.   Allie Hunter babas\u0131n\u0131 kurtarmak i\u00e7in sadece bir pazarl\u0131\u011f\u0131n yetece\u011fini d\u00fc\u015f\u00fcn\u00fcyordu. Ama ne kadar yan\u0131ld\u0131\u011f\u0131n\u0131n fark\u0131nda bile de\u011fildi. \u00d6l\u00fcml\u00fcler, Peri Diyar\u0131 hakk\u0131nda genelde yan\u0131l\u0131rd\u0131 zaten. Bunun sonucunda ya vah\u015fice canlar\u0131ndan olurlar ya da ya\u015famlar\u0131n\u0131 onlardan damla damla emecek anla\u015fmalara s\u0131k\u0131\u015f\u0131p kal\u0131rlard\u0131.    Allie bir zamanlar i\u015fkence etti\u011fi Peri\u2019nin esiri olmu\u015ftu ama bu ge\u00e7ici bir durumdu. O bir Avc\u0131\u2019yd\u0131 ve \u00f6zg\u00fcrl\u00fc\u011f\u00fcne kavu\u015fmak i\u00e7in ne gerekiyorsa yapacakt\u0131. Ancak birlikte \u00e7\u0131kt\u0131klar\u0131 uzun yolculuk d\u00fc\u015fmanl\u0131kla dostluk aras\u0131ndaki \u00e7izgiyi bulan\u0131kla\u015ft\u0131r\u0131yordu. Kar\u015f\u0131s\u0131ndakinin zalim bir yarat\u0131k oldu\u011funu bir anl\u0131\u011f\u0131na bile unutmas\u0131 sadece babas\u0131n\u0131n hayat\u0131ndan \u00e7ok daha fazlas\u0131na mal olabilirdi. <\/p>\n","protected":false},"excerpt":{"rendered":"<p>Bu lanet seni ba\u011flayacak ve ay\u0131racak. Bu b\u00fcy\u00fcl\u00fc kafeste tutacak, Ba\u011flay\u0131p \u00f6fkeni dindirecek, Gazab\u0131n\u0131 susturup dizginleyecek, Sava\u015f \u00f6ncesinde oyalayacak. Bu lanet kurtaracak ve \u00f6ld\u00fcrecek, Hem \u00e7alacak<span class=\"excerpt-hellip\"> [\u2026]<\/span><\/p>\n","protected":false},"featured_media":0,"template":"","meta":{"_monsterinsights_skip_tracking":false,"_monsterinsights_sitenote_active":false,"_monsterinsights_sitenote_note":"","_monsterinsights_sitenote_category":0},"product_brand":[],"product_cat":[12291,14777],"product_tag":[],"class_list":{"0":"post-762090","1":"product","2":"type-product","3":"status-publish","5":"product_cat-edebiyat","6":"product_cat-fantastik","7":"pa_cilt-ciltsiz","8":"pa_tur-kitap","9":"pa_yayinevi-indigo-kitap","10":"pa_yazar-sarah-k-l-wilson","12":"first","13":"instock","14":"sale","15":"shipping-taxable","16":"purchasable","17":"product-type-simple"},"_links":{"self":[{"href":"https:\/\/roveyayinevi.com.tr\/index.php\/wp-json\/wp\/v2\/product\/762090","targetHints":{"allow":["GET"]}}],"collection":[{"href":"https:\/\/roveyayinevi.com.tr\/index.php\/wp-json\/wp\/v2\/product"}],"about":[{"href":"https:\/\/roveyayinevi.com.tr\/index.php\/wp-json\/wp\/v2\/types\/product"}],"wp:attachment":[{"href":"https:\/\/roveyayinevi.com.tr\/index.php\/wp-json\/wp\/v2\/media?parent=762090"}],"wp:term":[{"taxonomy":"product_brand","embeddable":true,"href":"https:\/\/roveyayinevi.com.tr\/index.php\/wp-json\/wp\/v2\/product_brand?post=762090"},{"taxonomy":"product_cat","embeddable":true,"href":"https:\/\/roveyayinevi.com.tr\/index.php\/wp-json\/wp\/v2\/product_cat?post=762090"},{"taxonomy":"product_tag","embeddable":true,"href":"https:\/\/roveyayinevi.com.tr\/index.php\/wp-json\/wp\/v2\/product_tag?post=762090"}],"curies":[{"name":"wp","href":"https:\/\/api.w.org\/{rel}","templated":true}]}}