{"id":762089,"date":"2025-08-28T09:57:42","date_gmt":"2025-08-28T06:57:42","guid":{"rendered":"https:\/\/roveyayinevi.com.tr\/index.php\/urun\/3-2-1-kokteyl-hazir\/"},"modified":"2026-04-15T03:27:10","modified_gmt":"2026-04-15T00:27:10","slug":"3-2-1-kokteyl-hazir","status":"publish","type":"product","link":"https:\/\/roveyayinevi.com.tr\/index.php\/urun\/3-2-1-kokteyl-hazir\/","title":{"rendered":"3-2-1 Kokteyl Haz\u0131r!"},"content":{"rendered":"<p>Kokteyllerin Renkli D\u00fcnyas\u0131na Ho\u015f Geldiniz!      Klasiklerden modern tariflere, her damak tad\u0131na hitap eden y\u00fczden fazla kokteyl bu kitapta sizleri bekliyor. \u0130ster deneyimli bir barmen olun ister evinizde kendi bar\u0131n\u0131 kurmak isteyen bir kokteyl merakl\u0131s\u0131, bilmek isteyece\u011finiz her\u015fey bu sayfalarda! Tarihin tozlu raflar\u0131ndan g\u00fcn\u00fcm\u00fcze kadar uzanan unutulmaz kokteyller, Mevsimsel malzemelerle haz\u0131rlanan ferahlat\u0131c\u0131 ve lezzetli i\u00e7ecekler, \u00d6zel g\u00fcnler ve kutlamalar i\u00e7in yarat\u0131c\u0131 ve sofistike tarifler ve \u00e7ok daha fazlas\u0131\u2026      Ald\u0131\u011f\u0131 uluslararas\u0131 e\u011fitimleri \u201cPrivate Dining\u201d konseptinde birle\u015ftiren Ceren Key nam\u0131di\u011fer Chez Key, kendi tariflerinin yan\u0131 s\u0131ra di\u011fer tarifleri de kolay anla\u015f\u0131l\u0131r ad\u0131mlarla ve profesyonel ipu\u00e7lar\u0131yla sunuyor.     3-2-1 Kokteyl Haz\u0131r! sayesinde yapaca\u011f\u0131n\u0131z kokteyllerle hem kendinizi hem de misafirlerinizi \u015fa\u015f\u0131rtacak, ev partileriniziunutulmaz h\u00e2le getireceksiniz!<\/p>\n","protected":false},"excerpt":{"rendered":"<p>Kokteyllerin Renkli D\u00fcnyas\u0131na Ho\u015f Geldiniz! Klasiklerden modern tariflere, her damak tad\u0131na hitap eden y\u00fczden fazla kokteyl bu kitapta sizleri bekliyor. \u0130ster deneyimli bir barmen olun ister<span class=\"excerpt-hellip\"> [\u2026]<\/span><\/p>\n","protected":false},"featured_media":0,"template":"","meta":{"_monsterinsights_skip_tracking":false,"_monsterinsights_sitenote_active":false,"_monsterinsights_sitenote_note":"","_monsterinsights_sitenote_category":0},"product_brand":[],"product_cat":[77985,12457],"product_tag":[],"class_list":{"0":"post-762089","1":"product","2":"type-product","3":"status-publish","5":"product_cat-kokteyl-ve-icki-kitaplari","6":"product_cat-yemek-kitaplari","7":"pa_cilt-ciltsiz","8":"pa_tur-kitap","9":"pa_yayinevi-epsilon-yayinlari","10":"pa_yazar-ceren-key","12":"first","13":"instock","14":"sale","15":"shipping-taxable","16":"purchasable","17":"product-type-simple"},"_links":{"self":[{"href":"https:\/\/roveyayinevi.com.tr\/index.php\/wp-json\/wp\/v2\/product\/762089","targetHints":{"allow":["GET"]}}],"collection":[{"href":"https:\/\/roveyayinevi.com.tr\/index.php\/wp-json\/wp\/v2\/product"}],"about":[{"href":"https:\/\/roveyayinevi.com.tr\/index.php\/wp-json\/wp\/v2\/types\/product"}],"wp:attachment":[{"href":"https:\/\/roveyayinevi.com.tr\/index.php\/wp-json\/wp\/v2\/media?parent=762089"}],"wp:term":[{"taxonomy":"product_brand","embeddable":true,"href":"https:\/\/roveyayinevi.com.tr\/index.php\/wp-json\/wp\/v2\/product_brand?post=762089"},{"taxonomy":"product_cat","embeddable":true,"href":"https:\/\/roveyayinevi.com.tr\/index.php\/wp-json\/wp\/v2\/product_cat?post=762089"},{"taxonomy":"product_tag","embeddable":true,"href":"https:\/\/roveyayinevi.com.tr\/index.php\/wp-json\/wp\/v2\/product_tag?post=762089"}],"curies":[{"name":"wp","href":"https:\/\/api.w.org\/{rel}","templated":true}]}}