{"id":762087,"date":"2025-08-28T09:57:39","date_gmt":"2025-08-28T06:57:39","guid":{"rendered":"https:\/\/roveyayinevi.com.tr\/index.php\/urun\/bizim-aklimiz-karisti\/"},"modified":"2026-04-03T03:19:13","modified_gmt":"2026-04-03T00:19:13","slug":"bizim-aklimiz-karisti","status":"publish","type":"product","link":"https:\/\/roveyayinevi.com.tr\/index.php\/urun\/bizim-aklimiz-karisti\/","title":{"rendered":"Bizim Akl\u0131m\u0131z Kar\u0131\u015ft\u0131"},"content":{"rendered":"<p>Mutlu olmak i\u00e7in toplam ka\u00e7 para gerekiyor? Ne zaman \u00f6lece\u011fimizi bilseydik d\u00fcnyadaki t\u00fcm k\u00f6t\u00fcl\u00fckler bitmez miydi? Bug\u00fcn kullanmad\u0131\u011f\u0131m zamanlar\u0131 sonraki g\u00fcnlere nas\u0131l saklar\u0131m? Hayallerimin pe\u015finden ko\u015fmaktan ayaklar\u0131ma kara sular indi. Yine de akl\u0131ma gelen fikirleri denemeye devam etmeli miyim? Bir dedektifin sahip olmas\u0131 gereken \u00f6zellikler nelerdir? Senin \u00e7evren geni\u015ftir, tan\u0131d\u0131\u011f\u0131n bir yetenek avc\u0131s\u0131 var m\u0131? Hayal d\u00fcnyas\u0131na gitmek i\u00e7in hangi otob\u00fcse binmeliyim? Bilge biri olmak i\u00e7in hangi \u00fcniversiteden mezun olmal\u0131y\u0131m? Bilgeler ne kadar maa\u015f al\u0131r? Ger\u00e7ekten bu kadar kelimeye ihtiyac\u0131m\u0131z var m\u0131? Do\u011fa \u00e7ok abart\u0131l\u0131yor, bilgisayar oyunlar\u0131 daha e\u011flenceli. Do\u011fa dedi\u011fin iki b\u00f6rt\u00fc \u00fc\u00e7 b\u00f6cek, de\u011fil mi? Neden g\u00fcler y\u00fcz birisine verece\u011fimiz en g\u00fczel hediyedir? Edebiyat ne i\u015fe yarar? Armut de\u011fil yiyesin, \u015ferbet de\u011fil i\u00e7esin. Bu kitap, \u00e7ocuklar\u0131n kendisine y\u00f6neltti\u011fi ilgin\u00e7 sorulara E\u011fitimci Yazar Tu\u011fba Co\u015fkuner\u2019in verdi\u011fi baz\u0131 cevaplardan olu\u015fuyor. 9 ya\u015f ve \u00fczeri herkes i\u00e7in\u2026<\/p>\n","protected":false},"excerpt":{"rendered":"<p>Mutlu olmak i\u00e7in toplam ka\u00e7 para gerekiyor? Ne zaman \u00f6lece\u011fimizi bilseydik d\u00fcnyadaki t\u00fcm k\u00f6t\u00fcl\u00fckler bitmez miydi? Bug\u00fcn kullanmad\u0131\u011f\u0131m zamanlar\u0131 sonraki g\u00fcnlere nas\u0131l saklar\u0131m? Hayallerimin pe\u015finden ko\u015fmaktan<span class=\"excerpt-hellip\"> [\u2026]<\/span><\/p>\n","protected":false},"featured_media":0,"template":"","meta":{"_monsterinsights_skip_tracking":false,"_monsterinsights_sitenote_active":false,"_monsterinsights_sitenote_note":"","_monsterinsights_sitenote_category":0},"product_brand":[],"product_cat":[12274,12284],"product_tag":[],"class_list":{"0":"post-762087","1":"product","2":"type-product","3":"status-publish","5":"product_cat-cocuk-ve-genclik-kitaplari","6":"product_cat-hikayeler","7":"pa_cilt-ciltsiz","8":"pa_tur-kitap","9":"pa_yayinevi-albaraka-yayinlari","10":"pa_yazar-tugba-coskuner","12":"first","13":"instock","14":"sale","15":"shipping-taxable","16":"purchasable","17":"product-type-simple"},"_links":{"self":[{"href":"https:\/\/roveyayinevi.com.tr\/index.php\/wp-json\/wp\/v2\/product\/762087","targetHints":{"allow":["GET"]}}],"collection":[{"href":"https:\/\/roveyayinevi.com.tr\/index.php\/wp-json\/wp\/v2\/product"}],"about":[{"href":"https:\/\/roveyayinevi.com.tr\/index.php\/wp-json\/wp\/v2\/types\/product"}],"wp:attachment":[{"href":"https:\/\/roveyayinevi.com.tr\/index.php\/wp-json\/wp\/v2\/media?parent=762087"}],"wp:term":[{"taxonomy":"product_brand","embeddable":true,"href":"https:\/\/roveyayinevi.com.tr\/index.php\/wp-json\/wp\/v2\/product_brand?post=762087"},{"taxonomy":"product_cat","embeddable":true,"href":"https:\/\/roveyayinevi.com.tr\/index.php\/wp-json\/wp\/v2\/product_cat?post=762087"},{"taxonomy":"product_tag","embeddable":true,"href":"https:\/\/roveyayinevi.com.tr\/index.php\/wp-json\/wp\/v2\/product_tag?post=762087"}],"curies":[{"name":"wp","href":"https:\/\/api.w.org\/{rel}","templated":true}]}}