{"id":762083,"date":"2025-08-28T09:57:32","date_gmt":"2025-08-28T06:57:32","guid":{"rendered":"https:\/\/roveyayinevi.com.tr\/index.php\/urun\/kisa-turkiye-isci-sinifi-tarihi\/"},"modified":"2026-04-15T03:27:10","modified_gmt":"2026-04-15T00:27:10","slug":"kisa-turkiye-isci-sinifi-tarihi","status":"publish","type":"product","link":"https:\/\/roveyayinevi.com.tr\/index.php\/urun\/kisa-turkiye-isci-sinifi-tarihi\/","title":{"rendered":"K\u0131sa T\u00fcrkiye \u0130\u015f\u00e7i S\u0131n\u0131f\u0131 Tarihi"},"content":{"rendered":"<p>T\u00fcrkiye, \u00f6zellikle son 20 y\u0131ll\u0131k d\u00f6nemde, h\u0131zla i\u015f\u00e7ile\u015fen bir toplum yap\u0131s\u0131na sahiptir. T\u00fcrkiye\u2019deki toplumsal ve siyasal geli\u015fmeleri kavrayabilmek ve etkileyebilmek i\u00e7in T\u00fcrkiye i\u015f\u00e7i s\u0131n\u0131f\u0131n\u0131 tan\u0131yabilmek, anlayabilmek, davran\u0131\u015flar\u0131n\u0131 analiz edebilmek gerekir. 1908 Devrimi\u2019nin hemen \u00f6ncesinden Cumhuriyet\u2019in 100. y\u0131l\u0131na kadar olan d\u00f6nemi i\u015f\u00e7i s\u0131n\u0131f\u0131 perspektifinden izlemek, pek \u00e7ok sorunun yan\u0131t\u0131n\u0131 verecektir. Sendikac\u0131l\u0131k hareketinin yurdumuzda geli\u015fimini g\u00fcn\u00fc g\u00fcn\u00fcne izlemek, i\u015f\u00e7i s\u0131n\u0131f\u0131 bilincinin ve kimli\u011finin yerle\u015fmesini g\u00f6zlemlemek, \u00fcretimden gelen g\u00fcc\u00fcn\u00fc kullanan bir kitlenin eylemlili\u011fini kavrayabilmek, ta\u015flar\u0131n yerine oturmas\u0131n\u0131 sa\u011flayacakt\u0131r. Bu kitap kesinlikle bir \u201ci\u015f\u00e7i s\u0131n\u0131f\u0131 g\u00fczellemesi\u201d de\u011fildir. \u0130\u015f\u00e7ilerin baz\u0131 \u00f6rg\u00fctlerini ve eylemlerini \u00f6vme amac\u0131 da ta\u015f\u0131mamaktad\u0131r. Ama\u00e7, i\u015f\u00e7i s\u0131n\u0131f\u0131n\u0131n \u00f6n\u00fcm\u00fczdeki d\u00f6nemde ger\u00e7ekle\u015fmesi \u00f6ng\u00f6r\u00fclen ekonomik, toplumsal ve ekonomik geli\u015fmeler kar\u015f\u0131s\u0131nda olas\u0131 tepkilerini bug\u00fcnden anlamaya \u00e7al\u0131\u015fmakt\u0131r. Ayr\u0131ca \u00e7al\u0131\u015fma ya\u015fam\u0131na ili\u015fkin yasal mevzuat ve kazan\u0131lan haklar\u0131n tarihsel ba\u011flamda u\u011frad\u0131\u011f\u0131 de\u011fi\u015fiklikler de ortaya konularak b\u00fct\u00fcnl\u00fckl\u00fc bir tablo \u00e7izilmi\u015ftir. Anlat\u0131lan bizim, hepimizin hik\u00e2yesidir\u2026 <\/p>\n","protected":false},"excerpt":{"rendered":"<p>T\u00fcrkiye, \u00f6zellikle son 20 y\u0131ll\u0131k d\u00f6nemde, h\u0131zla i\u015f\u00e7ile\u015fen bir toplum yap\u0131s\u0131na sahiptir. T\u00fcrkiye\u2019deki toplumsal ve siyasal geli\u015fmeleri kavrayabilmek ve etkileyebilmek i\u00e7in T\u00fcrkiye i\u015f\u00e7i s\u0131n\u0131f\u0131n\u0131 tan\u0131yabilmek, anlayabilmek,<span class=\"excerpt-hellip\"> [\u2026]<\/span><\/p>\n","protected":false},"featured_media":0,"template":"","meta":{"_monsterinsights_skip_tracking":false,"_monsterinsights_sitenote_active":false,"_monsterinsights_sitenote_note":"","_monsterinsights_sitenote_category":0},"product_brand":[],"product_cat":[13590,12337],"product_tag":[],"class_list":{"0":"post-762083","1":"product","2":"type-product","3":"status-publish","5":"product_cat-arastirma-inceleme-politika-siyaset","6":"product_cat-politika-siyaset","7":"pa_cilt-ciltsiz","8":"pa_tur-kitap","9":"pa_yayinevi-cumhuriyet-kitaplari","10":"pa_yazar-yildirim-koc","12":"first","13":"instock","14":"sale","15":"shipping-taxable","16":"purchasable","17":"product-type-simple"},"_links":{"self":[{"href":"https:\/\/roveyayinevi.com.tr\/index.php\/wp-json\/wp\/v2\/product\/762083","targetHints":{"allow":["GET"]}}],"collection":[{"href":"https:\/\/roveyayinevi.com.tr\/index.php\/wp-json\/wp\/v2\/product"}],"about":[{"href":"https:\/\/roveyayinevi.com.tr\/index.php\/wp-json\/wp\/v2\/types\/product"}],"wp:attachment":[{"href":"https:\/\/roveyayinevi.com.tr\/index.php\/wp-json\/wp\/v2\/media?parent=762083"}],"wp:term":[{"taxonomy":"product_brand","embeddable":true,"href":"https:\/\/roveyayinevi.com.tr\/index.php\/wp-json\/wp\/v2\/product_brand?post=762083"},{"taxonomy":"product_cat","embeddable":true,"href":"https:\/\/roveyayinevi.com.tr\/index.php\/wp-json\/wp\/v2\/product_cat?post=762083"},{"taxonomy":"product_tag","embeddable":true,"href":"https:\/\/roveyayinevi.com.tr\/index.php\/wp-json\/wp\/v2\/product_tag?post=762083"}],"curies":[{"name":"wp","href":"https:\/\/api.w.org\/{rel}","templated":true}]}}