{"id":762081,"date":"2025-08-28T09:57:28","date_gmt":"2025-08-28T06:57:28","guid":{"rendered":"https:\/\/roveyayinevi.com.tr\/index.php\/urun\/uzaydan-gelen-tas\/"},"modified":"2026-04-15T03:27:10","modified_gmt":"2026-04-15T00:27:10","slug":"uzaydan-gelen-tas","status":"publish","type":"product","link":"https:\/\/roveyayinevi.com.tr\/index.php\/urun\/uzaydan-gelen-tas\/","title":{"rendered":"Uzaydan Gelen Ta\u015f"},"content":{"rendered":"<p>\u0130nsanl\u0131\u011f\u0131n uzaya uzanan ya\u015fam yolculu\u011funda yerinizi almaya haz\u0131r m\u0131s\u0131n\u0131z? O zaman siz de kat\u0131l\u0131n uzay dolmu\u015fu T\u0131rt\u0131l\u2019\u0131n yolcular\u0131 aras\u0131na. Bilim ser\u00fcveniniz Sina\u2019n\u0131n dedesinin at\u00f6lyesinden, gizli odas\u0131nda ba\u015flas\u0131n. Hasan Usta\u2019n\u0131n Sina\u2019n\u0131n akl\u0131na ekti\u011fi bilim tohumlar\u0131 nas\u0131l da meyve vermi\u015f g\u00f6receksiniz: ODT\u00dc Ara\u015ft\u0131rma G\u00f6revlisi olan Sina Kuzey, T\u00dcBA Gen\u00e7 Bilim \u0130nsan\u0131 \u00d6d\u00fcl\u00fc olarak paray\u0131 de\u011fil Ay\u2019a gitmeyi se\u00e7iyor. Bu ser\u00fcvende siz de konuk olacaks\u0131n\u0131z uzay-kent D\u00f6nmedolap\u2019a. T\u0131rt\u0131l\u2019\u0131n di\u011fer yolcular\u0131; ay i\u015f\u00e7ileri, turizmci, peder, emlak\u00e7\u0131 ve gazetecinin g\u00f6z\u00fcnden aralayacaks\u0131n\u0131z evrenin kap\u0131lar\u0131n\u0131. D\u00f6nebilecek mi T\u0131rt\u0131l\u2019\u0131n yolcular\u0131 d\u00fcnyaya? <\/p>\n","protected":false},"excerpt":{"rendered":"<p>\u0130nsanl\u0131\u011f\u0131n uzaya uzanan ya\u015fam yolculu\u011funda yerinizi almaya haz\u0131r m\u0131s\u0131n\u0131z? O zaman siz de kat\u0131l\u0131n uzay dolmu\u015fu T\u0131rt\u0131l\u2019\u0131n yolcular\u0131 aras\u0131na. Bilim ser\u00fcveniniz Sina\u2019n\u0131n dedesinin at\u00f6lyesinden, gizli odas\u0131nda<span class=\"excerpt-hellip\"> [\u2026]<\/span><\/p>\n","protected":false},"featured_media":0,"template":"","meta":{"_monsterinsights_skip_tracking":false,"_monsterinsights_sitenote_active":false,"_monsterinsights_sitenote_note":"","_monsterinsights_sitenote_category":0},"product_brand":[],"product_cat":[13829,12274],"product_tag":[],"class_list":{"0":"post-762081","1":"product","2":"type-product","3":"status-publish","5":"product_cat-bilimsel-kitaplar","6":"product_cat-cocuk-ve-genclik-kitaplari","7":"pa_cilt-ciltsiz","8":"pa_tur-kitap","9":"pa_yayinevi-cumhuriyet-kitaplari","10":"pa_yazar-ulkun-tansel","12":"first","13":"instock","14":"sale","15":"shipping-taxable","16":"purchasable","17":"product-type-simple"},"_links":{"self":[{"href":"https:\/\/roveyayinevi.com.tr\/index.php\/wp-json\/wp\/v2\/product\/762081","targetHints":{"allow":["GET"]}}],"collection":[{"href":"https:\/\/roveyayinevi.com.tr\/index.php\/wp-json\/wp\/v2\/product"}],"about":[{"href":"https:\/\/roveyayinevi.com.tr\/index.php\/wp-json\/wp\/v2\/types\/product"}],"wp:attachment":[{"href":"https:\/\/roveyayinevi.com.tr\/index.php\/wp-json\/wp\/v2\/media?parent=762081"}],"wp:term":[{"taxonomy":"product_brand","embeddable":true,"href":"https:\/\/roveyayinevi.com.tr\/index.php\/wp-json\/wp\/v2\/product_brand?post=762081"},{"taxonomy":"product_cat","embeddable":true,"href":"https:\/\/roveyayinevi.com.tr\/index.php\/wp-json\/wp\/v2\/product_cat?post=762081"},{"taxonomy":"product_tag","embeddable":true,"href":"https:\/\/roveyayinevi.com.tr\/index.php\/wp-json\/wp\/v2\/product_tag?post=762081"}],"curies":[{"name":"wp","href":"https:\/\/api.w.org\/{rel}","templated":true}]}}