{"id":762079,"date":"2025-08-28T09:57:25","date_gmt":"2025-08-28T06:57:25","guid":{"rendered":"https:\/\/roveyayinevi.com.tr\/index.php\/urun\/korku-dagi\/"},"modified":"2026-04-15T03:27:10","modified_gmt":"2026-04-15T00:27:10","slug":"korku-dagi","status":"publish","type":"product","link":"https:\/\/roveyayinevi.com.tr\/index.php\/urun\/korku-dagi\/","title":{"rendered":"Korku Da\u011f\u0131"},"content":{"rendered":"<p>Korku Da\u011f\u0131, Junpei Azumi\u2019nin Kaleminden Korku Manga Antolojisi\u2026   Korku, da\u011flar\u0131n sessiz s\u0131rlar\u0131n\u0131 \u00e7\u00f6zmeye cesaret edenler i\u00e7in gizemli bir d\u00fcnya sunar. Da\u011flar\u0131n zirvelerine t\u0131rman\u0131rken, y\u00fcr\u00fcrken ya da sadece onlar\u0131 izlerken, Junpei Azumi\u2019nin karanl\u0131k hayal d\u00fcnyas\u0131na dal\u0131\u015f yapmaya haz\u0131r olun. Bu unutulmaz manga antolojisi, \u00e7e\u015fitli usta manga \u00e7izerleri taraf\u0131ndan ele al\u0131nan da\u011flarda ge\u00e7en esrarengiz hik\u00e2yeleri bize sunuyor.   Her hik\u00e2ye, da\u011flar\u0131n derinliklerinde gizlenen ruhlar\u0131n ve eski lanetlerin perde arkas\u0131n\u0131 a\u00e7\u0131yor. Her sayfada, okurlar, korku ve gerilimle dolu anlardan olu\u015fan bir yolculu\u011fa \u00e7\u0131k\u0131yor. Da\u011flar\u0131n sessizli\u011fi, bu hik\u00e2yelerin her sat\u0131r\u0131nda b\u00fcy\u00fcleyici ve deh\u015fet verici bir \u015fekilde canland\u0131r\u0131l\u0131yor. <\/p>\n","protected":false},"excerpt":{"rendered":"<p>Korku Da\u011f\u0131, Junpei Azumi\u2019nin Kaleminden Korku Manga Antolojisi\u2026 Korku, da\u011flar\u0131n sessiz s\u0131rlar\u0131n\u0131 \u00e7\u00f6zmeye cesaret edenler i\u00e7in gizemli bir d\u00fcnya sunar. Da\u011flar\u0131n zirvelerine t\u0131rman\u0131rken, y\u00fcr\u00fcrken ya da<span class=\"excerpt-hellip\"> [\u2026]<\/span><\/p>\n","protected":false},"featured_media":0,"template":"","meta":{"_monsterinsights_skip_tracking":false,"_monsterinsights_sitenote_active":false,"_monsterinsights_sitenote_note":"","_monsterinsights_sitenote_category":0},"product_brand":[],"product_cat":[12416,12291],"product_tag":[],"class_list":{"0":"post-762079","1":"product","2":"type-product","3":"status-publish","5":"product_cat-cizgi-roman","6":"product_cat-edebiyat","7":"pa_cilt-ciltsiz","8":"pa_tur-kitap","9":"pa_yayinevi-tokyo-manga","10":"pa_yazar-junpei-azumi","12":"first","13":"instock","14":"sale","15":"shipping-taxable","16":"purchasable","17":"product-type-simple"},"_links":{"self":[{"href":"https:\/\/roveyayinevi.com.tr\/index.php\/wp-json\/wp\/v2\/product\/762079","targetHints":{"allow":["GET"]}}],"collection":[{"href":"https:\/\/roveyayinevi.com.tr\/index.php\/wp-json\/wp\/v2\/product"}],"about":[{"href":"https:\/\/roveyayinevi.com.tr\/index.php\/wp-json\/wp\/v2\/types\/product"}],"wp:attachment":[{"href":"https:\/\/roveyayinevi.com.tr\/index.php\/wp-json\/wp\/v2\/media?parent=762079"}],"wp:term":[{"taxonomy":"product_brand","embeddable":true,"href":"https:\/\/roveyayinevi.com.tr\/index.php\/wp-json\/wp\/v2\/product_brand?post=762079"},{"taxonomy":"product_cat","embeddable":true,"href":"https:\/\/roveyayinevi.com.tr\/index.php\/wp-json\/wp\/v2\/product_cat?post=762079"},{"taxonomy":"product_tag","embeddable":true,"href":"https:\/\/roveyayinevi.com.tr\/index.php\/wp-json\/wp\/v2\/product_tag?post=762079"}],"curies":[{"name":"wp","href":"https:\/\/api.w.org\/{rel}","templated":true}]}}