{"id":762078,"date":"2025-08-28T09:57:23","date_gmt":"2025-08-28T06:57:23","guid":{"rendered":"https:\/\/roveyayinevi.com.tr\/index.php\/urun\/beceriksiz-ninja-rantarou-2\/"},"modified":"2026-04-15T03:27:10","modified_gmt":"2026-04-15T00:27:10","slug":"beceriksiz-ninja-rantarou-2","status":"publish","type":"product","link":"https:\/\/roveyayinevi.com.tr\/index.php\/urun\/beceriksiz-ninja-rantarou-2\/","title":{"rendered":"Beceriksiz Ninja Rantarou 2"},"content":{"rendered":"<p>Rantarou, Kirimaru ve Shinbei adl\u0131 acemi ninjalar\u0131m\u0131z bu sefer boylar\u0131ndan b\u00fcy\u00fck i\u015flere kalk\u0131\u015f\u0131yor gibi. Bakal\u0131m parag\u00f6z Kirimaru\u2019nun \u00f6nderli\u011finde kat\u0131ld\u0131klar\u0131 turnuvay\u0131, ninenin intikam\u0131n\u0131 ve daha bir\u00e7ok maceray\u0131 ba\u015flar\u0131na i\u015f a\u00e7madan atlatabilecekler mi? Tabii t\u00fcm bunlarla bo\u011fu\u015furken, dersleri de ihmal etmemeleri laz\u0131m.   <\/p>\n","protected":false},"excerpt":{"rendered":"<p>Rantarou, Kirimaru ve Shinbei adl\u0131 acemi ninjalar\u0131m\u0131z bu sefer boylar\u0131ndan b\u00fcy\u00fck i\u015flere kalk\u0131\u015f\u0131yor gibi. Bakal\u0131m parag\u00f6z Kirimaru\u2019nun \u00f6nderli\u011finde kat\u0131ld\u0131klar\u0131 turnuvay\u0131, ninenin intikam\u0131n\u0131 ve daha bir\u00e7ok maceray\u0131<span class=\"excerpt-hellip\"> [\u2026]<\/span><\/p>\n","protected":false},"featured_media":0,"template":"","meta":{"_monsterinsights_skip_tracking":false,"_monsterinsights_sitenote_active":false,"_monsterinsights_sitenote_note":"","_monsterinsights_sitenote_category":0},"product_brand":[],"product_cat":[12416,12291],"product_tag":[],"class_list":{"0":"post-762078","1":"product","2":"type-product","3":"status-publish","5":"product_cat-cizgi-roman","6":"product_cat-edebiyat","7":"pa_cilt-ciltsiz","8":"pa_tur-kitap","9":"pa_yayinevi-tokyo-manga","10":"pa_yazar-soubee-amako","12":"first","13":"instock","14":"sale","15":"shipping-taxable","16":"purchasable","17":"product-type-simple"},"_links":{"self":[{"href":"https:\/\/roveyayinevi.com.tr\/index.php\/wp-json\/wp\/v2\/product\/762078","targetHints":{"allow":["GET"]}}],"collection":[{"href":"https:\/\/roveyayinevi.com.tr\/index.php\/wp-json\/wp\/v2\/product"}],"about":[{"href":"https:\/\/roveyayinevi.com.tr\/index.php\/wp-json\/wp\/v2\/types\/product"}],"wp:attachment":[{"href":"https:\/\/roveyayinevi.com.tr\/index.php\/wp-json\/wp\/v2\/media?parent=762078"}],"wp:term":[{"taxonomy":"product_brand","embeddable":true,"href":"https:\/\/roveyayinevi.com.tr\/index.php\/wp-json\/wp\/v2\/product_brand?post=762078"},{"taxonomy":"product_cat","embeddable":true,"href":"https:\/\/roveyayinevi.com.tr\/index.php\/wp-json\/wp\/v2\/product_cat?post=762078"},{"taxonomy":"product_tag","embeddable":true,"href":"https:\/\/roveyayinevi.com.tr\/index.php\/wp-json\/wp\/v2\/product_tag?post=762078"}],"curies":[{"name":"wp","href":"https:\/\/api.w.org\/{rel}","templated":true}]}}