{"id":762077,"date":"2025-08-28T09:57:21","date_gmt":"2025-08-28T06:57:21","guid":{"rendered":"https:\/\/roveyayinevi.com.tr\/index.php\/urun\/beceriksiz-ninja-rantarou-1\/"},"modified":"2026-04-15T03:27:10","modified_gmt":"2026-04-15T00:27:10","slug":"beceriksiz-ninja-rantarou-1","status":"publish","type":"product","link":"https:\/\/roveyayinevi.com.tr\/index.php\/urun\/beceriksiz-ninja-rantarou-1\/","title":{"rendered":"Beceriksiz Ninja Rantarou 1"},"content":{"rendered":"<p>Rantarou, Kirimaru ve Shinbei, Ninjutsu Akademisi\u2019ne kat\u0131lmay\u0131 hak kazanm\u0131\u015f acemi ninjalard\u0131r. Bu acemi ninjalar bir yandan okula adapte olmaya, di\u011fer yandan kar\u015f\u0131la\u015ft\u0131klar\u0131 zorluklardan pa\u00e7ay\u0131 kurtarmaya \u00e7al\u0131\u015f\u0131rlar. Doi ve Yamada Hoca, okul m\u00fcd\u00fcr\u00fc, Kuno Birler\u2019deki yaramaz k\u0131z ninjalar ve hatta haydutlar gibi ilgin\u00e7 karakterlerle dolu \u00e7\u0131lg\u0131n \u00fc\u00e7l\u00fcn\u00fcn e\u011flenceli e\u011fitim hayat\u0131na ho\u015f geldiniz! <\/p>\n","protected":false},"excerpt":{"rendered":"<p>Rantarou, Kirimaru ve Shinbei, Ninjutsu Akademisi\u2019ne kat\u0131lmay\u0131 hak kazanm\u0131\u015f acemi ninjalard\u0131r. Bu acemi ninjalar bir yandan okula adapte olmaya, di\u011fer yandan kar\u015f\u0131la\u015ft\u0131klar\u0131 zorluklardan pa\u00e7ay\u0131 kurtarmaya \u00e7al\u0131\u015f\u0131rlar.<span class=\"excerpt-hellip\"> [\u2026]<\/span><\/p>\n","protected":false},"featured_media":0,"template":"","meta":{"_monsterinsights_skip_tracking":false,"_monsterinsights_sitenote_active":false,"_monsterinsights_sitenote_note":"","_monsterinsights_sitenote_category":0},"product_brand":[],"product_cat":[12416,12291],"product_tag":[],"class_list":{"0":"post-762077","1":"product","2":"type-product","3":"status-publish","5":"product_cat-cizgi-roman","6":"product_cat-edebiyat","7":"pa_cilt-ciltsiz","8":"pa_tur-kitap","9":"pa_yayinevi-tokyo-manga","10":"pa_yazar-soubee-amako","12":"first","13":"instock","14":"sale","15":"shipping-taxable","16":"purchasable","17":"product-type-simple"},"_links":{"self":[{"href":"https:\/\/roveyayinevi.com.tr\/index.php\/wp-json\/wp\/v2\/product\/762077","targetHints":{"allow":["GET"]}}],"collection":[{"href":"https:\/\/roveyayinevi.com.tr\/index.php\/wp-json\/wp\/v2\/product"}],"about":[{"href":"https:\/\/roveyayinevi.com.tr\/index.php\/wp-json\/wp\/v2\/types\/product"}],"wp:attachment":[{"href":"https:\/\/roveyayinevi.com.tr\/index.php\/wp-json\/wp\/v2\/media?parent=762077"}],"wp:term":[{"taxonomy":"product_brand","embeddable":true,"href":"https:\/\/roveyayinevi.com.tr\/index.php\/wp-json\/wp\/v2\/product_brand?post=762077"},{"taxonomy":"product_cat","embeddable":true,"href":"https:\/\/roveyayinevi.com.tr\/index.php\/wp-json\/wp\/v2\/product_cat?post=762077"},{"taxonomy":"product_tag","embeddable":true,"href":"https:\/\/roveyayinevi.com.tr\/index.php\/wp-json\/wp\/v2\/product_tag?post=762077"}],"curies":[{"name":"wp","href":"https:\/\/api.w.org\/{rel}","templated":true}]}}