{"id":762076,"date":"2025-08-28T09:57:19","date_gmt":"2025-08-28T06:57:19","guid":{"rendered":"https:\/\/roveyayinevi.com.tr\/index.php\/urun\/bay-leoparin-kitabevi\/"},"modified":"2026-04-15T03:27:10","modified_gmt":"2026-04-15T00:27:10","slug":"bay-leoparin-kitabevi","status":"publish","type":"product","link":"https:\/\/roveyayinevi.com.tr\/index.php\/urun\/bay-leoparin-kitabevi\/","title":{"rendered":"Bay Leopar&#8217;\u0131n Kitabevi"},"content":{"rendered":"<p>Aniden kar\u015f\u0131lar\u0131na bir kitap\u00e7\u0131 \u00e7\u0131kt\u0131.Giri\u015finde lo\u015f bir lambas\u0131,vitrininde ise yan\u0131p s\u00f6nen \u0131\u015f\u0131klar\u0131 vard\u0131.Kiraz i\u00e7eri ad\u0131m att\u0131\u011f\u0131nda\u2026 \u015fa\u015fk\u0131nl\u0131ktan donakald\u0131.   Bay Leopar\u2019\u0131n Kitabevi muhte\u015fem \u015feylerle dolu! Sadece kitaplar de\u011fil, ay\u0131lar, aslanlar, penguenler&#8230; Hatta i\u00e7eride bir balina bile var!   Nas\u0131l m\u0131 olur? \u0130mk\u00e2ns\u0131z m\u0131 dedin? E hadi gel \u00f6yleyse, d\u00fckk\u00e2n\u0131n sahibi Bay Leopar bizzat emrinde, etraf\u0131 g\u00f6stermek i\u00e7in seni bekliyor.   E\u011flence ba\u015flas\u0131n! <\/p>\n","protected":false},"excerpt":{"rendered":"<p>Aniden kar\u015f\u0131lar\u0131na bir kitap\u00e7\u0131 \u00e7\u0131kt\u0131.Giri\u015finde lo\u015f bir lambas\u0131,vitrininde ise yan\u0131p s\u00f6nen \u0131\u015f\u0131klar\u0131 vard\u0131.Kiraz i\u00e7eri ad\u0131m att\u0131\u011f\u0131nda\u2026 \u015fa\u015fk\u0131nl\u0131ktan donakald\u0131. Bay Leopar\u2019\u0131n Kitabevi muhte\u015fem \u015feylerle dolu! Sadece kitaplar<span class=\"excerpt-hellip\"> [\u2026]<\/span><\/p>\n","protected":false},"featured_media":0,"template":"","meta":{"_monsterinsights_skip_tracking":false,"_monsterinsights_sitenote_active":false,"_monsterinsights_sitenote_note":"","_monsterinsights_sitenote_category":0},"product_brand":[],"product_cat":[12274,12518],"product_tag":[],"class_list":{"0":"post-762076","1":"product","2":"type-product","3":"status-publish","5":"product_cat-cocuk-ve-genclik-kitaplari","6":"product_cat-okul-oncesi-kitaplar","7":"pa_cilt-ciltsiz","8":"pa_tur-kitap","9":"pa_yayinevi-domingo-yayinevi","10":"pa_yazar-alexa-brown","12":"first","13":"instock","14":"sale","15":"shipping-taxable","16":"purchasable","17":"product-type-simple"},"_links":{"self":[{"href":"https:\/\/roveyayinevi.com.tr\/index.php\/wp-json\/wp\/v2\/product\/762076","targetHints":{"allow":["GET"]}}],"collection":[{"href":"https:\/\/roveyayinevi.com.tr\/index.php\/wp-json\/wp\/v2\/product"}],"about":[{"href":"https:\/\/roveyayinevi.com.tr\/index.php\/wp-json\/wp\/v2\/types\/product"}],"wp:attachment":[{"href":"https:\/\/roveyayinevi.com.tr\/index.php\/wp-json\/wp\/v2\/media?parent=762076"}],"wp:term":[{"taxonomy":"product_brand","embeddable":true,"href":"https:\/\/roveyayinevi.com.tr\/index.php\/wp-json\/wp\/v2\/product_brand?post=762076"},{"taxonomy":"product_cat","embeddable":true,"href":"https:\/\/roveyayinevi.com.tr\/index.php\/wp-json\/wp\/v2\/product_cat?post=762076"},{"taxonomy":"product_tag","embeddable":true,"href":"https:\/\/roveyayinevi.com.tr\/index.php\/wp-json\/wp\/v2\/product_tag?post=762076"}],"curies":[{"name":"wp","href":"https:\/\/api.w.org\/{rel}","templated":true}]}}