{"id":762074,"date":"2025-08-28T09:57:15","date_gmt":"2025-08-28T06:57:15","guid":{"rendered":"https:\/\/roveyayinevi.com.tr\/index.php\/urun\/girdap-5\/"},"modified":"2026-04-15T03:27:10","modified_gmt":"2026-04-15T00:27:10","slug":"girdap-5","status":"publish","type":"product","link":"https:\/\/roveyayinevi.com.tr\/index.php\/urun\/girdap-5\/","title":{"rendered":"Girdap"},"content":{"rendered":"<p>-Gel lan buraya! -Buyur abi geldim. -Ne yap\u0131yorsun orada? -Hi\u00e7\u00e7, \u00f6ylesine bekliyorum. -\u015eimdi anlar\u0131z ne halt yedi\u011fini. Ver bakiyim kimli\u011fini. -Buyur abi bakabilirsin, tertemiz. T\u00fcm mahkemelerimi takip ediyorum. -Peki sana bir\u015fey soraca\u011f\u0131m. Ben sana kimli\u011fimi g\u00f6stermedim, sen benim polis oldu\u011fumu nereden anlad\u0131n? -Abi bu saatte benimle hangi manyak u\u011fra\u015f\u0131r! <\/p>\n","protected":false},"excerpt":{"rendered":"<p>-Gel lan buraya! -Buyur abi geldim. -Ne yap\u0131yorsun orada? -Hi\u00e7\u00e7, \u00f6ylesine bekliyorum. -\u015eimdi anlar\u0131z ne halt yedi\u011fini. Ver bakiyim kimli\u011fini. -Buyur abi bakabilirsin, tertemiz. T\u00fcm mahkemelerimi<span class=\"excerpt-hellip\"> [\u2026]<\/span><\/p>\n","protected":false},"featured_media":0,"template":"","meta":{"_monsterinsights_skip_tracking":false,"_monsterinsights_sitenote_active":false,"_monsterinsights_sitenote_note":"","_monsterinsights_sitenote_category":0},"product_brand":[],"product_cat":[12291,12711],"product_tag":[],"class_list":{"0":"post-762074","1":"product","2":"type-product","3":"status-publish","5":"product_cat-edebiyat","6":"product_cat-roman-oyku","7":"pa_cilt-ciltsiz","8":"pa_tur-kitap","9":"pa_yayinevi-fa-yayinlari","10":"pa_yazar-gurkan-karahan","12":"first","13":"instock","14":"sale","15":"shipping-taxable","16":"purchasable","17":"product-type-simple"},"_links":{"self":[{"href":"https:\/\/roveyayinevi.com.tr\/index.php\/wp-json\/wp\/v2\/product\/762074","targetHints":{"allow":["GET"]}}],"collection":[{"href":"https:\/\/roveyayinevi.com.tr\/index.php\/wp-json\/wp\/v2\/product"}],"about":[{"href":"https:\/\/roveyayinevi.com.tr\/index.php\/wp-json\/wp\/v2\/types\/product"}],"wp:attachment":[{"href":"https:\/\/roveyayinevi.com.tr\/index.php\/wp-json\/wp\/v2\/media?parent=762074"}],"wp:term":[{"taxonomy":"product_brand","embeddable":true,"href":"https:\/\/roveyayinevi.com.tr\/index.php\/wp-json\/wp\/v2\/product_brand?post=762074"},{"taxonomy":"product_cat","embeddable":true,"href":"https:\/\/roveyayinevi.com.tr\/index.php\/wp-json\/wp\/v2\/product_cat?post=762074"},{"taxonomy":"product_tag","embeddable":true,"href":"https:\/\/roveyayinevi.com.tr\/index.php\/wp-json\/wp\/v2\/product_tag?post=762074"}],"curies":[{"name":"wp","href":"https:\/\/api.w.org\/{rel}","templated":true}]}}