{"id":762072,"date":"2025-08-28T09:57:12","date_gmt":"2025-08-28T06:57:12","guid":{"rendered":"https:\/\/roveyayinevi.com.tr\/index.php\/urun\/klasik-mitler\/"},"modified":"2026-04-15T03:27:10","modified_gmt":"2026-04-15T00:27:10","slug":"klasik-mitler","status":"publish","type":"product","link":"https:\/\/roveyayinevi.com.tr\/index.php\/urun\/klasik-mitler\/","title":{"rendered":"Klasik Mitler"},"content":{"rendered":"<p>Y\u0131llar, y\u0131llar \u00f6nce do\u011fada bulunan her \u015feyin bir efsanesi vard\u0131. G\u00fcne\u015fin, ay\u0131n, y\u0131ld\u0131z\u0131n, r\u00fczgar\u0131n, sular\u0131n\u2026 Hatta gezegenler hakk\u0131nda bile ilgin\u00e7 efsaneler vard\u0131. Bu efsaneler dilden dile aktar\u0131larak o d\u00f6nemin insan\u0131na g\u00f6re uyumland\u0131. Bildi\u011finiz t\u00fcm efsaneleri unutun, bu kitap sizi farkl\u0131 alemlere g\u00f6t\u00fcrecek kadar \u015fa\u015f\u0131rt\u0131c\u0131 ve e\u011fitici bilgiler ta\u015f\u0131yor.             Mary Catherine Judd taraf\u0131ndan d\u00fczenlenmi\u015f bu kitap, do\u011fan\u0131n mucizelerini ve ufac\u0131k bir yapra\u011f\u0131n bile b\u00fcy\u00fcleyicili\u011fini anlatmay\u0131 ama\u00e7lam\u0131\u015ft\u0131r. Ayr\u0131ca k\u00fc\u00e7\u00fck ya\u015ftaki \u00e7ocuklar\u0131n, do\u011fa korkusunu yenmesini ve do\u011fayla b\u00fct\u00fcnle\u015fmesini ama\u00e7lar. E\u011fer evreni anlamak isterseniz, bu kitap tam size g\u00f6re. Bu kitap size \u015fu sorular\u0131n cevaplar\u0131n\u0131 dolayl\u0131 yoldan verecek: Geceleri ay\u0131n yak\u0131n\u0131nda g\u00f6rd\u00fc\u011f\u00fcm\u00fcz o b\u00fcy\u00fck, parlak y\u0131ld\u0131z\u0131n anlam\u0131 nedir? Ak\u015famy\u0131ld\u0131z\u0131 nedir? B\u00fcy\u00fckay\u0131 nedir? \u00c7ar\u015famba, Per\u015fembe, Cuma g\u00fcnlerinin isimleri nereden geliyor? Ate\u015f yery\u00fcz\u00fcne nas\u0131l geldi? <\/p>\n","protected":false},"excerpt":{"rendered":"<p>Y\u0131llar, y\u0131llar \u00f6nce do\u011fada bulunan her \u015feyin bir efsanesi vard\u0131. G\u00fcne\u015fin, ay\u0131n, y\u0131ld\u0131z\u0131n, r\u00fczgar\u0131n, sular\u0131n\u2026 Hatta gezegenler hakk\u0131nda bile ilgin\u00e7 efsaneler vard\u0131. Bu efsaneler dilden dile<span class=\"excerpt-hellip\"> [\u2026]<\/span><\/p>\n","protected":false},"featured_media":0,"template":"","meta":{"_monsterinsights_skip_tracking":false,"_monsterinsights_sitenote_active":false,"_monsterinsights_sitenote_note":"","_monsterinsights_sitenote_category":0},"product_brand":[],"product_cat":[12718,12858],"product_tag":[],"class_list":{"0":"post-762072","1":"product","2":"type-product","3":"status-publish","5":"product_cat-din","6":"product_cat-mitolojiler","7":"pa_cilt-ciltsiz","8":"pa_tur-kitap","9":"pa_yayinevi-fa-yayinlari","10":"pa_yazar-mary-catherine-judd","12":"first","13":"instock","14":"sale","15":"shipping-taxable","16":"purchasable","17":"product-type-simple"},"_links":{"self":[{"href":"https:\/\/roveyayinevi.com.tr\/index.php\/wp-json\/wp\/v2\/product\/762072","targetHints":{"allow":["GET"]}}],"collection":[{"href":"https:\/\/roveyayinevi.com.tr\/index.php\/wp-json\/wp\/v2\/product"}],"about":[{"href":"https:\/\/roveyayinevi.com.tr\/index.php\/wp-json\/wp\/v2\/types\/product"}],"wp:attachment":[{"href":"https:\/\/roveyayinevi.com.tr\/index.php\/wp-json\/wp\/v2\/media?parent=762072"}],"wp:term":[{"taxonomy":"product_brand","embeddable":true,"href":"https:\/\/roveyayinevi.com.tr\/index.php\/wp-json\/wp\/v2\/product_brand?post=762072"},{"taxonomy":"product_cat","embeddable":true,"href":"https:\/\/roveyayinevi.com.tr\/index.php\/wp-json\/wp\/v2\/product_cat?post=762072"},{"taxonomy":"product_tag","embeddable":true,"href":"https:\/\/roveyayinevi.com.tr\/index.php\/wp-json\/wp\/v2\/product_tag?post=762072"}],"curies":[{"name":"wp","href":"https:\/\/api.w.org\/{rel}","templated":true}]}}