{"id":762071,"date":"2025-08-28T09:57:10","date_gmt":"2025-08-28T06:57:10","guid":{"rendered":"https:\/\/roveyayinevi.com.tr\/index.php\/urun\/kayip-kita-munun-cocuklari-2\/"},"modified":"2026-04-15T03:27:10","modified_gmt":"2026-04-15T00:27:10","slug":"kayip-kita-munun-cocuklari-2","status":"publish","type":"product","link":"https:\/\/roveyayinevi.com.tr\/index.php\/urun\/kayip-kita-munun-cocuklari-2\/","title":{"rendered":"Kay\u0131p K\u0131ta Mu\u2019nun \u00c7ocuklar\u0131"},"content":{"rendered":"<p>B\u00fcy\u00fck bir k\u0131ta, on binlerce y\u0131l \u00f6nce, \u015fiddetli depremler sonucu parampar\u00e7a oldu. Pasifik sular\u0131, k\u0131tay\u0131 b\u00fcy\u00fck bir mezarl\u0131\u011fa \u00e7evirdi. Ancak kal\u0131nt\u0131lar hala bizim onlar\u0131 ke\u015ffetmemizi bekliyordu. James Churchward taraf\u0131ndan, Kay\u0131p K\u0131ta Mu\u2019yu takiben yaz\u0131lan bu kitap, Mu k\u0131tas\u0131n\u0131n g\u00f6\u00e7men \u00e7ocuklar\u0131 Mayalar ve insan k\u00f6keni hakk\u0131nda bir\u00e7ok bilgi sunuyor. Olaylar\u0131 t\u00fcm cepheleriyle ele al\u0131rken yaz\u0131tlar, ta\u015f tabletler ve di\u011fer kal\u0131nt\u0131lar da detaylar\u0131yla inceleniyor. Antik \u00c7a\u011f\u2019\u0131n muhte\u015fem \u00f6yk\u00fcs\u00fc, sizi o d\u00f6nemlere g\u00f6t\u00fcrecek ve bu gizemli k\u0131ta Mu hakk\u0131nda \u015fa\u015f\u0131raca\u011f\u0131n\u0131z bilgilere ula\u015ft\u0131racak. <\/p>\n","protected":false},"excerpt":{"rendered":"<p>B\u00fcy\u00fck bir k\u0131ta, on binlerce y\u0131l \u00f6nce, \u015fiddetli depremler sonucu parampar\u00e7a oldu. Pasifik sular\u0131, k\u0131tay\u0131 b\u00fcy\u00fck bir mezarl\u0131\u011fa \u00e7evirdi. Ancak kal\u0131nt\u0131lar hala bizim onlar\u0131 ke\u015ffetmemizi bekliyordu.<span class=\"excerpt-hellip\"> [\u2026]<\/span><\/p>\n","protected":false},"featured_media":0,"template":"","meta":{"_monsterinsights_skip_tracking":false,"_monsterinsights_sitenote_active":false,"_monsterinsights_sitenote_note":"","_monsterinsights_sitenote_category":0},"product_brand":[],"product_cat":[12291,12711],"product_tag":[],"class_list":{"0":"post-762071","1":"product","2":"type-product","3":"status-publish","5":"product_cat-edebiyat","6":"product_cat-roman-oyku","7":"pa_cilt-ciltsiz","8":"pa_tur-kitap","9":"pa_yayinevi-fa-yayinlari","10":"pa_yazar-james-churchward","12":"first","13":"instock","14":"sale","15":"shipping-taxable","16":"purchasable","17":"product-type-simple"},"_links":{"self":[{"href":"https:\/\/roveyayinevi.com.tr\/index.php\/wp-json\/wp\/v2\/product\/762071","targetHints":{"allow":["GET"]}}],"collection":[{"href":"https:\/\/roveyayinevi.com.tr\/index.php\/wp-json\/wp\/v2\/product"}],"about":[{"href":"https:\/\/roveyayinevi.com.tr\/index.php\/wp-json\/wp\/v2\/types\/product"}],"wp:attachment":[{"href":"https:\/\/roveyayinevi.com.tr\/index.php\/wp-json\/wp\/v2\/media?parent=762071"}],"wp:term":[{"taxonomy":"product_brand","embeddable":true,"href":"https:\/\/roveyayinevi.com.tr\/index.php\/wp-json\/wp\/v2\/product_brand?post=762071"},{"taxonomy":"product_cat","embeddable":true,"href":"https:\/\/roveyayinevi.com.tr\/index.php\/wp-json\/wp\/v2\/product_cat?post=762071"},{"taxonomy":"product_tag","embeddable":true,"href":"https:\/\/roveyayinevi.com.tr\/index.php\/wp-json\/wp\/v2\/product_tag?post=762071"}],"curies":[{"name":"wp","href":"https:\/\/api.w.org\/{rel}","templated":true}]}}