{"id":762070,"date":"2025-08-28T09:57:08","date_gmt":"2025-08-28T06:57:08","guid":{"rendered":"https:\/\/roveyayinevi.com.tr\/index.php\/urun\/psikoloji\/"},"modified":"2026-04-15T03:27:10","modified_gmt":"2026-04-15T00:27:10","slug":"psikoloji","status":"publish","type":"product","link":"https:\/\/roveyayinevi.com.tr\/index.php\/urun\/psikoloji\/","title":{"rendered":"Psikoloji"},"content":{"rendered":"<p>Ruhunu ne al\u0131r da vurur yerden yere? ruhun yerdeyken bedenin durabilir mi ayakta? bir an\u0131n di\u011ferine uyar m\u0131? Kalkabilir misin d\u00fc\u015ft\u00fc\u011f\u00fcn yerden? \u015eair, bu kitapta bu anlardaki ruh halini, k\u0131sa k\u0131sa m\u0131sralarda tam da o anki durumuyla dile getirmi\u015f. Cesaret i\u015fidir bu! \u00e7\u0131km\u0131\u015f m\u0131 i\u015fin i\u00e7inden, kald\u0131rm\u0131\u015f m\u0131 ruhunu d\u00fc\u015ft\u00fc\u011f\u00fc yerden? Ruh yolcusu olan her insana \u0131\u015f\u0131k olmas\u0131 dilekleriyle&#8230; <\/p>\n","protected":false},"excerpt":{"rendered":"<p>Ruhunu ne al\u0131r da vurur yerden yere? ruhun yerdeyken bedenin durabilir mi ayakta? bir an\u0131n di\u011ferine uyar m\u0131? Kalkabilir misin d\u00fc\u015ft\u00fc\u011f\u00fcn yerden? \u015eair, bu kitapta bu<span class=\"excerpt-hellip\"> [\u2026]<\/span><\/p>\n","protected":false},"featured_media":0,"template":"","meta":{"_monsterinsights_skip_tracking":false,"_monsterinsights_sitenote_active":false,"_monsterinsights_sitenote_note":"","_monsterinsights_sitenote_category":0},"product_brand":[],"product_cat":[12291,12509],"product_tag":[],"class_list":{"0":"post-762070","1":"product","2":"type-product","3":"status-publish","5":"product_cat-edebiyat","6":"product_cat-siir","7":"pa_cilt-ciltsiz","8":"pa_tur-kitap","9":"pa_yayinevi-fa-yayinlari","10":"pa_yazar-muhammed-rasit-adiguzel","12":"first","13":"instock","14":"sale","15":"shipping-taxable","16":"purchasable","17":"product-type-simple"},"_links":{"self":[{"href":"https:\/\/roveyayinevi.com.tr\/index.php\/wp-json\/wp\/v2\/product\/762070","targetHints":{"allow":["GET"]}}],"collection":[{"href":"https:\/\/roveyayinevi.com.tr\/index.php\/wp-json\/wp\/v2\/product"}],"about":[{"href":"https:\/\/roveyayinevi.com.tr\/index.php\/wp-json\/wp\/v2\/types\/product"}],"wp:attachment":[{"href":"https:\/\/roveyayinevi.com.tr\/index.php\/wp-json\/wp\/v2\/media?parent=762070"}],"wp:term":[{"taxonomy":"product_brand","embeddable":true,"href":"https:\/\/roveyayinevi.com.tr\/index.php\/wp-json\/wp\/v2\/product_brand?post=762070"},{"taxonomy":"product_cat","embeddable":true,"href":"https:\/\/roveyayinevi.com.tr\/index.php\/wp-json\/wp\/v2\/product_cat?post=762070"},{"taxonomy":"product_tag","embeddable":true,"href":"https:\/\/roveyayinevi.com.tr\/index.php\/wp-json\/wp\/v2\/product_tag?post=762070"}],"curies":[{"name":"wp","href":"https:\/\/api.w.org\/{rel}","templated":true}]}}