{"id":762069,"date":"2025-08-28T09:57:06","date_gmt":"2025-08-28T06:57:06","guid":{"rendered":"https:\/\/roveyayinevi.com.tr\/index.php\/urun\/2084-melezler-adasi\/"},"modified":"2026-04-15T03:27:10","modified_gmt":"2026-04-15T00:27:10","slug":"2084-melezler-adasi","status":"publish","type":"product","link":"https:\/\/roveyayinevi.com.tr\/index.php\/urun\/2084-melezler-adasi\/","title":{"rendered":"2084 Melezler Adas\u0131"},"content":{"rendered":"<p>\u0130nsan n\u00fcfusunun h\u0131zla azald\u0131\u011f\u0131 bir zamanda Stalin\u2019in kay\u0131p kitab\u0131 bulunur ve insan-maymun kar\u0131\u015f\u0131m\u0131 bir t\u00fcr var edilir. Sa\u011fl\u0131k, i\u015f g\u00fcc\u00fc, teknoloji ve sava\u015f sekt\u00f6rlerinde kusursuz hizmet i\u00e7in var edilen \u0130nmalarda beklenmedik g\u00fc\u00e7ler tespit edilir. Telepati ve telekinezi g\u00fc\u00e7leri olan bu varl\u0131klar, insan \u0131rk\u0131ndan daha \u00fcst\u00fcn olduklar\u0131n\u0131 d\u00fc\u015f\u00fcn\u00fcp Ba\u011f\u0131ms\u0131zl\u0131k Sava\u015f\u0131 i\u00e7in plan yaparlar. \u0130nma lideri \u015ei ve karde\u015fi Formor, bir yandan insanl\u0131\u011fa kar\u015f\u0131 sava\u015f verirken di\u011fer yandan kendi aralar\u0131ndaki liderlik sava\u015f\u0131n\u0131n sorunlar\u0131n\u0131 \u00e7\u00f6zmeye \u00e7al\u0131\u015f\u0131rlar. \u00dcst\u00fcn \u0131rklar sava\u015f\u0131n\u0131n galibini ve ma\u011flubunu okurken nefeslerinizi tutacaks\u0131n\u0131z. <\/p>\n","protected":false},"excerpt":{"rendered":"<p>\u0130nsan n\u00fcfusunun h\u0131zla azald\u0131\u011f\u0131 bir zamanda Stalin\u2019in kay\u0131p kitab\u0131 bulunur ve insan-maymun kar\u0131\u015f\u0131m\u0131 bir t\u00fcr var edilir. Sa\u011fl\u0131k, i\u015f g\u00fcc\u00fc, teknoloji ve sava\u015f sekt\u00f6rlerinde kusursuz hizmet<span class=\"excerpt-hellip\"> [\u2026]<\/span><\/p>\n","protected":false},"featured_media":0,"template":"","meta":{"_monsterinsights_skip_tracking":false,"_monsterinsights_sitenote_active":false,"_monsterinsights_sitenote_note":"","_monsterinsights_sitenote_category":0},"product_brand":[],"product_cat":[12291,12711],"product_tag":[],"class_list":{"0":"post-762069","1":"product","2":"type-product","3":"status-publish","5":"product_cat-edebiyat","6":"product_cat-roman-oyku","7":"pa_cilt-ciltsiz","8":"pa_tur-kitap","9":"pa_yayinevi-fa-yayinlari","10":"pa_yazar-erkan-aksu","12":"first","13":"instock","14":"sale","15":"shipping-taxable","16":"purchasable","17":"product-type-simple"},"_links":{"self":[{"href":"https:\/\/roveyayinevi.com.tr\/index.php\/wp-json\/wp\/v2\/product\/762069","targetHints":{"allow":["GET"]}}],"collection":[{"href":"https:\/\/roveyayinevi.com.tr\/index.php\/wp-json\/wp\/v2\/product"}],"about":[{"href":"https:\/\/roveyayinevi.com.tr\/index.php\/wp-json\/wp\/v2\/types\/product"}],"wp:attachment":[{"href":"https:\/\/roveyayinevi.com.tr\/index.php\/wp-json\/wp\/v2\/media?parent=762069"}],"wp:term":[{"taxonomy":"product_brand","embeddable":true,"href":"https:\/\/roveyayinevi.com.tr\/index.php\/wp-json\/wp\/v2\/product_brand?post=762069"},{"taxonomy":"product_cat","embeddable":true,"href":"https:\/\/roveyayinevi.com.tr\/index.php\/wp-json\/wp\/v2\/product_cat?post=762069"},{"taxonomy":"product_tag","embeddable":true,"href":"https:\/\/roveyayinevi.com.tr\/index.php\/wp-json\/wp\/v2\/product_tag?post=762069"}],"curies":[{"name":"wp","href":"https:\/\/api.w.org\/{rel}","templated":true}]}}