{"id":762068,"date":"2025-08-28T09:57:04","date_gmt":"2025-08-28T06:57:04","guid":{"rendered":"https:\/\/roveyayinevi.com.tr\/index.php\/urun\/kayip-ruhlar-lisesi\/"},"modified":"2025-12-30T11:25:57","modified_gmt":"2025-12-30T08:25:57","slug":"kayip-ruhlar-lisesi","status":"publish","type":"product","link":"https:\/\/roveyayinevi.com.tr\/index.php\/urun\/kayip-ruhlar-lisesi\/","title":{"rendered":"Kay\u0131p Ruhlar Lisesi"},"content":{"rendered":"<p>Kay\u0131p Ruhlar Lisesi; sadist, mazo\u015fist, psikopat ve kimsesiz \u00e7ocuklar\u0131n gizli bir \u00f6rg\u00fct taraf\u0131ndan \u00f6zel olarak yeti\u015ftirildi\u011fi gizemli bir okuldur. Bu okulda ge\u00e7tikleri zorlu s\u0131nav ve testlerden ba\u015far\u0131yla \u00e7\u0131karak rehabilite edilenler devlet kurumlar\u0131na yerle\u015ftirilirken di\u011ferleri, devletin karanl\u0131k y\u00fcz\u00fc olurlar. Bir ama\u00e7 u\u011fruna i\u015flenen cinayetler&#8230; Cesetlerin \u00fczerine b\u0131rak\u0131lan k\u0131rm\u0131z\u0131 eldivenler&#8230; Bu gizemli okulun kap\u0131s\u0131ndan girmeye karar verdiyseniz korkular\u0131n\u0131zla y\u00fczle\u015fmeye haz\u0131rs\u0131n\u0131z demektir. <\/p>\n","protected":false},"excerpt":{"rendered":"<p>Kay\u0131p Ruhlar Lisesi; sadist, mazo\u015fist, psikopat ve kimsesiz \u00e7ocuklar\u0131n gizli bir \u00f6rg\u00fct taraf\u0131ndan \u00f6zel olarak yeti\u015ftirildi\u011fi gizemli bir okuldur. Bu okulda ge\u00e7tikleri zorlu s\u0131nav ve testlerden<span class=\"excerpt-hellip\"> [\u2026]<\/span><\/p>\n","protected":false},"featured_media":0,"template":"","meta":{"_monsterinsights_skip_tracking":false,"_monsterinsights_sitenote_active":false,"_monsterinsights_sitenote_note":"","_monsterinsights_sitenote_category":0},"product_brand":[],"product_cat":[12291,12711],"product_tag":[],"class_list":{"0":"post-762068","1":"product","2":"type-product","3":"status-publish","5":"product_cat-edebiyat","6":"product_cat-roman-oyku","7":"pa_cilt-ciltsiz","8":"pa_tur-kitap","9":"pa_yayinevi-fa-yayinlari","10":"pa_yazar-erkan-aksu","12":"first","13":"instock","14":"sale","15":"shipping-taxable","16":"purchasable","17":"product-type-simple"},"_links":{"self":[{"href":"https:\/\/roveyayinevi.com.tr\/index.php\/wp-json\/wp\/v2\/product\/762068","targetHints":{"allow":["GET"]}}],"collection":[{"href":"https:\/\/roveyayinevi.com.tr\/index.php\/wp-json\/wp\/v2\/product"}],"about":[{"href":"https:\/\/roveyayinevi.com.tr\/index.php\/wp-json\/wp\/v2\/types\/product"}],"wp:attachment":[{"href":"https:\/\/roveyayinevi.com.tr\/index.php\/wp-json\/wp\/v2\/media?parent=762068"}],"wp:term":[{"taxonomy":"product_brand","embeddable":true,"href":"https:\/\/roveyayinevi.com.tr\/index.php\/wp-json\/wp\/v2\/product_brand?post=762068"},{"taxonomy":"product_cat","embeddable":true,"href":"https:\/\/roveyayinevi.com.tr\/index.php\/wp-json\/wp\/v2\/product_cat?post=762068"},{"taxonomy":"product_tag","embeddable":true,"href":"https:\/\/roveyayinevi.com.tr\/index.php\/wp-json\/wp\/v2\/product_tag?post=762068"}],"curies":[{"name":"wp","href":"https:\/\/api.w.org\/{rel}","templated":true}]}}