{"id":762067,"date":"2025-08-28T09:57:02","date_gmt":"2025-08-28T06:57:02","guid":{"rendered":"https:\/\/roveyayinevi.com.tr\/index.php\/urun\/2104-ruhsuz-bedenler-diyari\/"},"modified":"2026-04-15T03:27:10","modified_gmt":"2026-04-15T00:27:10","slug":"2104-ruhsuz-bedenler-diyari","status":"publish","type":"product","link":"https:\/\/roveyayinevi.com.tr\/index.php\/urun\/2104-ruhsuz-bedenler-diyari\/","title":{"rendered":"2104 Ruhsuz Bedenler Diyar\u0131"},"content":{"rendered":"<p>\u00dcst\u00fcn \u0131rklar\u0131n Ba\u011f\u0131ms\u0131zl\u0131k Sava\u015f\u0131, d\u00fcnyan\u0131n b\u00fcy\u00fck k\u0131sm\u0131n\u0131 ya\u015fanmaz hale getirir ve insanl\u0131\u011f\u0131n y\u00fczde doksan\u0131 yok olur. \u0130nsanl\u0131k, art\u0131k az\u0131nl\u0131kt\u0131r. B\u00fcy\u00fck sava\u015f, beraberinde a\u00e7l\u0131\u011f\u0131 ve k\u0131tl\u0131\u011f\u0131 getirmi\u015f, ayn\u0131 zamanda \u00f6l\u00fcmle ya\u015fam aras\u0131nda s\u0131k\u0131\u015fm\u0131\u015f yeni bir t\u00fcr\u00fcn var olmas\u0131na sebep olmu\u015ftur. Ruhsuz Gezenler ad\u0131 verilen bu t\u00fcr; \u00f6lmeyi becerememi\u015f, insani \u00f6zelliklerden tamamen s\u0131yr\u0131lm\u0131\u015f bir t\u00fcrd\u00fcr. B\u00fcy\u00fck sava\u015f\u0131n sonras\u0131nda yaln\u0131z ba\u015f\u0131na gezen, s\u00fcper g\u00fc\u00e7lere sahip k\u00fc\u00e7\u00fck bir k\u0131z ve yollar\u0131 tesad\u00fcfen \u00e7ak\u0131\u015fan bir Avc\u0131. S\u00fcper g\u00fc\u00e7lere sahip olan Tarya ve Avc\u0131\u2019n\u0131n \u00e7\u0131kt\u0131\u011f\u0131 macerada iyi ve k\u00f6t\u00fcn\u00fcn, Ruhsuz Gezenler ve hala insan kalmay\u0131 ba\u015faranlar\u0131n sava\u015f\u0131 ya yeni do\u011fu\u015fa ya da tamamen bir yok olu\u015fa sebep olacak. <\/p>\n","protected":false},"excerpt":{"rendered":"<p>\u00dcst\u00fcn \u0131rklar\u0131n Ba\u011f\u0131ms\u0131zl\u0131k Sava\u015f\u0131, d\u00fcnyan\u0131n b\u00fcy\u00fck k\u0131sm\u0131n\u0131 ya\u015fanmaz hale getirir ve insanl\u0131\u011f\u0131n y\u00fczde doksan\u0131 yok olur. \u0130nsanl\u0131k, art\u0131k az\u0131nl\u0131kt\u0131r. B\u00fcy\u00fck sava\u015f, beraberinde a\u00e7l\u0131\u011f\u0131 ve k\u0131tl\u0131\u011f\u0131 getirmi\u015f,<span class=\"excerpt-hellip\"> [\u2026]<\/span><\/p>\n","protected":false},"featured_media":0,"template":"","meta":{"_monsterinsights_skip_tracking":false,"_monsterinsights_sitenote_active":false,"_monsterinsights_sitenote_note":"","_monsterinsights_sitenote_category":0},"product_brand":[],"product_cat":[12291,12711],"product_tag":[],"class_list":{"0":"post-762067","1":"product","2":"type-product","3":"status-publish","5":"product_cat-edebiyat","6":"product_cat-roman-oyku","7":"pa_cilt-ciltsiz","8":"pa_tur-kitap","9":"pa_yayinevi-fa-yayinlari","10":"pa_yazar-erkan-aksu","12":"first","13":"instock","14":"sale","15":"shipping-taxable","16":"purchasable","17":"product-type-simple"},"_links":{"self":[{"href":"https:\/\/roveyayinevi.com.tr\/index.php\/wp-json\/wp\/v2\/product\/762067","targetHints":{"allow":["GET"]}}],"collection":[{"href":"https:\/\/roveyayinevi.com.tr\/index.php\/wp-json\/wp\/v2\/product"}],"about":[{"href":"https:\/\/roveyayinevi.com.tr\/index.php\/wp-json\/wp\/v2\/types\/product"}],"wp:attachment":[{"href":"https:\/\/roveyayinevi.com.tr\/index.php\/wp-json\/wp\/v2\/media?parent=762067"}],"wp:term":[{"taxonomy":"product_brand","embeddable":true,"href":"https:\/\/roveyayinevi.com.tr\/index.php\/wp-json\/wp\/v2\/product_brand?post=762067"},{"taxonomy":"product_cat","embeddable":true,"href":"https:\/\/roveyayinevi.com.tr\/index.php\/wp-json\/wp\/v2\/product_cat?post=762067"},{"taxonomy":"product_tag","embeddable":true,"href":"https:\/\/roveyayinevi.com.tr\/index.php\/wp-json\/wp\/v2\/product_tag?post=762067"}],"curies":[{"name":"wp","href":"https:\/\/api.w.org\/{rel}","templated":true}]}}